{"id":1043,"date":"2017-09-29T05:47:38","date_gmt":"2017-09-29T08:47:38","guid":{"rendered":"http:\/\/nyemba.unilab.edu.br\/?page_id=1043"},"modified":"2021-02-06T23:19:59","modified_gmt":"2021-02-07T02:19:59","slug":"revitalizacao-memoria-e-tradicao","status":"publish","type":"page","link":"https:\/\/nyemba.unilab.edu.br\/index.php\/extensao\/revitalizacao-memoria-e-tradicao\/","title":{"rendered":"Revitaliza\u00e7\u00e3o, Mem\u00f3ria e Tradi\u00e7\u00e3o"},"content":{"rendered":"<div data-colibri-id=\"1043-c1\" class=\"style-353 style-local-1043-c1 position-relative\">\n  <!---->\n  <div data-colibri-component=\"section\" data-colibri-id=\"1043-c2\" id=\"initial-content\" class=\"h-section h-section-global-spacing d-flex align-items-lg-center align-items-md-center align-items-center style-354 style-local-1043-c2 position-relative\">\n    <!---->\n    <!---->\n    <div class=\"h-section-grid-container h-section-boxed-container\">\n      <!---->\n      <div data-colibri-id=\"1043-c3\" class=\"h-row-container gutters-row-lg-2 gutters-row-md-2 gutters-row-0 gutters-row-v-lg-2 gutters-row-v-md-2 gutters-row-v-2 style-355 style-local-1043-c3 position-relative\">\n        <!---->\n        <div class=\"h-row justify-content-lg-center justify-content-md-center justify-content-center align-items-lg-stretch align-items-md-stretch align-items-stretch gutters-col-lg-2 gutters-col-md-2 gutters-col-0 gutters-col-v-lg-2 gutters-col-v-md-2 gutters-col-v-2\">\n          <!---->\n          <div class=\"h-column h-column-container d-flex h-col-lg-auto h-col-md-auto h-col-auto style-356-outer style-local-1043-c4-outer\">\n            <div data-colibri-id=\"1043-c4\" class=\"d-flex h-flex-basis h-column__inner h-px-lg-2 h-px-md-2 h-px-2 v-inner-lg-2 v-inner-md-2 v-inner-2 style-356 style-local-1043-c4 position-relative\">\n              <!---->\n              <!---->\n              <div class=\"w-100 h-y-container h-column__content h-column__v-align flex-basis-100 align-self-lg-start align-self-md-start align-self-start\">\n                <!---->\n                <div data-colibri-id=\"1043-c5\" class=\"style-357 style-local-1043-c5 position-relative h-element\">\n                  <!---->\n                  <div>\n                    <h2><\/h2>\n                    <div id=\"attachment_1045\" style=\"width: 799px\" class=\"wp-caption aligncenter\"><a href=\"https:\/\/nyemba.unilab.edu.br\/wp-content\/uploads\/2017\/09\/images.jpg\">\n                      <img loading=\"lazy\" decoding=\"async\" aria-describedby=\"caption-attachment-1045\" class=\"wp-image-1045 \" src=\"https:\/\/nyemba.unilab.edu.br\/wp-content\/uploads\/2017\/09\/images.jpg\" alt=\"\" width=\"789\" height=\"523\" srcset=\"https:\/\/nyemba.unilab.edu.br\/wp-content\/uploads\/2017\/09\/images.jpg 471w, https:\/\/nyemba.unilab.edu.br\/wp-content\/uploads\/2017\/09\/images-300x199.jpg 300w\" sizes=\"auto, (max-width: 789px) 100vw, 789px\" \/>\n                    <\/a><p id=\"caption-attachment-1045\" class=\"wp-caption-text\">As Caretas de Acupe. Dispon\u00edvel in<em>: http:\/\/jessicasilva.com.br\/gallery-category\/cultura\/<\/em><\/p><\/div>\n                    <h5 style=\"text-align: left;\"><span style=\"color: #000000;\"><b>Coordena\u00e7\u00e3o: <\/b>Prof\u00ba Dr. F\u00e1bio Baqueiro Figueiredo,&nbsp;<\/span>Prof. Dra. Cristiane Santos Souza e Prof. Dra. Mariana da Costa A. Petroni<\/h5>\n\n                    <hr>\n\n                    <h4 style=\"text-align: left;\"><span style=\"color: #800000;\"><strong>Bolsistas e Volunt\u00e1rias\/os<\/strong><\/span><\/h4>\n                    <p style=\"text-align: left;\">Bolsista: Joice Lorena do Sacramento Alves;<\/p>\n                    <p style=\"text-align: left;\">Volunt\u00e1ria: Illana Ribeiro Bonfim;<\/p>\n                    <p style=\"text-align: left;\">Monitoria: Jamille Reis, Ludmila Martins, Ruan Jones, Tain\u00e1 Ara\u00fajo, Gleidson J\u00fanior e Aldine Valente.<\/p>\n\n\n                    <hr>\n\n                    <h4><strong><span style=\"color: #800000;\">Objetivo<\/span><\/strong><\/h4>\n                    Este projeto de extens\u00e3o tem como objetivo a promo\u00e7\u00e3o do di\u00e1logo da universidade com a comunidade externa, por meio da troca de saberes cient\u00edficos e populares. E nessa perspectiva fortalecer, principalmente, a forma\u00e7\u00e3o dos estudantes por meio da indissociabiidade\n                    entre ensino-pesquisa- extens\u00e3o. Dessa maneira, visamos, por meio de processos educativos e culturais, sensibilizar a juventude da comunidade de Acupe, localizada em Santo Amaro da Purifica\u00e7\u00e3o, sobre suas tradi\u00e7\u00f5es culturais e art\u00edsticas\n                    e promover o debate comunit\u00e1rio sobre hist\u00f3rias locais e regionais.\n\n                    <hr>\n\n                    <h4><strong><span style=\"color: #800000;\">As Caretas de Acupe<\/span><\/strong><\/h4>\n                    Grupo cultural sediado no munic\u00edpio de Santo Amaro da Purifica\u00e7\u00e3o no Rec\u00f4ncavo baiano. Este grupo cultural produz m\u00e1scaras de papel mach\u00ea e fomenta a realiza\u00e7\u00e3o, na comunidade, das festas de julho, que celebram a Independ\u00eancia na Bahia. As Caretas de\n                    Acupe foi tema do Trabalho de Conclus\u00e3o de Curso da aluna Joice Lorena do Sacramento Alves, no Bacharelado de Humanidades, e que est\u00e1 pleiteando uma bolsa junto a este edital. \u00c9 baseado nesta pesquisa que apresentamos este projeto\n                    de extens\u00e3o, que entre seus objetivos busca a promo\u00e7\u00e3o do di\u00e1logo da universidade com a comunidade externa, por meio da troca de saberes cient\u00edficos e populares. H\u00e1 quase dois s\u00e9culo os moradores de Acupe, durante o m\u00eas de julho, transformam\n                    as ruas do distrito num grande palco ambulante. Disfar\u00e7ados com m\u00e1scaras e longos vestidos de chitas, os mascarados saem assustando os desavisados, em uma festa que tem sua origem ainda no per\u00edodo da escravid\u00e3o. Entre as diferentes\n                    vers\u00f5es sobre a origem da festa, uma delas afirma que ela surgiu como mote de enfrentamento a um senhor de engenho da regi\u00e3o, que queria dar um baile de m\u00e1scaras \u00e0 moda europeia e foi surpreendido com a invas\u00e3o de escravizados com\n                    suas m\u00e1scaras e fantasias. Hoje, os mascarados de Acupe (re)significam as mem\u00f3rias do processo de escravid\u00e3o para \u201cbrincar o dois de julho\u201d. Este projeto est\u00e1 baseado na ideia de que o legado do passado comp\u00f5e o paradoxo de \u201cexperi\u00eancias\n                    n\u00e3o vividas\u201d. Pois imagens associadas \u00e0s revoltas e traumas relacionados \u00e0 escravid\u00e3o, articulam-se a quest\u00f5es pol\u00edticas e de viol\u00eancia social de v\u00e1rias ordens, vividas pela comunidade de Acupe (Pinto, 2014). Pois como afirma Benjamin:\n                    \u201carticular historicamente o passado n\u00e3o significa conhec\u00ea-lo como ele de fato foi. Significa apropriar-se de uma reminisc\u00eancia, tal como ela relampeja no momento do perigo\u201d (1993, p.224). Al\u00e9m da hist\u00f3ria, a indument\u00e1ria utilizada\n                    pelos mascarados tamb\u00e9m chama a aten\u00e7\u00e3o. S\u00e3o usadas m\u00e1scaras de papel mach\u00ea produzidas artesanalmente, nas quais predominam os aspectos grosseiros e animalescos, saias feitas com folhas de bananeira secas e sobre ela um pano de chita,\n                    botas, luvas, capote, cal\u00e7a e a cabe\u00e7a coberta. Os mascarados levam na m\u00e3o uma esp\u00e9cie de chicote chamado \u201cmangu\u00e1\u201d. A proposta da brincadeira \u00e9 provocar o medo, o susto e o riso e assim espantar os maus esp\u00edritos. O que se diz \u00e9 que\n                    os mascarados saem \u00e0s ruas para pegar as crian\u00e7as que fazem xixi na cama e n\u00e3o gostam de estudar. Assim, partindo da perspectiva de que as imagens de experi\u00eancias do passado mobilizadas por pessoas que n\u00e3o as vivenciaram articulam-se\n                    aos problemas vividos pela comunidade atualmente (Turner, 1986), esse projeto tem como objetivo viabilizar a realiza\u00e7\u00e3o de oficinas de forma\u00e7\u00e3o para os jovens do distrito de Acupe, realizar rodas de conversa sobre a hist\u00f3ria e a cultura\n                    local e oficinas de percuss\u00e3o, m\u00fasica e express\u00e3o corporal com o intuito de expandir e revitalizar o grupo Caretas de Acupe.\n\n                    <hr>\n\n                    <h4><strong><span style=\"color: #800000;\">Parcerias<\/span><\/strong><\/h4>\n                    <span style=\"color: #808080;\"><strong>Grupo Cultural de Capoeira Ra\u00edzes de Acupe;<\/strong><\/span>\n\n                    <span style=\"color: #808080;\"><strong>Grupo Cultural Caretas de Acupe<\/strong><\/span>\n\n                    <hr>\n\n                    <h4><strong><span style=\"color: #800000;\">Metodologia<\/span><\/strong><\/h4>\n                    A participa\u00e7\u00e3o dos jovens na confec\u00e7\u00e3o das caretas fortalece a cultura do fa\u00e7a voc\u00ea mesmo, onde pessoas da comunidade imbu\u00eddas com o pertencimento se propuseram a conhecer e aplicar essas novas informa\u00e7\u00f5es, agregando valores antes enfraquecidos pela falta\n                    de incentivo. A realiza\u00e7\u00e3o de oficinas de arte e percuss\u00e3o, procura fomentar a experimenta\u00e7\u00e3o, por meio da troca entre os participantes, em um ambiente de colabora\u00e7\u00e3o. Os erros e sucessos s\u00e3o encarados como parte do processo de aprendizagem.\n                    A socializa\u00e7\u00e3o dos resultados alcan\u00e7ados, por meio de desfiles e exposi\u00e7\u00f5es, abre caminhos \u00e0 reflex\u00e3o individual e coletiva, e a possibilidade de amplia\u00e7\u00e3o do aprendizado e a tomada de decis\u00e3o sobre sua continuidade pelo participante.\n                    Por outro lado, as oficinas de hist\u00f3ria e cultura local deve acontecer por meio da socializa\u00e7\u00e3o de hist\u00f3rias da regi\u00e3o feita com o aux\u00edlio dos mais velhos, a apresenta\u00e7\u00e3o de v\u00eddeos e fotografias e o debate. Por fim, a metodologia deste\n                    projeto prev\u00ea oportunizar espa\u00e7os de troca de experi\u00eancia, reflex\u00e3o e debates, bem como a constitui\u00e7\u00e3o de um acervo de fotografias e outros materiais produzidos mediante a realiza\u00e7\u00e3o das a\u00e7\u00f5es (uma mem\u00f3ria).\n\n                    <hr>\n\n                    <h4><span style=\"color: #800000;\"><strong>Atividades<\/strong><\/span><\/h4>\n                    <ul>\n                      <li>Oficina de Produ\u00e7\u00e3o de M\u00e1scaras,<\/li>\n                      <li>Oficina de Percuss\u00e3o,<\/li>\n                      <li>Oficina de Toques (Atabaque e Berimbau),<\/li>\n                      <li>Rodas de Conversa \u201cMem\u00f3rias e Narrativas\u201d,<\/li>\n                      <li>Projeto na Festa do 2 de Julho Equipe de Trabalho,<\/li>\n                      <li>Exposi\u00e7\u00e3o de M\u00e1scaras e Imagens Produzidas.<\/li>\n                    <\/ul>\n\n                    <hr>\n\n                    <h4><span style=\"color: #800000;\"><strong>Resultados esperados<\/strong><\/span><\/h4>\n                    Promover o di\u00e1logo da universidade com a comunidade externa; fortalecer o processo de aprendizagem dos estudantes envolvidos; instigar os jovens de Acupe na manuten\u00e7\u00e3o de suas tradi\u00e7\u00f5es; produzir elementos da cultura material e imaterial da regi\u00e3o; apreender\n                    aspectos da cultura e das hist\u00f3rias locais, produzir um document\u00e1rio fotogr\u00e1fico sobre as atividades realizadas.\n\n                    <hr>\n\n                    <h4><strong><span style=\"color: #800000;\">Galeria de Fotos<\/span><\/strong><\/h4>\n                    Fotos das atividades realizadas pelo projeto no ano de 2018.\n\n                    <span style=\"color: #3366ff;\"><a style=\"color: #3366ff;\" href=\"https:\/\/nyemba.unilab.edu.br\/index.php\/galeria-de-fotos\/\" target=\"_blank\" rel=\"noopener\">Clique Aqui.<\/a><\/span>\n\n                    <hr>\n\n                    <h4><span style=\"color: #800000;\"><strong>Chamada para Monitoria<\/strong><\/span><\/h4>\n\n                    <hr>\n\n                    <strong>EDITAL DE SELE\u00c7\u00c3O PARA MONITORES VOLUNT\u00c1RIOS <\/strong><span style=\"color: #3366ff;\"><a style=\"color: #3366ff;\" href=\"https:\/\/mail-attachment.googleusercontent.com\/attachment\/u\/0\/?ui=2&amp;ik=114cb5a937&amp;view=att&amp;th=1625f92b6bbbd125&amp;attid=0.2&amp;disp=inline&amp;safe=1&amp;zw&amp;saddbat=ANGjdJ-3GW3yIgzZhcUBiXgIGdUfuEAFtSaAGdABiQd__4ftucS5F0s-XNObXtX6rPXSSsYHcxLJRbkuKvUXn_sPFfJAhECZMzh6PNOm0yQHY-d6EYQn83b3_EF1fB8YS5RXldXj-5XbUy2ccdXDEKVZs-khE7FEMAOiO4DUeULsOIihRPv2yNUeryZzFkflf6lC-lLssDUPuezOsmPnRklPCPB40fvgyEiR6l9hlvFFSYnk_fj7Y-UfkrRkrVBtPfkmQw8myU6MyF7VFi1NnBXr5VAKG4bTpuOBZ3gQZdO0hyVbOXgAiSuO0_d05Z4-W1xYUPUyvcjMSJbs-IGDLahuWGmpBz9f2YzQAafLMNf6nACwbMT9ARuyynYBbl2Tkg0ZMlvujhtHbh3k8OMNMN2925J0YNryFfugnwHBAGm4g0Y7_b-YPwabkCa9T1qCeyc8za44BTEBnJ7labpkPRSL0NidDbKyRlzhHuKO60QA6yOzEhJ1k30xITJxz3FX0znCDOKoDNcKJU-cbVoGhcvnFMqPWwnPFUIWzwkEnpgpOk-CCxIwPbSEfZn1NL34ncL1uSTi-QbarNvydkYyH85jWZupOyggivqBhg3_nA\" target=\"_blank\" rel=\"noopener\">Clique Aqui.<\/a><\/span>\n\n                    <strong>RESULTADO DA SELE\u00c7\u00c3O <\/strong><span style=\"color: #3366ff;\"><a style=\"color: #3366ff;\" href=\"https:\/\/nyemba.unilab.edu.br\/wp-content\/uploads\/2018\/04\/Divulga\u00e7\u00e3o-do-resultado-da-sele\u00e7\u00e3o-para-monitores.pdf\" target=\"_blank\" rel=\"noopener\">Clique Aqui<\/a>.<\/span>\n\n                    <img loading=\"lazy\" decoding=\"async\" class=\"wp-image-2031 size-full aligncenter\" src=\"https:\/\/nyemba.unilab.edu.br\/wp-content\/uploads\/2018\/03\/WhatsApp-Image-2018-03-25-at-19.38.04-1.jpeg\" alt=\"\" width=\"794\" height=\"1123\" srcset=\"https:\/\/nyemba.unilab.edu.br\/wp-content\/uploads\/2018\/03\/WhatsApp-Image-2018-03-25-at-19.38.04-1.jpeg 794w, https:\/\/nyemba.unilab.edu.br\/wp-content\/uploads\/2018\/03\/WhatsApp-Image-2018-03-25-at-19.38.04-1-212x300.jpeg 212w, https:\/\/nyemba.unilab.edu.br\/wp-content\/uploads\/2018\/03\/WhatsApp-Image-2018-03-25-at-19.38.04-1-768x1086.jpeg 768w, https:\/\/nyemba.unilab.edu.br\/wp-content\/uploads\/2018\/03\/WhatsApp-Image-2018-03-25-at-19.38.04-1-724x1024.jpeg 724w\" sizes=\"auto, (max-width: 794px) 100vw, 794px\" \/>\n\n                    <hr>\n\n                    <h4><strong><span style=\"color: #800000;\">Roda de Conversa<\/span><\/strong><\/h4>\n                    <strong>Tem\u00e1tica: <\/strong>Saberes Populares\n\n                    <img loading=\"lazy\" decoding=\"async\" class=\"wp-image-2105 aligncenter\" src=\"https:\/\/nyemba.unilab.edu.br\/wp-content\/uploads\/2018\/04\/WhatsApp-Image-2018-04-25-at-09.47.35.jpeg\" alt=\"\" width=\"781\" height=\"705\" srcset=\"https:\/\/nyemba.unilab.edu.br\/wp-content\/uploads\/2018\/04\/WhatsApp-Image-2018-04-25-at-09.47.35.jpeg 1080w, https:\/\/nyemba.unilab.edu.br\/wp-content\/uploads\/2018\/04\/WhatsApp-Image-2018-04-25-at-09.47.35-300x271.jpeg 300w, https:\/\/nyemba.unilab.edu.br\/wp-content\/uploads\/2018\/04\/WhatsApp-Image-2018-04-25-at-09.47.35-768x694.jpeg 768w, https:\/\/nyemba.unilab.edu.br\/wp-content\/uploads\/2018\/04\/WhatsApp-Image-2018-04-25-at-09.47.35-1024x925.jpeg 1024w\" sizes=\"auto, (max-width: 781px) 100vw, 781px\" \/>\n\n                    <hr>\n                  <\/div>\n                <\/div>\n              <\/div>\n            <\/div>\n          <\/div>\n        <\/div>\n      <\/div>\n    <\/div>\n  <\/div>\n<\/div>","protected":false},"excerpt":{"rendered":"<p>Coordena\u00e7\u00e3o: Prof\u00ba Dr. F\u00e1bio Baqueiro Figueiredo,&nbsp;Prof. Dra. Cristiane Santos Souza e Prof. Dra. Mariana da Costa A. Petroni Bolsistas e Volunt\u00e1rias\/os Bolsista: Joice Lorena do Sacramento Alves; Volunt\u00e1ria: Illana Ribeiro Bonfim; Monitoria: Jamille Reis, Ludmila Martins, Ruan Jones, Tain\u00e1 Ara\u00fajo, Gleidson J\u00fanior e Aldine Valente. Objetivo Este projeto de extens\u00e3o tem como objetivo a promo\u00e7\u00e3o [&hellip;]<\/p>\n","protected":false},"author":2,"featured_media":0,"parent":40,"menu_order":0,"comment_status":"closed","ping_status":"closed","template":"page-templates\/full-width-page.php","meta":{"footnotes":""},"class_list":["post-1043","page","type-page","status-publish","hentry"],"_links":{"self":[{"href":"https:\/\/nyemba.unilab.edu.br\/index.php\/wp-json\/wp\/v2\/pages\/1043","targetHints":{"allow":["GET"]}}],"collection":[{"href":"https:\/\/nyemba.unilab.edu.br\/index.php\/wp-json\/wp\/v2\/pages"}],"about":[{"href":"https:\/\/nyemba.unilab.edu.br\/index.php\/wp-json\/wp\/v2\/types\/page"}],"author":[{"embeddable":true,"href":"https:\/\/nyemba.unilab.edu.br\/index.php\/wp-json\/wp\/v2\/users\/2"}],"replies":[{"embeddable":true,"href":"https:\/\/nyemba.unilab.edu.br\/index.php\/wp-json\/wp\/v2\/comments?post=1043"}],"version-history":[{"count":20,"href":"https:\/\/nyemba.unilab.edu.br\/index.php\/wp-json\/wp\/v2\/pages\/1043\/revisions"}],"predecessor-version":[{"id":3015,"href":"https:\/\/nyemba.unilab.edu.br\/index.php\/wp-json\/wp\/v2\/pages\/1043\/revisions\/3015"}],"up":[{"embeddable":true,"href":"https:\/\/nyemba.unilab.edu.br\/index.php\/wp-json\/wp\/v2\/pages\/40"}],"wp:attachment":[{"href":"https:\/\/nyemba.unilab.edu.br\/index.php\/wp-json\/wp\/v2\/media?parent=1043"}],"curies":[{"name":"wp","href":"https:\/\/api.w.org\/{rel}","templated":true}]}}