{"id":1260,"date":"2017-10-30T16:25:08","date_gmt":"2017-10-30T19:25:08","guid":{"rendered":"http:\/\/nyemba.unilab.edu.br\/?page_id=1260"},"modified":"2019-11-04T12:25:06","modified_gmt":"2019-11-04T15:25:06","slug":"acervo-digital-biblioteca-nautica-na-baia-de-todos-os-santos","status":"publish","type":"page","link":"https:\/\/nyemba.unilab.edu.br\/index.php\/extensao\/biblioteca-nautica-na-baia-de-todos-os-santos\/acervo-digital-biblioteca-nautica-na-baia-de-todos-os-santos\/","title":{"rendered":"Acervo Digital &#8211; Biblioteca N\u00e1utica"},"content":{"rendered":"<h3><span style=\"color: #800000;\"><b>Cole\u00e7\u00e3o Biblioteca N\u00e1utica na Ba\u00eda de Todos os Santos<\/b><\/span><\/h3>\n<p><strong>* O acervo de livros oficial da Biblioteca N\u00e1utica foi doado e catalogado em 2019, na Biblioteca da Universidade da Integra\u00e7\u00e3o Internacional da Lusofonia Afro-Brasileira [Unilab], Campus dos Mal\u00eas\u00a0 &#8211; Livros dispon\u00edveis para consulta e empr\u00e9stimo.<\/strong><\/p>\n<p><strong>Cat\u00e1logo:<\/strong><a href=\"https:\/\/nyemba.unilab.edu.br\/index.php\/colecao-b-n\/\"><span style=\"color: #3366ff;\">\u00a0 Clique Aqui<\/span><\/a><\/p>\n<hr \/>\n<h3><\/h3>\n<hr \/>\n<h3><strong><span style=\"color: #800000;\">Audiovisual<\/span><\/strong><\/h3>\n<p><a href=\"https:\/\/nyemba.unilab.edu.br\/index.php\/audio-visual\/\" target=\"_blank\" rel=\"noopener noreferrer\"><span style=\"color: #3366ff;\">Clique aqui.<\/span><\/a><\/p>\n<hr \/>\n<h3><\/h3>\n<hr \/>\n<h3><strong><span style=\"color: #800000;\">Indica\u00e7\u00f5es de Livros\u00a0<\/span><\/strong><\/h3>\n<p><a href=\"https:\/\/nyemba.unilab.edu.br\/index.php\/livros-2\/\" target=\"_blank\" rel=\"noopener noreferrer\"><span style=\"color: #3366ff;\">Clique aqui.<\/span><\/a><\/p>\n<hr \/>\n<h3><\/h3>\n<hr \/>\n<h3><strong><span style=\"color: #800000;\">Materiais Pedag\u00f3gicos<\/span><\/strong><\/h3>\n<p><a href=\"https:\/\/nyemba.unilab.edu.br\/index.php\/materiais-metodologicos\/\" target=\"_blank\" rel=\"noopener noreferrer\"><span style=\"color: #3366ff;\">Clique aqui.<\/span><\/a><\/p>\n<hr \/>\n<h3><\/h3>\n<hr \/>\n<h3><strong><span style=\"color: #800000;\">Textos<\/span><\/strong><\/h3>\n<p><a href=\"https:\/\/nyemba.unilab.edu.br\/index.php\/textos-2\/\" target=\"_blank\" rel=\"noopener noreferrer\"><span style=\"color: #3366ff;\">Clique aqui.<\/span><\/a><\/p>\n<hr \/>\n<h6 style=\"text-align: right;\"><strong>Obs.: P\u00e1gina em Constru\u00e7\u00e3o<\/strong><\/h6>\n","protected":false},"excerpt":{"rendered":"<p>Cole\u00e7\u00e3o Biblioteca N\u00e1utica na Ba\u00eda de Todos os Santos * O acervo de livros oficial da Biblioteca N\u00e1utica foi doado e catalogado em 2019, na Biblioteca da Universidade da Integra\u00e7\u00e3o Internacional da Lusofonia Afro-Brasileira [Unilab], Campus dos Mal\u00eas\u00a0 &#8211; Livros dispon\u00edveis para consulta e empr\u00e9stimo. Cat\u00e1logo:\u00a0 Clique Aqui Audiovisual Clique aqui. Indica\u00e7\u00f5es de Livros\u00a0 Clique [&hellip;]<\/p>\n","protected":false},"author":2,"featured_media":0,"parent":82,"menu_order":0,"comment_status":"closed","ping_status":"closed","template":"","meta":{"footnotes":""},"class_list":["post-1260","page","type-page","status-publish","hentry"],"_links":{"self":[{"href":"https:\/\/nyemba.unilab.edu.br\/index.php\/wp-json\/wp\/v2\/pages\/1260","targetHints":{"allow":["GET"]}}],"collection":[{"href":"https:\/\/nyemba.unilab.edu.br\/index.php\/wp-json\/wp\/v2\/pages"}],"about":[{"href":"https:\/\/nyemba.unilab.edu.br\/index.php\/wp-json\/wp\/v2\/types\/page"}],"author":[{"embeddable":true,"href":"https:\/\/nyemba.unilab.edu.br\/index.php\/wp-json\/wp\/v2\/users\/2"}],"replies":[{"embeddable":true,"href":"https:\/\/nyemba.unilab.edu.br\/index.php\/wp-json\/wp\/v2\/comments?post=1260"}],"version-history":[{"count":32,"href":"https:\/\/nyemba.unilab.edu.br\/index.php\/wp-json\/wp\/v2\/pages\/1260\/revisions"}],"predecessor-version":[{"id":2494,"href":"https:\/\/nyemba.unilab.edu.br\/index.php\/wp-json\/wp\/v2\/pages\/1260\/revisions\/2494"}],"up":[{"embeddable":true,"href":"https:\/\/nyemba.unilab.edu.br\/index.php\/wp-json\/wp\/v2\/pages\/82"}],"wp:attachment":[{"href":"https:\/\/nyemba.unilab.edu.br\/index.php\/wp-json\/wp\/v2\/media?parent=1260"}],"curies":[{"name":"wp","href":"https:\/\/api.w.org\/{rel}","templated":true}]}}