{"id":1363,"date":"2017-11-18T11:47:26","date_gmt":"2017-11-18T14:47:26","guid":{"rendered":"http:\/\/nyemba.unilab.edu.br\/?page_id=1363"},"modified":"2018-02-19T11:38:05","modified_gmt":"2018-02-19T14:38:05","slug":"materiais-didaticos","status":"publish","type":"page","link":"https:\/\/nyemba.unilab.edu.br\/index.php\/bibliografia-nyemba-indicacoes-de-textos-e-audiovisuais\/materiais-didaticos\/","title":{"rendered":"MATERIAIS DID\u00c1TICOS"},"content":{"rendered":"<p style=\"text-align: right;\"><span style=\"color: #800000;\"><strong>C<\/strong><\/span><\/p>\n<p>&nbsp;<\/p>\n<p><a href=\"https:\/\/mail-attachment.googleusercontent.com\/attachment\/u\/0\/?ui=2&amp;ik=114cb5a937&amp;view=att&amp;th=15c3e1d6182ea571&amp;attid=0.1&amp;disp=inline&amp;realattid=f_j33zkp4f0&amp;safe=1&amp;zw&amp;sadnir=2&amp;saddbat=ANGjdJ90x8tIYg5UnTQGW2WxyeQAnnMTbkf0dQAZjHHM-9DJFVKWKdTZkQ4YdCQBnQC36njxit3CWneOgzX1GGXAc6i3wZ1xiOB2Vf3RQb-Yfb2xStVSCYSnFsUUcAdobaZ88mgeQRX3ppGs82GgGpr-tlyDb3uvpNZ62vWvpCk3oTH1o_UXiVc9Y6f4W9CiURRhXWypbcJLiM-RLWxPxE9Q8yfMVwz_hCzqRQ7MGdHjzGZXDtdMMRxtZ6Jx7fzU4avV7ARm8azQM--lHJxggiqRXDlqsh3XmxNExt5_-IRnMWC1j6xifeOfcUpCMF0BI0EQMqIKi8undSTiF5Ot0CVG21OYD35wFB2nfkvzEBAlZj9tGlZadipWmOnKO5NT9Iso9g1m-VJJJ_PtDQtY1SEVdRvUu24rQsSqg7SUp-apoFEcx-P033aUYGukxutDBocht7T5hTHSP9UwZxWFnDp53wM1wVzzuOsYpr7IVM69NrUtcyrWHFFUu8mNTvAK0-rzcz_npnDKqg2Ug7byW5Hj4-QUhQ0Qq1FFTos-kd5KQk6MDxNkUXrzTdunY1Yuonc4LZEoayeRlVvAQaktB6FlV5c8IznFTTGgYrDk9A\" target=\"_blank\" rel=\"noopener\">CARTILHA:\u00a0 Projeto de Lei de Iniciativa Popular Sobre Territ\u00f3rio Pesqueiro. Campanha Nacional Pela Regulariza\u00e7\u00e3o dos Territ\u00f3rios das Comunidades Tradicionais Pesqueiras.<\/a><\/p>\n<hr \/>\n<p style=\"text-align: right;\"><span style=\"color: #800000;\"><strong>F<\/strong><\/span><\/p>\n<p>&nbsp;<\/p>\n<p><a href=\"https:\/\/nyemba.unilab.edu.br\/wp-content\/uploads\/2017\/04\/formul\u00e1rio.pdf\" target=\"_blank\" rel=\"noopener\">FERREIRA, Maria Cl\u00e1udia Cardoso. Formul\u00e1rio de Elabora\u00e7\u00e3o de Sequ\u00eancia Did\u00e1tica. 2017.<\/a><\/p>\n<p><a href=\"https:\/\/nyemba.unilab.edu.br\/wp-content\/uploads\/2017\/04\/material.pdf\" target=\"_blank\" rel=\"noopener\">FERREIRA, Maria Cl\u00e1udia Cardoso. Forma\u00e7\u00e3o para a educa\u00e7\u00e3o das rela\u00e7\u00f5es \u00e9tnico-raciais \u2013 Munic\u00edpio de Maragogipe. 2017.<\/a><\/p>\n<hr \/>\n<p style=\"text-align: right;\"><span style=\"color: #800000;\"><strong>G<\/strong><\/span><\/p>\n<p>&nbsp;<\/p>\n<p><a href=\"https:\/\/nyemba.unilab.edu.br\/wp-content\/uploads\/2017\/04\/carta.pdf\" target=\"_blank\" rel=\"noopener\">GON\u00c7ALVES, Ana Maria. Carta Aberta ao Ziraldo. 2011<\/a><\/p>\n<hr \/>\n<p style=\"text-align: right;\"><strong><span style=\"color: #800000;\">J<\/span><\/strong><\/p>\n<p>&nbsp;<\/p>\n<p><a href=\"http:\/\/unesdoc.unesco.org\/images\/0023\/002309\/230931por.pdf\" target=\"_blank\" rel=\"noopener\">JOUBEAUD, Edouard.\u00a0Njinga a Mbande,\u00a0Rainha do Ndongo e do Matamba. Organiza\u00e7\u00e3o das Na\u00e7\u00f5es Unidas para a Educa\u00e7\u00e3o, Ci\u00eancia e a Cultura (UNESCO) Pra\u00e7a de Fontenoy n\u00b07 , Paris 75352 107 SP, Fran\u00e7a. 2014<\/a><\/p>\n<hr \/>\n<p style=\"text-align: right;\"><span style=\"color: #800000;\"><strong>O<\/strong><\/span><\/p>\n<p>&nbsp;<\/p>\n<p><a href=\"https:\/\/nyemba.unilab.edu.br\/wp-content\/uploads\/2017\/04\/A-TESSITURA-DOS-PERSONAGENS-NEGROS-ANORIA.pdf\" target=\"_blank\" rel=\"noopener\">OLIVEIRA, Maria An\u00f3ria de Jesus. A TESSITURA DOS PERSONAGENS NEGROS NA LITERATURA INFANTO-JUVENIL BRASILEIRA<\/a><\/p>\n<p>&nbsp;<\/p>\n","protected":false},"excerpt":{"rendered":"<p>C &nbsp; CARTILHA:\u00a0 Projeto de Lei de Iniciativa Popular Sobre Territ\u00f3rio Pesqueiro. Campanha Nacional Pela Regulariza\u00e7\u00e3o dos Territ\u00f3rios das Comunidades Tradicionais Pesqueiras. F &nbsp; FERREIRA, Maria Cl\u00e1udia Cardoso. Formul\u00e1rio de Elabora\u00e7\u00e3o de Sequ\u00eancia Did\u00e1tica. 2017. FERREIRA, Maria Cl\u00e1udia Cardoso. Forma\u00e7\u00e3o para a educa\u00e7\u00e3o das rela\u00e7\u00f5es \u00e9tnico-raciais \u2013 Munic\u00edpio de Maragogipe. 2017. G &nbsp; GON\u00c7ALVES, Ana [&hellip;]<\/p>\n","protected":false},"author":2,"featured_media":0,"parent":554,"menu_order":0,"comment_status":"closed","ping_status":"closed","template":"","meta":{"footnotes":""},"class_list":["post-1363","page","type-page","status-publish","hentry"],"_links":{"self":[{"href":"https:\/\/nyemba.unilab.edu.br\/index.php\/wp-json\/wp\/v2\/pages\/1363","targetHints":{"allow":["GET"]}}],"collection":[{"href":"https:\/\/nyemba.unilab.edu.br\/index.php\/wp-json\/wp\/v2\/pages"}],"about":[{"href":"https:\/\/nyemba.unilab.edu.br\/index.php\/wp-json\/wp\/v2\/types\/page"}],"author":[{"embeddable":true,"href":"https:\/\/nyemba.unilab.edu.br\/index.php\/wp-json\/wp\/v2\/users\/2"}],"replies":[{"embeddable":true,"href":"https:\/\/nyemba.unilab.edu.br\/index.php\/wp-json\/wp\/v2\/comments?post=1363"}],"version-history":[{"count":4,"href":"https:\/\/nyemba.unilab.edu.br\/index.php\/wp-json\/wp\/v2\/pages\/1363\/revisions"}],"predecessor-version":[{"id":1832,"href":"https:\/\/nyemba.unilab.edu.br\/index.php\/wp-json\/wp\/v2\/pages\/1363\/revisions\/1832"}],"up":[{"embeddable":true,"href":"https:\/\/nyemba.unilab.edu.br\/index.php\/wp-json\/wp\/v2\/pages\/554"}],"wp:attachment":[{"href":"https:\/\/nyemba.unilab.edu.br\/index.php\/wp-json\/wp\/v2\/media?parent=1363"}],"curies":[{"name":"wp","href":"https:\/\/api.w.org\/{rel}","templated":true}]}}