{"id":1370,"date":"2017-11-18T11:54:43","date_gmt":"2017-11-18T14:54:43","guid":{"rendered":"http:\/\/nyemba.unilab.edu.br\/?page_id=1370"},"modified":"2018-03-13T17:30:54","modified_gmt":"2018-03-13T20:30:54","slug":"revistas","status":"publish","type":"page","link":"https:\/\/nyemba.unilab.edu.br\/index.php\/bibliografia-nyemba-indicacoes-de-textos-e-audiovisuais\/revistas\/","title":{"rendered":"REVISTAS"},"content":{"rendered":"<h3 style=\"text-align: right;\"><strong><span style=\"color: #800000;\">A<\/span><\/strong><\/h3>\n<hr \/>\n<p>&nbsp;<\/p>\n<p>&nbsp;<\/p>\n<div id=\"attachment_1972\" style=\"width: 222px\" class=\"wp-caption aligncenter\"><a href=\"http:\/\/abpnrevista.org.br\/revista\/index.php\/revistaabpn1\/issue\/view\/24\" target=\"_blank\" rel=\"noopener\"><img loading=\"lazy\" decoding=\"async\" aria-describedby=\"caption-attachment-1972\" class=\"wp-image-1972 size-medium\" src=\"https:\/\/nyemba.unilab.edu.br\/wp-content\/uploads\/2018\/03\/cover_issue_24_pt_BR-212x300.jpg\" alt=\"\" width=\"212\" height=\"300\" srcset=\"https:\/\/nyemba.unilab.edu.br\/wp-content\/uploads\/2018\/03\/cover_issue_24_pt_BR-212x300.jpg 212w, https:\/\/nyemba.unilab.edu.br\/wp-content\/uploads\/2018\/03\/cover_issue_24_pt_BR.jpg 595w\" sizes=\"auto, (max-width: 212px) 100vw, 212px\" \/><\/a><p id=\"caption-attachment-1972\" class=\"wp-caption-text\">Revista da ABPN | Dez 2017 | EDI\u00c7\u00c3O ESPECIAL &#8211; Caderno Tem\u00e1tico: Saberes Tradicionais. v. 9 n. Ed. Especi (2017)<\/p><\/div>\n<h3><\/h3>\n<hr \/>\n<h3 style=\"text-align: right;\"><span style=\"color: #800000;\"><strong>B<\/strong><\/span><\/h3>\n<hr \/>\n<p>&nbsp;<\/p>\n<div id=\"attachment_2002\" style=\"width: 234px\" class=\"wp-caption aligncenter\"><a href=\"https:\/\/baobavoador.noblogs.org\/files\/2016\/10\/webzine.pdf\" target=\"_blank\" rel=\"noopener\"><img loading=\"lazy\" decoding=\"async\" aria-describedby=\"caption-attachment-2002\" class=\"wp-image-2002 size-medium\" src=\"https:\/\/nyemba.unilab.edu.br\/wp-content\/uploads\/2018\/03\/baob\u00e1-voador-224x300.jpg\" alt=\"\" width=\"224\" height=\"300\" srcset=\"https:\/\/nyemba.unilab.edu.br\/wp-content\/uploads\/2018\/03\/baob\u00e1-voador-224x300.jpg 224w, https:\/\/nyemba.unilab.edu.br\/wp-content\/uploads\/2018\/03\/baob\u00e1-voador.jpg 377w\" sizes=\"auto, (max-width: 224px) 100vw, 224px\" \/><\/a><p id=\"caption-attachment-2002\" class=\"wp-caption-text\">Zine Baob\u00e1 Voador. 2010.<\/p><\/div>\n<p>&nbsp;<\/p>\n<p>&nbsp;<\/p>\n<p>&nbsp;<\/p>\n<div id=\"attachment_1715\" style=\"width: 247px\" class=\"wp-caption aligncenter\"><a href=\"https:\/\/nyemba.unilab.edu.br\/wp-content\/uploads\/2017\/05\/circular-biblioteca-nautica.pdf\" target=\"_blank\" rel=\"noopener\"><img loading=\"lazy\" decoding=\"async\" aria-describedby=\"caption-attachment-1715\" class=\"wp-image-1715 \" src=\"https:\/\/nyemba.unilab.edu.br\/wp-content\/uploads\/2018\/01\/2017-05-01-09.45.02-bn-circular-300x209.png\" alt=\"\" width=\"237\" height=\"165\" srcset=\"https:\/\/nyemba.unilab.edu.br\/wp-content\/uploads\/2018\/01\/2017-05-01-09.45.02-bn-circular-300x209.png 300w, https:\/\/nyemba.unilab.edu.br\/wp-content\/uploads\/2018\/01\/2017-05-01-09.45.02-bn-circular.png 717w\" sizes=\"auto, (max-width: 237px) 100vw, 237px\" \/><\/a><p id=\"caption-attachment-1715\" class=\"wp-caption-text\">Circular Biblioteca N\u00e1utica na Ba\u00eda de Todos os Santos. Candeias. Vers\u00e3o on-line. 1\u00ba edi\u00e7\u00e3o. 2016. pdf.<\/p><\/div>\n<p>&nbsp;<\/p>\n<p>&nbsp;<\/p>\n<hr \/>\n<h3 style=\"text-align: right;\"><span style=\"color: #800000;\"><strong>E<\/strong><\/span><\/h3>\n<hr \/>\n<p>&nbsp;<\/p>\n<p>&nbsp;<\/p>\n<h6><a href=\"https:\/\/nyemba.unilab.edu.br\/wp-content\/uploads\/2017\/04\/2340-7563-1-PB.pdf\" target=\"_blank\" rel=\"noopener\"><img loading=\"lazy\" decoding=\"async\" class=\"wp-image-1172 aligncenter\" src=\"https:\/\/nyemba.unilab.edu.br\/wp-content\/uploads\/2017\/04\/homepageImage_pt_BR.jpg\" alt=\"\" width=\"226\" height=\"320\" srcset=\"https:\/\/nyemba.unilab.edu.br\/wp-content\/uploads\/2017\/04\/homepageImage_pt_BR.jpg 283w, https:\/\/nyemba.unilab.edu.br\/wp-content\/uploads\/2017\/04\/homepageImage_pt_BR-212x300.jpg 212w\" sizes=\"auto, (max-width: 226px) 100vw, 226px\" \/><\/a><\/h6>\n<p>&nbsp;<\/p>\n<hr \/>\n<h3 style=\"text-align: right;\"><strong><span style=\"color: #800000;\">G<\/span><\/strong><\/h3>\n<hr \/>\n<p>&nbsp;<\/p>\n<p>&nbsp;<\/p>\n<p>&nbsp;<\/p>\n<div id=\"attachment_1976\" style=\"width: 242px\" class=\"wp-caption aligncenter\"><a href=\"https:\/\/mail-attachment.googleusercontent.com\/attachment\/u\/0\/?ui=2&amp;ik=114cb5a937&amp;view=att&amp;th=1601e49dc312cbf6&amp;attid=0.1&amp;disp=inline&amp;safe=1&amp;zw&amp;saddbat=ANGjdJ94N7BTmxXSkng-7-6m_vEELHnqkbhnLScSIiO2jHjMxfBiw5wQSxSQX04kuFb8NlllvGmZRIp-ofZpfwMBdVeXgMfjE8tR0B8n7ubE14dLRZT2OQleOw54CXZRCiqtpw8y8VWBxbd8jUcd9GhSwu8tH5Tz8t9AthIgjXVLfLmJT2eeiZsLeSdq1pqhzawWp1w6nEwDqTMi7sy5Y99CHRIGKzCYhN8IWgeMFn77iHqkazdNAO2ezVH7nZBKU3Jn5s-V9op3Tpsq5pQYzOkDx1YuUzcz5MQLZI0wx9VjS80SYuwqvKyAzk0phRgy0CfGBpn1eYThd7TF_9WW10sb452RJ_UhjCtXbGg0R4bkcw_KFEGtjBdlVnjaI_xY6YhvbLxCgtL8Ismt-OT-1UWkw3ooVGsdq6OwbgBYZzVywAfqv1pw6lQMylZX_x6si-UXAJdf6w8guCGVXRQieoPy-w8ipmjfaQVdBsmKphfyFHZ541_aFZB1flBGgtX1D7vibzMOTjfpPgfXVgelUe2eN-Wg0A4soN3-jxlh0UjI-4G_dtNoDRnU1tMrUa55NgfSlVcjpV4MbPVH3wOlCOTD3xL84_j25t6yYYlOyw\" target=\"_blank\" rel=\"noopener\"><img loading=\"lazy\" decoding=\"async\" aria-describedby=\"caption-attachment-1976\" class=\"wp-image-1976 size-medium\" src=\"https:\/\/nyemba.unilab.edu.br\/wp-content\/uploads\/2018\/03\/REVISTA-FINAL-MARAGOGIPE-2-001-232x300.jpg\" alt=\"\" width=\"232\" height=\"300\" srcset=\"https:\/\/nyemba.unilab.edu.br\/wp-content\/uploads\/2018\/03\/REVISTA-FINAL-MARAGOGIPE-2-001-232x300.jpg 232w, https:\/\/nyemba.unilab.edu.br\/wp-content\/uploads\/2018\/03\/REVISTA-FINAL-MARAGOGIPE-2-001-768x994.jpg 768w, https:\/\/nyemba.unilab.edu.br\/wp-content\/uploads\/2018\/03\/REVISTA-FINAL-MARAGOGIPE-2-001-791x1024.jpg 791w, https:\/\/nyemba.unilab.edu.br\/wp-content\/uploads\/2018\/03\/REVISTA-FINAL-MARAGOGIPE-2-001.jpg 1224w\" sizes=\"auto, (max-width: 232px) 100vw, 232px\" \/><\/a><p id=\"caption-attachment-1976\" class=\"wp-caption-text\">Gri\u00f4s na Ba\u00eda de Todos os Santos: Hist\u00f3rias, Lembran\u00e7as e Mem\u00f3rias que Circulam Pelas \u00c1guas. Maragogipe. Vers\u00e3o on-line. Volume 1. 2017. pdf<\/p><\/div>\n<p>&nbsp;<\/p>\n<p>&nbsp;<\/p>\n<div id=\"attachment_1975\" style=\"width: 242px\" class=\"wp-caption aligncenter\"><a href=\"https:\/\/nyemba.unilab.edu.br\/wp-content\/uploads\/2018\/03\/Biblioteca-N\u00e1utica.-Revista-S\u00e3o-Felix-BA.-2017-1.pdf\" target=\"_blank\" rel=\"noopener\"><img loading=\"lazy\" decoding=\"async\" aria-describedby=\"caption-attachment-1975\" class=\"wp-image-1975 size-medium\" src=\"https:\/\/nyemba.unilab.edu.br\/wp-content\/uploads\/2018\/03\/1-1-232x300.jpg\" alt=\"\" width=\"232\" height=\"300\" srcset=\"https:\/\/nyemba.unilab.edu.br\/wp-content\/uploads\/2018\/03\/1-1-232x300.jpg 232w, https:\/\/nyemba.unilab.edu.br\/wp-content\/uploads\/2018\/03\/1-1-768x994.jpg 768w, https:\/\/nyemba.unilab.edu.br\/wp-content\/uploads\/2018\/03\/1-1-791x1024.jpg 791w, https:\/\/nyemba.unilab.edu.br\/wp-content\/uploads\/2018\/03\/1-1.jpg 816w\" sizes=\"auto, (max-width: 232px) 100vw, 232px\" \/><\/a><p id=\"caption-attachment-1975\" class=\"wp-caption-text\">Gri\u00f4s na Ba\u00eda de Todos os Santos: Hist\u00f3rias, Lembran\u00e7as e Mem\u00f3rias que Circulam Pelas \u00c1guas. S\u00e3o Felix. Vers\u00e3o on-line. Volume 2. 2018. pdf<\/p><\/div>\n<p>&nbsp;<\/p>\n<p>&nbsp;<\/p>\n<hr \/>\n<p>&nbsp;<\/p>\n","protected":false},"excerpt":{"rendered":"<p>A &nbsp; &nbsp; B &nbsp; &nbsp; &nbsp; &nbsp; &nbsp; &nbsp; E &nbsp; &nbsp; &nbsp; G &nbsp; &nbsp; &nbsp; &nbsp; &nbsp; &nbsp; &nbsp; &nbsp;<\/p>\n","protected":false},"author":2,"featured_media":0,"parent":554,"menu_order":0,"comment_status":"closed","ping_status":"closed","template":"","meta":{"footnotes":""},"class_list":["post-1370","page","type-page","status-publish","hentry"],"_links":{"self":[{"href":"https:\/\/nyemba.unilab.edu.br\/index.php\/wp-json\/wp\/v2\/pages\/1370","targetHints":{"allow":["GET"]}}],"collection":[{"href":"https:\/\/nyemba.unilab.edu.br\/index.php\/wp-json\/wp\/v2\/pages"}],"about":[{"href":"https:\/\/nyemba.unilab.edu.br\/index.php\/wp-json\/wp\/v2\/types\/page"}],"author":[{"embeddable":true,"href":"https:\/\/nyemba.unilab.edu.br\/index.php\/wp-json\/wp\/v2\/users\/2"}],"replies":[{"embeddable":true,"href":"https:\/\/nyemba.unilab.edu.br\/index.php\/wp-json\/wp\/v2\/comments?post=1370"}],"version-history":[{"count":13,"href":"https:\/\/nyemba.unilab.edu.br\/index.php\/wp-json\/wp\/v2\/pages\/1370\/revisions"}],"predecessor-version":[{"id":2003,"href":"https:\/\/nyemba.unilab.edu.br\/index.php\/wp-json\/wp\/v2\/pages\/1370\/revisions\/2003"}],"up":[{"embeddable":true,"href":"https:\/\/nyemba.unilab.edu.br\/index.php\/wp-json\/wp\/v2\/pages\/554"}],"wp:attachment":[{"href":"https:\/\/nyemba.unilab.edu.br\/index.php\/wp-json\/wp\/v2\/media?parent=1370"}],"curies":[{"name":"wp","href":"https:\/\/api.w.org\/{rel}","templated":true}]}}