{"id":1374,"date":"2017-11-18T12:00:28","date_gmt":"2017-11-18T15:00:28","guid":{"rendered":"http:\/\/nyemba.unilab.edu.br\/?page_id=1374"},"modified":"2025-07-02T08:34:16","modified_gmt":"2025-07-02T11:34:16","slug":"textos","status":"publish","type":"page","link":"https:\/\/nyemba.unilab.edu.br\/index.php\/bibliografia-nyemba-indicacoes-de-textos-e-audiovisuais\/textos\/","title":{"rendered":"TEXTOS"},"content":{"rendered":"<h3 style=\"text-align: left;\"><span style=\"color: #800000;\"><strong>A<\/strong><\/span><\/h3>\n<hr \/>\n<p><a href=\"https:\/\/nyemba.unilab.edu.br\/wp-content\/uploads\/2018\/03\/ANDRE-Helena-Reflex\u00f5es-acerca-do-Ensino-de-hist\u00f3ria-em-Angola-2001-2012.pdf\" target=\"_blank\" rel=\"noopener\">ANDRE, Rebeca Helena. Reflex\u00f5es acerca do Ensino de Hist\u00f3ria nos Programas Curriculares de Forma\u00e7\u00e3o de Professores de Hist\u00f3ria em Angola entre 2001 e 2012. <strong>Revista Hist\u00f3ria Hoje<\/strong>, v. 4, n\u00ba 7, p. 19-40 &#8211; 2015.<\/a><\/p>\n<p><a href=\"https:\/\/nyemba.unilab.edu.br\/wp-content\/uploads\/2018\/04\/3454-19433-1-PB.pdf\" target=\"_blank\" rel=\"noopener\">ARRUTI,\u00a0Jos\u00e9 Maur\u00edcio.\u00a0CONCEITOS, NORMAS E N\u00daMEROS: UMA INTRODU\u00c7\u00c3O \u00c0 EDUCA\u00c7\u00c3O ESCOLAR QUILOMBOLA.\u00a0<strong>Revista Contempor\u00e2nea de Educa\u00e7\u00e3o<\/strong>, vol. 12, n. 23, jan\/abr de 2017.<\/a><\/p>\n<hr \/>\n<h3 style=\"text-align: left;\"><strong><span style=\"color: #800000;\">B<\/span><\/strong><\/h3>\n<hr \/>\n<p><a href=\"http:\/\/lattes.cnpq.br\/6583938355056116\">BARROS, Zelinda<\/a>. \u201cPr\u00f3logo\u201d. In: <strong>Racismo Ambiental, Ecologia, Educa\u00e7\u00e3o e Interculturalidade<\/strong>.1\u00aa ed. Campo Grande, MS: Life Editora, 2019. (No prelo)<\/p>\n<p><a href=\"http:\/\/lattes.cnpq.br\/6583938355056116\">BARROS, Zelinda<\/a>. \u201cEu marcho, tu marcha, por que marchamos?\u201d. <strong>Cadernos Sisterhood<\/strong>, v.2, p.23 &#8211; 24, 2017. Dispon\u00edvel em: <a href=\"https:\/\/www2.ufrb.edu.br\/cadernosisterhood\/images\/Cadernos_Sisterhood_volume_2_final_2017.pdf\">https:\/\/www2.ufrb.edu.br\/cadernosisterhood\/images\/Cadernos_Sisterhood_volume_2_final_2017.pdf<\/a><\/p>\n<p><a href=\"http:\/\/lattes.cnpq.br\/6583938355056116\">BARROS, Zelinda<\/a>. \u201cAtivista tamb\u00e9m cansa\u201d. <strong>Portal Geled\u00e9s<\/strong><em>.<\/em> https:\/\/www.geledes.org.br, 2017. Dispon\u00edvel em: <a href=\"https:\/\/www.geledes.org.br\/zelinda-barros-ativistatambem-cansa\/\">https:\/\/www.geledes.org.br\/zelinda-barros-ativistatambem-cansa\/<\/a><\/p>\n<p><a href=\"http:\/\/lattes.cnpq.br\/6583938355056116\"><em>\u00a0<\/em>BARROS, Zelinda<\/a>. \u201c(N\u00e3o) Estamos sozinhas\/os. Ainda bem!\u201d. <strong>Correio Nag\u00f4<\/strong>. http:\/\/correionago.com.br, 2017.<\/p>\n<p><a href=\"http:\/\/lattes.cnpq.br\/6583938355056116\">BARROS, Zelinda<\/a>. \u201cSobre a descoloniza\u00e7\u00e3o do ser (no miudinho)\u201d. <strong>Correio Nag\u00f4<\/strong>. http:\/\/correionago.com.br, 2017. Dispon\u00edvel em: <a href=\"http:\/\/correionago.com.br\/portal\/sobre-a-descolonizacao-do-ser-no-miudinho\/\">http:\/\/correionago.com.br\/portal\/sobre-a-descolonizacao-do-ser-no-miudinho\/<\/a><\/p>\n<p><a href=\"http:\/\/lattes.cnpq.br\/6583938355056116\">BARROS, Zelinda<\/a>. \u201cDemocratizar a educa\u00e7\u00e3o em territ\u00f3rios privativos no ciberespa\u00e7o?\u201d. In: SANTIAGO, Ana Rita et. ali (Org.). <strong>Descoloniza\u00e7\u00e3o do conhecimento no contexto afro-brasileiro<\/strong>.1 ed. Cruz das Almas: Editora da UFRB, 2017, v.1, p. 283-300. Dispon\u00edvel em: <a href=\"https:\/\/bit.ly\/2NiF5YV\">https:\/\/bit.ly\/2NiF5YV<\/a><\/p>\n<p><a href=\"http:\/\/lattes.cnpq.br\/6583938355056116\">BARROS, Zelinda<\/a>. \u201cInterse\u00e7\u00e3o de ra\u00e7a e g\u00eanero num territ\u00f3rio privativo do ciberespa\u00e7o\u201d. In: <strong>30\u00aa Reuni\u00e3o Brasileira de Antropologia<\/strong>, 2016, Jo\u00e3o Pessoa\/PB. Dispon\u00edvel em: <a href=\"http:\/\/www.30rba.abant.org.br\/simposio\/view?ID_MODALIDADE_TRABALHO=2&amp;ID_SIMPOSIO=39\">http:\/\/www.30rba.abant.org.br\/simposio\/view?ID_MODALIDADE_TRABALHO=2&amp;ID_SIMPOSIO=39<\/a><\/p>\n<p><a href=\"http:\/\/lattes.cnpq.br\/6583938355056116\">BARROS, Zelinda<\/a>. Ensino de Hist\u00f3ria e Cultura Afro-brasileiras nas escolas: rumo ao desvinculamento epist\u00eamico?\u00a0<strong>Revista da Associa\u00e7\u00e3o Brasileira de Pesquisadores\/as Negros\/as (ABPN)<\/strong><strong><em>,<\/em><\/strong> [S.l.], v. 7, n. 15, p. 69-91, fev. 2015. ISSN 2177-2770. Dispon\u00edvel em: <a href=\"http:\/\/abpnrevista.org.br\/revista\/index.php\/revistaabpn1\/article\/view\/115\">http:\/\/abpnrevista.org.br\/revista\/index.php\/revistaabpn1\/article\/view\/115<\/a><\/p>\n<p><a href=\"http:\/\/www.bvconsueloponde.ba.gov.br\/modules\/conteudo\/conteudo.php?conteudo=262\" target=\"_blank\" rel=\"noopener\">BIBLIOTECA VIRTUAL CONSUELO POND\u00c9.\u00a0 Perfis Femininos &#8211; Luiza Bairros<\/a><\/p>\n<p><a href=\"https:\/\/www2.ufrb.edu.br\/reconcavos\/edicoes\/n01\/pdf\/brandao.pdf\" target=\"_blank\" rel=\"noopener\">BRAND\u00c3O, Maria de Azevedo.Ensaio: Os V\u00e1rios Rec\u00f4ncavos e seus riscos.\u00a0 <strong>Revista do Centro de Humanidades e Letras<\/strong>.vl (1). 2007.<\/a><\/p>\n<p><a href=\"http:\/\/lattes.cnpq.br\/9670686595047765\">BUENO, Juliana Dourado<\/a>. Terra de neg\u00f3cios, terra de trabalho: a produ\u00e7\u00e3o de flores em Holambra\/SP. <strong>Novos Cadernos NAEA<\/strong>, v. 18, p. 183-196, 2015.<\/p>\n<hr \/>\n<h3 style=\"text-align: left;\"><span style=\"color: #800000;\"><strong>C<\/strong><\/span><\/h3>\n<hr \/>\n<p><a href=\"https:\/\/edisciplinas.usp.br\/pluginfile.php\/375003\/mod_resource\/content\/0\/Carneiro_Feminismo%20negro.pdf\" target=\"_blank\" rel=\"noopener\">CARNEIRO, Sueli.\u00a0ENEGRECER O FEMINISMO: A SITUA\u00c7\u00c3O DA MULHER NEGRA NA AM\u00c9RICA LATINA A PARTIR DE UMA PERSPECTIVA DE G\u00caNERO. Dispon\u00edvel em: NegraCubana.<\/a><\/p>\n<p><a href=\"https:\/\/www.geledes.org.br\/wp-content\/uploads\/2015\/05\/G%C3%AAnero-ra%C3%A7a-e-ascen%C3%A7%C3%A3o-social.pdf\" target=\"_blank\" rel=\"noopener\">CARNEIRO, Sueli.\u00a0G\u00eanero, ra\u00e7a e ascen\u00e7\u00e3o social. <strong>Revista Estudos Feministas<\/strong>. Ano 3 550. 2\u00b0 Semestre 1995.<\/a><\/p>\n<p><a href=\"http:\/\/www.scielo.br\/pdf\/ea\/v17n49\/18400.pdf\" target=\"_blank\" rel=\"noopener\">CARNEIRO, Sueli. Mulheres em movimento. <strong>Estudos Avan\u00e7ados<\/strong> 17 (49). 2003.<\/a><\/p>\n<p><a href=\"http:\/\/www2.iict.pt\/archive\/doc\/bHL_Ano_VI_16_Claudia_Castelo__Uma_incursao_no_lusotropicalismo.pdf\" target=\"_blank\" rel=\"attachment wp-att-441 noopener\">CATELO, Cl\u00e1udia. Uma incurs\u00e3o no lusotropicalismo de Gilberto Freyre. 2011.<\/a><\/p>\n<hr \/>\n<h3 style=\"text-align: left;\"><span style=\"color: #800000;\"><strong>F<\/strong><\/span><\/h3>\n<hr \/>\n<p><a href=\"\/Users\/helka\/Downloads\/2560-6814-1-PB.pdf\" target=\"_blank\" rel=\"attachment wp-att-738 noopener\">FRAGA FILHO, Walter. Migra\u00e7\u00f5es, itiner\u00e1rios e esperan\u00e7as de mobilidade social no rec\u00f4ncavo baiano ap\u00f3s a Aboli\u00e7\u00e3o. <strong>Cadernos AEL<\/strong>, vl. 14, n26. 2009.<\/a><\/p>\n<hr \/>\n<h3 style=\"text-align: left;\"><strong><span style=\"color: #800000;\">G<\/span><\/strong><\/h3>\n<hr \/>\n<p><a href=\"http:\/\/www.onumulheres.org.br\/wp-content\/uploads\/2016\/04\/FINAL-WEB-Racismo-Institucional-uma-abordagem-conceitual.pdf\" target=\"_blank\" rel=\"noopener\">GELED\u00c9S [org.]. Racismo institucional: uma abordagem conceitual &#8211; ONU Mulheres. 2013.<\/a><\/p>\n<p><a href=\"https:\/\/drive.google.com\/file\/d\/0B7G8C4JphG55Vk5LQjdhVUN4bFE\/view\" target=\"_blank\" rel=\"noopener\">GODOI, Emilia; NEIMEYER, Ana Maria (orgs). <strong>Al\u00e9m dos Territ\u00f3rios<\/strong>: para um di\u00e1logo entre a etnologia ind\u00edgena os estudos rurais e os estudos urbanos. Campinas, SP: Mercado de Livros. 1998.<\/a><\/p>\n<p><a href=\"https:\/\/drive.google.com\/file\/d\/0B8ny_UZCtJZGU3cyY0NhMzRNcWs\/view\" target=\"_blank\" rel=\"noopener\">GONZALES, L\u00e9lia.\u00a0Racismo e sexismo na cultura brasileira.\u00a0In: <strong>Revista Ci\u00eancias Sociais Hoje<\/strong>, Anpocs, 1984, p. 223-244.<\/a><\/p>\n<hr \/>\n<h3 style=\"text-align: left;\"><strong><span style=\"color: #800000;\">H<\/span><\/strong><\/h3>\n<hr \/>\n<p><a href=\"http:\/\/forumeja.org.br\/br\/sites\/forumeja.org.br\/files\/A%20tradi%C3%A7%C3%A3o%20viva%20-%20Amadou%20Hampat%C3%A9%20B%C3%A2%20(texto%20basico).pdf\" target=\"_blank\" rel=\"attachment wp-att-629 noopener\">HAMPAT\u00c9 B\u00c2, A. A tradi\u00e7\u00e3o viva. In.: J. KI-ZWRBO (org.). <strong>Hist\u00f3ria da \u00c1frica:<\/strong> I Metodologia e pr\u00e9-hist\u00f3ria a \u00c1frica. Trad: Beatriz Turquetil&#8230; et al. S\u00e3o Paulo, 1982.<\/a><\/p>\n<p><a href=\"https:\/\/mail-attachment.googleusercontent.com\/attachment\/u\/0\/?ui=2&amp;ik=114cb5a937&amp;view=att&amp;th=15ff686810dfb6ac&amp;attid=0.3&amp;disp=inline&amp;realattid=f_jag8og2j17&amp;safe=1&amp;zw&amp;saddbat=ANGjdJ_4JQyuvt_O7dENCOAfD5ZBs2jl9ducPRp1I3eihquglfWm-WBd1lwF_MdOwoz3c3yC8hgaEB7nstV4dJtpgCmXIMKUCUOPAQyGVBDY5NnjE31Jns5duSo6sWk77EX2Umxck-6dCzgtsdvnvbUBG2eNPf1L01LCZiYAsh_4_M8RyAeewdecOskihrp33S7UPctKz89EgvYKQiiNzPRTa2fyn1uiU2MEk6l5A6Q6cPhMDg9UcBBKKY2DyX2pZJArBUt3bmnf7aIDho8Cu1qt-PKHUThNj86rLllKVqKE_bDEN6MQWFhPFGFvvbwNADVLL5i6vyomE5dHEg4CDIEFU4ZWiU9yeyNmX8GOeYtovMb0sBqcXiP-byA91v7EZLuEv86rJeFKEOHO1c1LvMITTOCQuBLCe9unIRO9JrWPUvUqC1wGAkcvc3NK_VrqENEtdB0ZFkkMHr6CCxbKoBY73FIef2F8Id21E_eVvMQYVofBUhQ_c7IzMgy-P8QBSkKcXdeBazi90H5Jv3hqWVGaCNKBSTjXWV3p0fRKH--Fo5S70uwV8597mCzYe0kwH-TcNQWs1XRdbB_xGIVUtRiiee63FrrrqvGWuZBpMw\" target=\"_blank\" rel=\"noopener\">HERETICA DIFUS\u00c3O LESBOFEMINISTA. Textos escolhidos de Audre Lord.\u00a0<\/a><\/p>\n<hr \/>\n<h3 style=\"text-align: left;\"><span style=\"color: #800000;\"><strong>I<\/strong><\/span><\/h3>\n<hr \/>\n<p><a href=\"https:\/\/drive.google.com\/file\/d\/1UJ2GOjdKnk9sKw9ATqhwT8VUka_bP2BG\/view\" target=\"_blank\" rel=\"noopener\">INGOLD, Tim.<strong> Estar vivo<\/strong>: ensaios sobre movimentos, conhecimentos e descri\u00e7\u00e3o; tradu\u00e7\u00e3o de F\u00e1bio Creder. &#8211; Petr\u00f3polis, RJ: Vozes, 2015. (cole\u00e7\u00e3o Antropologia).<\/a><\/p>\n<hr \/>\n<h3 style=\"text-align: left;\"><strong><span style=\"color: #800000;\">K<\/span><\/strong><\/h3>\n<hr \/>\n<p><a href=\"https:\/\/www.revistas.usp.br\/clt\/article\/viewFile\/115286\/112968\" target=\"_blank\" rel=\"noopener\">KILOMBA, Grada.\u00a0<strong>A M\u00e1scara<\/strong>.\u00a0Traduzido por Jessica Oliveira de Jesus.\u00a0Cadernos de Literatura em Tradu\u00e7\u00e3o, n. 16, p. 171-180<\/a><\/p>\n<h3><\/h3>\n<hr \/>\n<h3 style=\"text-align: left;\"><span style=\"color: #800000;\"><strong>M<\/strong><\/span><\/h3>\n<hr \/>\n<p><a href=\"\/Users\/helka\/Downloads\/Um%20Jogo%20de%20Identidades_Jurema.pdf\" target=\"_blank\" rel=\"attachment wp-att-537 noopener\">MACHADO, Jurema. Um Jogo de Identidades. 2010.<\/a><\/p>\n<p><a href=\"\/Users\/helka\/Downloads\/Parentesco_e_organiza%C3%A7%C3%A3o_social_Jurema_Machado.pdf\" target=\"_blank\" rel=\"attachment wp-att-536 noopener\">MACHADO, Jurema. Parentesco e organiza\u00e7\u00e3o social. 2012.<\/a><\/p>\n<p><a href=\"http:\/\/educacao.salvador.ba.gov.br\/adm\/wp-content\/uploads\/2015\/05\/mitos.pdf\" target=\"_blank\" rel=\"attachment wp-att-630 noopener\">MACHADO, Vanda. <strong>Projeto Ir\u00ea Ay\u00f3<\/strong>. Bras\u00edlia: Funda\u00e7\u00e3o Cultural Palmares, s\/n.<\/a><\/p>\n<p><a href=\"https:\/\/www.geledes.org.br\/wp-content\/uploads\/2014\/04\/Uma-abordagem-conceitual-das-nocoes-de-raca-racismo-dentidade-e-etnia.pdf\" target=\"_blank\" rel=\"noopener\">MUNANGA, Kabenguele. Uma abordagem conceitual das no\u00e7\u00f5es de ra\u00e7a, racismo, identidade e etnia. Palestra proferida no 3\u00ba Semin\u00e1rio Nacional Rela\u00e7\u00f5es Raciais e Educa\u00e7\u00e3o. <strong>Cadernos PENESB<\/strong>-RJ, 05\/11\/03<\/a><\/p>\n<hr \/>\n<h3 style=\"text-align: left;\"><strong><span style=\"color: #800000;\">O<\/span><\/strong><\/h3>\n<hr \/>\n<p><a href=\"https:\/\/filosofia-africana.weebly.com\/uploads\/1\/3\/2\/1\/13213792\/eduardo_oliveira_-_epistemologia_da_ancestralidade.pdf\" target=\"_blank\" rel=\"noopener\">OLIVEIRA, Eduardo.\u00a0Epistemologia da Ancestralidade.<\/a><\/p>\n<hr \/>\n<h3 style=\"text-align: left;\"><span style=\"color: #800000;\"><strong>P<\/strong><\/span><\/h3>\n<hr \/>\n<p class=\"site-title\"><a href=\"https:\/\/palavrapreta.wordpress.com\/\" target=\"_blank\" rel=\"noopener\">PALAVRA, PRETA!\u00a0poesia di dende. site\/blog<\/a><\/p>\n<p><a href=\"https:\/\/educacaoemfoco.ufjf.emnuvens.com.br\/edufoco\/article\/viewFile\/3194\/99\" target=\"_blank\" rel=\"noopener\">PETIT, Sandra Hayd\u00e9e. PR\u00c1TICAS PEDAG\u00d3GICAS PARA A LEI N\u00ba 10.639\/2003: <\/a><a><img decoding=\"async\" class=\"citavipicker\" style=\"border: 0px none!important; width: 16px!important; height: 16px!important; margin-left: 1px !important; margin-right: 1px !important;\" title=\"Add to Citavi project by DOI\" src=\"data:image\/svg+xml;base64,PD94bWwgdmVyc2lvbj0iMS4wIiBlbmNvZGluZz0idXRmLTgiPz48IURPQ1RZUEUgc3ZnIFBVQkxJQyAiLS8vVzNDLy9EVEQgU1ZHIDEuMS8vRU4iICJodHRwOi8vd3d3LnczLm9yZy9HcmFwaGljcy9TVkcvMS4xL0RURC9zdmcxMS5kdGQiPjxzdmcgdmVyc2lvbj0iMS4xIiBpZD0iRWJlbmVfMSIgeG1sbnM9Imh0dHA6Ly93d3cudzMub3JnLzIwMDAvc3ZnIiB4bWxuczp4bGluaz0iaHR0cDovL3d3dy53My5vcmcvMTk5OS94bGluayIgeD0iMHB4IiB5PSIwcHgiIHdpZHRoPSIxNnB4IiBoZWlnaHQ9IjE2cHgiIHZpZXdCb3g9IjAgMCAxNiAxNiIgZW5hYmxlLWJhY2tncm91bmQ9Im5ldyAwIDAgMTYgMTYiIHhtbDpzcGFjZT0icHJlc2VydmUiPjxnPjxnPjxwYXRoIGZpbGw9IiNGRkZGRkYiIGQ9Ik04LjAwMSwxNS41QzMuODY0LDE1LjUsMC41LDEyLjEzNiwwLjUsOGMwLTQuMTM1LDMuMzY1LTcuNSw3LjUwMS03LjVTMTUuNSwzLjg2NCwxNS41LDhTMTIuMTM3LDE1LjUsOC4wMDEsMTUuNXoiLz48cGF0aCBmaWxsPSIjRDUyQjFFIiBkPSJNOC4wMDEsMUMxMS44NiwxLDE1LDQuMTQxLDE1LDhzLTMuMTM5LDctNi45OTksN0M0LjE0LDE1LDEsMTEuODU5LDEsOFM0LjE0LDEsOC4wMDEsMSBNOC4wMDEsMEMzLjU4MiwwLDAsMy41ODIsMCw4czMuNTgyLDgsOC4wMDEsOEMxMi40MTgsMTYsMTYsMTIuNDE4LDE2LDhTMTIuNDE4LDAsOC4wMDEsMEw4LjAwMSwweiIvPjwvZz48cGF0aCBmaWxsPSIjRDUyQjFFIiBkPSJNNi43NDUsMTIuNTg5Yy0wLjIyNywwLjEyMi0wLjQ5NywwLjI0Ny0wLjY4NCwwLjI0N2MtMC4zMTgsMC0wLjUwMS0wLjE2NC0wLjUwMS0wLjQ1MmMwLTAuMjA3LDAuMTQtMC4zNzUsMC41OTUtMC42MjJjMS41NDktMC45MDQsMi41OTQtMi4yNzIsMi41OTQtMy43MjFjMC0wLjgyNS0wLjIyNy0xLjExOS0wLjY4MS0xLjExOWMtMC4xMzUsMC0wLjMyLDAuMjE5LTAuNjM2LDAuMjE5SDcuMTU3QzYuMTAyLDcuMTQzLDUuMzMzLDYuMjY0LDUuMzMzLDUuMjNjMC0xLjE1MiwwLjk1OC0yLjAwNiwyLjI4LTIuMDA2YzEuNzc3LDAsMy4wNTMsMS4zNzMsMy4wNTMsMy40M0MxMC42NjYsOS4yMTUsOS4yMDMsMTEuMjcsNi43NDUsMTIuNTg5Ii8+PC9nPjwvc3ZnPg\" \/><\/a><a href=\"https:\/\/educacaoemfoco.ufjf.emnuvens.com.br\/edufoco\/article\/viewFile\/3194\/99\" target=\"_blank\" rel=\"noopener\"> A CRIA\u00c7\u00c3O DE NOVA ABORDAGEM DE FORMA\u00c7\u00c3O NA PERSPECTIVA DAS AFRICANIDADES.\u00a0Educ. Foco, Juiz de Fora, v.21, n.3, 657 set. \/ dez. 2016<\/a><\/p>\n<hr \/>\n<h3 style=\"text-align: left;\"><span style=\"color: #800000;\"><strong>R<\/strong><\/span><\/h3>\n<hr \/>\n<p><a href=\"https:\/\/nyemba.unilab.edu.br\/wp-content\/uploads\/2018\/01\/9953-29706-1-PB.pdf\" target=\"_blank\" rel=\"noopener\">RIBEIRO, Matilde.\u00a0Mulheres negras: Uma trajet\u00f3ria de criatividade, determina\u00e7\u00e3o e organiza\u00e7\u00e3o.\u00a0<strong>Estudos Feministas<\/strong>, Florian\u00f3polis, 16(3): 424, setembro-dezembro\/2008.<\/a><\/p>\n<hr \/>\n<h3 style=\"text-align: left;\"><strong><span style=\"color: #800000;\">\u00a0S<\/span><\/strong><\/h3>\n<hr \/>\n<p><a href=\"https:\/\/antologiapanteranegra.files.wordpress.com\/2018\/02\/antologia_panterasnegras.pdf\" target=\"_blank\" rel=\"noopener\">SAMYN,\u00a0Henrique\u00a0Marques\u00a0(org.).\u00a0<strong>Por\u00a0uma\u00a0revolu\u00e7\u00e3o\u00a0 antirracista<\/strong>:\u00a0uma\u00a0antologia\u00a0de\u00a0textos\u00a0dos\u00a0Panteras\u00a0 Negras\u00a0(1968\u00ad1971).\u00a0Organiza\u00e7\u00e3o,\u00a0tradu\u00e7\u00e3o,\u00a0introdu\u00e7\u00e3o\u00a0 e\u00a0notas\u00a0por\u00a0Henrique\u00a0Marques\u00a0Samyn.\u00a0Rio\u00a0de\u00a0Janeiro:\u00a0 edi\u00e7\u00e3o\u00a0do\u00a0autor,\u00a02018.<\/a><\/p>\n<p><a href=\"https:\/\/mail-attachment.googleusercontent.com\/attachment\/u\/0\/?ui=2&amp;ik=114cb5a937&amp;view=att&amp;th=16286e1ee59bbeb3&amp;attid=0.2&amp;disp=inline&amp;realattid=f_jfb6ei8x1&amp;safe=1&amp;zw&amp;saddbat=ANGjdJ_VGq7_6Nqr08iHf2Tnuqu8el1VXLWNx6J2EsfsrGUW8mJvP4X1y6fkh1Gcmv_VogM3g6kC6bfpqcZJtMTcTWYbUfx7pH3z9ErUiIHRGFNfwsBwLQvLzH9R41YGlY6uDfTES0I25mN3TbB3cI6VVER-x6cso8J0UFuu6FnGUet2BioLr19wWtktc2ozsxjOB570zNPZrRxTPJ-wvsNe4kH1CdU9vFKOysDBO6CL35ZomeFPVA1LJPr3rykDToiOHkb7C2e5jAhtDbMB9OEptnN80uO7yTwTf4WbcozCbuKVYUpuih-Ir6LEmWCwlQIK2BsJzZGPQyAsu0jtC9vO1svHDKEwYeAlPGmU_Cw4RWlNYuYkhv_zEG4dPL0weXKn-s4wvu1DwsqZmyaN1_InWztIWH1RJ00AZrsttSfdrQVdX3fZbdSV29cD_xdzcft8V8SDydBSieGy3TCtQOaDDr48nPFjHK8d_ofalgeXcvDtA5ItkSKwUKm8znqTLJZcybeW7Wml7aa5mw0NictxFbZCtHdH1K6MPTzwBpBMPJA3T3so1iYT5KrrbrAffMku1Xm3ZK6SjMoZKQ_5nu6si78wc8QlAitQUqb0pQ\" target=\"_blank\" rel=\"noopener\">SOUZA, Elizeu Clementino.\u00a0(Auto)biografia, hist\u00f3rias de vida e pr\u00e1ticas de forma\u00e7\u00e3o. Artigo apresentado no\u00a0o II Encontro Norte \u2013 Nordeste de Hist\u00f3ria da Educa\u00e7\u00e3o e I Encontro Maranhense de Hist\u00f3ria da Educa\u00e7\u00e3o. 2007.<\/a><\/p>\n<hr \/>\n<h3 style=\"text-align: left;\"><a href=\"https:\/\/www.geledes.org.br\/e-nao-sou-uma-mulher-sojourner-truth\/\" target=\"_blank\" rel=\"noopener\"><span style=\"color: #800000;\"><strong>T<\/strong><\/span><\/a><\/h3>\n<hr \/>\n<p><a href=\"https:\/\/www.geledes.org.br\/e-nao-sou-uma-mulher-sojourner-truth\/\" target=\"_blank\" rel=\"noopener\">TRUTH, Sojourner. Eu n\u00e3o sou uma mulher?. \/ tradu\u00e7\u00e3o:\u00a0Osmundo Pinho .\u00a0<span style=\"font-weight: inherit;\">Austin, janeiro de 2014.\u00a0<\/span>dispon\u00edvel em:\u00a0https:\/\/www.geledes.org.br\/e-nao-sou-uma-mulher-sojourner-truth\/<\/a>.<\/p>\n<h6><\/h6>\n<hr \/>\n<h6 style=\"text-align: right;\"><span style=\"color: #808080;\"><em><strong>Obs.: Textos dispon\u00edveis on-line.<\/strong><\/em><\/span><\/h6>\n","protected":false},"excerpt":{"rendered":"<p>A ANDRE, Rebeca Helena. Reflex\u00f5es acerca do Ensino de Hist\u00f3ria nos Programas Curriculares de Forma\u00e7\u00e3o de Professores de Hist\u00f3ria em Angola entre 2001 e 2012. Revista Hist\u00f3ria Hoje, v. 4, n\u00ba 7, p. 19-40 &#8211; 2015. ARRUTI,\u00a0Jos\u00e9 Maur\u00edcio.\u00a0CONCEITOS, NORMAS E N\u00daMEROS: UMA INTRODU\u00c7\u00c3O \u00c0 EDUCA\u00c7\u00c3O ESCOLAR QUILOMBOLA.\u00a0Revista Contempor\u00e2nea de Educa\u00e7\u00e3o, vol. 12, n. 23, jan\/abr [&hellip;]<\/p>\n","protected":false},"author":2,"featured_media":0,"parent":554,"menu_order":0,"comment_status":"closed","ping_status":"closed","template":"","meta":{"footnotes":""},"class_list":["post-1374","page","type-page","status-publish","hentry"],"_links":{"self":[{"href":"https:\/\/nyemba.unilab.edu.br\/index.php\/wp-json\/wp\/v2\/pages\/1374","targetHints":{"allow":["GET"]}}],"collection":[{"href":"https:\/\/nyemba.unilab.edu.br\/index.php\/wp-json\/wp\/v2\/pages"}],"about":[{"href":"https:\/\/nyemba.unilab.edu.br\/index.php\/wp-json\/wp\/v2\/types\/page"}],"author":[{"embeddable":true,"href":"https:\/\/nyemba.unilab.edu.br\/index.php\/wp-json\/wp\/v2\/users\/2"}],"replies":[{"embeddable":true,"href":"https:\/\/nyemba.unilab.edu.br\/index.php\/wp-json\/wp\/v2\/comments?post=1374"}],"version-history":[{"count":32,"href":"https:\/\/nyemba.unilab.edu.br\/index.php\/wp-json\/wp\/v2\/pages\/1374\/revisions"}],"predecessor-version":[{"id":3138,"href":"https:\/\/nyemba.unilab.edu.br\/index.php\/wp-json\/wp\/v2\/pages\/1374\/revisions\/3138"}],"up":[{"embeddable":true,"href":"https:\/\/nyemba.unilab.edu.br\/index.php\/wp-json\/wp\/v2\/pages\/554"}],"wp:attachment":[{"href":"https:\/\/nyemba.unilab.edu.br\/index.php\/wp-json\/wp\/v2\/media?parent=1374"}],"curies":[{"name":"wp","href":"https:\/\/api.w.org\/{rel}","templated":true}]}}