{"id":1394,"date":"2017-11-18T13:28:03","date_gmt":"2017-11-18T16:28:03","guid":{"rendered":"http:\/\/nyemba.unilab.edu.br\/?page_id=1394"},"modified":"2018-04-17T13:35:47","modified_gmt":"2018-04-17T16:35:47","slug":"textos-2","status":"publish","type":"page","link":"https:\/\/nyemba.unilab.edu.br\/index.php\/extensao\/biblioteca-nautica-na-baia-de-todos-os-santos\/acervo-digital-biblioteca-nautica-na-baia-de-todos-os-santos\/textos-2\/","title":{"rendered":"Textos"},"content":{"rendered":"<h3 style=\"text-align: right;\"><span style=\"color: #800000;\"><strong>A<\/strong><\/span><\/h3>\n<hr \/>\n<p><strong><a href=\"https:\/\/nyemba.unilab.edu.br\/wp-content\/uploads\/2017\/04\/A-tradi\u00e7\u00e3o-viva-Amadou-Hampat\u00e9-B\u00e2-texto-basico.pdf\" target=\"_blank\" rel=\"noopener\">A. HAMPAT\u00c9 B\u00c2. A tradi\u00e7\u00e3o viva. In.: J. KI-ZWRBO (org.). Hist\u00f3ria da \u00c1frica: I Metodologia e pr\u00e9-hist\u00f3ria a \u00c1frica. Trad: Beatriz Turquetil&#8230; et al. S\u00e3o Paulo, 1982<\/a><\/strong><\/p>\n<p>&nbsp;<\/p>\n<hr \/>\n<h3 style=\"text-align: right;\"><span style=\"color: #800000;\"><strong>B<\/strong><\/span><\/h3>\n<hr \/>\n<p><strong><a href=\"https:\/\/nyemba.unilab.edu.br\/wp-content\/uploads\/2017\/04\/Os-V\u00e1rios-Rec\u00f4ncavos-e-seus-riscos-1.pdf\" target=\"_blank\" rel=\"noopener\">BRAND\u00c3O, Maria de Azevedo. Ensaio: Os V\u00e1rios Rec\u00f4ncavos e seus riscos.\u00a0 Revista do Centro de Humanidades e Letras.vl (1). 2007<\/a><\/strong><\/p>\n<p>&nbsp;<\/p>\n<hr \/>\n<h3 style=\"text-align: right;\"><span style=\"color: #800000;\"><strong>G<\/strong><\/span><\/h3>\n<hr \/>\n<p><strong><a href=\"https:\/\/editorarealize.com.br\/revistas\/fiped\/trabalhos\/TRABALHO_EV057_MD1_SA14_ID1534_09092016143009.pdf\" target=\"_blank\" rel=\"noopener\">GERTUDES,\u00a0Jezabel Mitsa do Nascimento.\u00a0A PRETAGOGIA COMO METODOLOGIA DE COMBATE AO RACISMO NO COTIDIANO ESCOLAR.\u00a0Esse artigo foi fruto de um trabalho curricular da componente curricular: Pretagogia do curso de Pedagogia da Universidade da Integra\u00e7\u00e3o Internacional da Lusofonia Afro Brasileira.<\/a><\/strong><\/p>\n<p>&nbsp;<\/p>\n<hr \/>\n<h3 style=\"text-align: right;\"><span style=\"color: #800000;\"><strong>H<\/strong><\/span><\/h3>\n<hr \/>\n<p><strong><a href=\"http:\/\/unesdoc.unesco.org\/images\/0019\/001902\/190249por.pdf\" target=\"_blank\" rel=\"noopener\">HAMA, Boubou; KI-ZERBO, Joseph. Lugar da hist\u00f3ria na sociedade africana. In: KI-ZERBO, Joseph (org.). Metodologia e pr\u00e9-hist\u00f3ria da \u00c1frica. Vol. 1. Trad. MEC \u2013 Centro de Estudos Afro-Brasileiros da Universidade Federal de S\u00e3o Carlos. 3 ed. S\u00e3o Paulo: Cortez; Bras\u00edlia: UNESCO, 2011, Cap.2\u00a0 p. 23-35.<\/a><\/strong><\/p>\n<p>&nbsp;<\/p>\n<hr \/>\n<h3 style=\"text-align: right;\"><span style=\"color: #800000;\"><strong>M<\/strong><\/span><\/h3>\n<hr \/>\n<p><a href=\"http:\/\/educacao.salvador.ba.gov.br\/adm\/wp-content\/uploads\/2015\/05\/mitos.pdf\" target=\"_blank\" rel=\"attachment wp-att-630 noopener\"><strong>MACHADO,<\/strong><\/a><strong><a href=\"http:\/\/educacao.salvador.ba.gov.br\/adm\/wp-content\/uploads\/2015\/05\/mitos.pdf\" target=\"_blank\" rel=\"attachment wp-att-630 noopener\"> Vanda. Projeto Ir\u00ea Ay\u00f3. Bras\u00edlia: Funda\u00e7\u00e3o Cultural Palmares, s\/n<\/a><\/strong><\/p>\n<p>&nbsp;<\/p>\n<hr \/>\n<p>&nbsp;<\/p>\n","protected":false},"excerpt":{"rendered":"<p>A A. HAMPAT\u00c9 B\u00c2. A tradi\u00e7\u00e3o viva. In.: J. KI-ZWRBO (org.). Hist\u00f3ria da \u00c1frica: I Metodologia e pr\u00e9-hist\u00f3ria a \u00c1frica. Trad: Beatriz Turquetil&#8230; et al. S\u00e3o Paulo, 1982 &nbsp; B BRAND\u00c3O, Maria de Azevedo. Ensaio: Os V\u00e1rios Rec\u00f4ncavos e seus riscos.\u00a0 Revista do Centro de Humanidades e Letras.vl (1). 2007 &nbsp; G GERTUDES,\u00a0Jezabel Mitsa do [&hellip;]<\/p>\n","protected":false},"author":2,"featured_media":0,"parent":1260,"menu_order":0,"comment_status":"closed","ping_status":"closed","template":"","meta":{"footnotes":""},"class_list":["post-1394","page","type-page","status-publish","hentry"],"_links":{"self":[{"href":"https:\/\/nyemba.unilab.edu.br\/index.php\/wp-json\/wp\/v2\/pages\/1394","targetHints":{"allow":["GET"]}}],"collection":[{"href":"https:\/\/nyemba.unilab.edu.br\/index.php\/wp-json\/wp\/v2\/pages"}],"about":[{"href":"https:\/\/nyemba.unilab.edu.br\/index.php\/wp-json\/wp\/v2\/types\/page"}],"author":[{"embeddable":true,"href":"https:\/\/nyemba.unilab.edu.br\/index.php\/wp-json\/wp\/v2\/users\/2"}],"replies":[{"embeddable":true,"href":"https:\/\/nyemba.unilab.edu.br\/index.php\/wp-json\/wp\/v2\/comments?post=1394"}],"version-history":[{"count":8,"href":"https:\/\/nyemba.unilab.edu.br\/index.php\/wp-json\/wp\/v2\/pages\/1394\/revisions"}],"predecessor-version":[{"id":2077,"href":"https:\/\/nyemba.unilab.edu.br\/index.php\/wp-json\/wp\/v2\/pages\/1394\/revisions\/2077"}],"up":[{"embeddable":true,"href":"https:\/\/nyemba.unilab.edu.br\/index.php\/wp-json\/wp\/v2\/pages\/1260"}],"wp:attachment":[{"href":"https:\/\/nyemba.unilab.edu.br\/index.php\/wp-json\/wp\/v2\/media?parent=1394"}],"curies":[{"name":"wp","href":"https:\/\/api.w.org\/{rel}","templated":true}]}}