{"id":1420,"date":"2017-11-19T10:40:46","date_gmt":"2017-11-19T13:40:46","guid":{"rendered":"http:\/\/nyemba.unilab.edu.br\/?page_id=1420"},"modified":"2018-05-02T16:07:11","modified_gmt":"2018-05-02T19:07:11","slug":"materiais-metodologicos","status":"publish","type":"page","link":"https:\/\/nyemba.unilab.edu.br\/index.php\/extensao\/biblioteca-nautica-na-baia-de-todos-os-santos\/acervo-digital-biblioteca-nautica-na-baia-de-todos-os-santos\/materiais-metodologicos\/","title":{"rendered":"Materiais Pedag\u00f3gicos"},"content":{"rendered":"<p><strong>Materiais da Biblioteca N\u00e1utica:<\/strong><\/p>\n<p>&nbsp;<\/p>\n<p><a href=\"https:\/\/nyemba.unilab.edu.br\/wp-content\/uploads\/2017\/11\/CATALOGO-BIBLIOTECA-NAUTICA-VERSAO-FINAL-ordem-alfabetica.pdf\" target=\"_blank\" rel=\"noopener\">CAT\u00c1LOGO BIBLIOTECA N\u00c1UTICA NA BA\u00cdA DE TODOS OS SANTOS, Indica\u00e7\u00f5es de materiais \u00e9tnico-raciais. vl.1. 2016<\/a><\/p>\n<p><a href=\"https:\/\/mail-attachment.googleusercontent.com\/attachment\/u\/0\/?ui=2&amp;ik=114cb5a937&amp;view=att&amp;th=1601e49dc312cbf6&amp;attid=0.1&amp;disp=inline&amp;safe=1&amp;zw&amp;saddbat=ANGjdJ94N7BTmxXSkng-7-6m_vEELHnqkbhnLScSIiO2jHjMxfBiw5wQSxSQX04kuFb8NlllvGmZRIp-ofZpfwMBdVeXgMfjE8tR0B8n7ubE14dLRZT2OQleOw54CXZRCiqtpw8y8VWBxbd8jUcd9GhSwu8tH5Tz8t9AthIgjXVLfLmJT2eeiZsLeSdq1pqhzawWp1w6nEwDqTMi7sy5Y99CHRIGKzCYhN8IWgeMFn77iHqkazdNAO2ezVH7nZBKU3Jn5s-V9op3Tpsq5pQYzOkDx1YuUzcz5MQLZI0wx9VjS80SYuwqvKyAzk0phRgy0CfGBpn1eYThd7TF_9WW10sb452RJ_UhjCtXbGg0R4bkcw_KFEGtjBdlVnjaI_xY6YhvbLxCgtL8Ismt-OT-1UWkw3ooVGsdq6OwbgBYZzVywAfqv1pw6lQMylZX_x6si-UXAJdf6w8guCGVXRQieoPy-w8ipmjfaQVdBsmKphfyFHZ541_aFZB1flBGgtX1D7vibzMOTjfpPgfXVgelUe2eN-Wg0A4soN3-jxlh0UjI-4G_dtNoDRnU1tMrUa55NgfSlVcjpV4MbPVH3wOlCOTD3xL84_j25t6yYYlOyw\" target=\"_blank\" rel=\"noopener\">Gri\u00f4s na Ba\u00eda de Todos os Santos: Hist\u00f3rias, Lembran\u00e7as e Mem\u00f3rias que Circulam Pelas \u00c1guas. Maragogipe. Vers\u00e3o on-line.\u00a0 Volume 1. 2017. pdf<\/a><\/p>\n<p><a href=\"https:\/\/nyemba.unilab.edu.br\/wp-content\/uploads\/2018\/03\/Biblioteca-N%C3%A1utica.-Revista-S%C3%A3o-Felix-BA.-2017.pdf\" target=\"_blank\" rel=\"noopener\">Gri\u00f4s na Ba\u00eda de Todos os Santos: Hist\u00f3rias, Lembran\u00e7as e Mem\u00f3rias que Circulam Pelas \u00c1guas. S\u00e3o Felix. Vers\u00e3o on-line.\u00a0Volume 2. 2018. pdf<\/a><\/p>\n<p>&nbsp;<\/p>\n<p>&nbsp;<\/p>\n<hr \/>\n<p><strong>Outros Materiais:<\/strong><\/p>\n<p>&nbsp;<\/p>\n<p><a href=\"https:\/\/africaarteeducacao.ciar.ufg.br\/modulo3\/index.html\" target=\"_blank\" rel=\"noopener\">\u00c1FRICA EM ARTE &#8211;\u00a0\u00a0<span style=\"font-weight: inherit;\">Hist\u00f3ria cartogr\u00e1fica do continente africano. Apostila Multim\u00eddia. CRIAR-UFG<\/span><\/a><\/p>\n<p><a href=\"https:\/\/drive.google.com\/file\/d\/0B8ny_UZCtJZGU1VyYzV6bVdYcFE\/view\" target=\"_blank\" rel=\"noopener\">APOSTILA &#8211; Jogos infantis africanos e afro brasileiros.\u00a0D\u00e9bora Alfaia da Cunha &amp; Cl\u00e1udio Lopes de Freitas.\u00a0\u00a0II Semana da Consci\u00eancia Negra UFPA\/CUNTINS 2010 \u2013 p. 1<\/a><\/p>\n<p><a href=\"https:\/\/mail-attachment.googleusercontent.com\/attachment\/u\/0\/?ui=2&amp;ik=114cb5a937&amp;view=att&amp;th=15fd6a7740e2589e&amp;attid=0.1&amp;disp=inline&amp;safe=1&amp;zw&amp;saddbat=ANGjdJ-t_OlHpFAbhRbm2XUVNNwrOhjYroqYilrJJjtRFuxcgEpLUroqo0rFMDo92YoNrFelIn2YRn-qKRFmPZz-x39dGniphswck12p5xROpnNdT2bM1zGWnVfB-7bmM4J9ThLcOwTnacJJwtcjBAErxyKhdXlYpOhg63O_D05fp1ZsFpB7Zwa7PNb6exA2DvOfgiR9FE0HaU8nV-hjh3-Yicyk-sV3YoPwH404RlNfJRSUjYAzVHEtYQVfr92KYVc1d3P8gkfHn-MgWKnpfO3ssEUf-iZEUVNeuIBQYQ285qP-BcMvB3VIow3CFw6UmbXS1n6-NIQ82yyvS4KuXfAae2gqH7hY9p5HGzEguXR6kvO1I9nRQ93FO-30d5iQVrVbAkc5XjqF2iTIPvZae53Z-ZD9J6uLpFTQGyPx8gbvUuJUgiQa2uh1OVMHoHcbOAiwK2vB2pUKCLHz3houh-T21wcvxVg8ikFmD__HvWEHyUHny-vSbj4ykbYWvr2dIkwj2TeSxEz5w8F9R-B4bzmWHApwUrMkyndWdnErz_0oe7zTQzJ-ecY2FCJrMT_JMyAokJxp5Ru79LAJnOFJCmIYSTY2wrgUbCOTMhWsgQ\" target=\"_blank\" rel=\"noopener\">DIAS, Joaninha. Manual de Atividades com Contos Africanos.<\/a><b><\/b><\/p>\n<p><a href=\"https:\/\/nyemba.unilab.edu.br\/wp-content\/uploads\/2017\/04\/formul\u00e1rio.pdf\" target=\"_blank\" rel=\"noopener\">FERREIRA, Maria Cl\u00e1udia Cardoso. Formul\u00e1rio de Elabora\u00e7\u00e3o de Sequ\u00eancia Did\u00e1tica. 2017.<\/a><\/p>\n<p><a href=\"https:\/\/nyemba.unilab.edu.br\/wp-content\/uploads\/2017\/04\/material.pdf\" target=\"_blank\" rel=\"noopener\">FERREIRA, Maria Cl\u00e1udia Cardoso. Forma\u00e7\u00e3o para a educa\u00e7\u00e3o das rela\u00e7\u00f5es \u00e9tnico-raciais \u2013 Munic\u00edpio de Maragogipe. 2017.<\/a><\/p>\n<p><a href=\"https:\/\/nyemba.unilab.edu.br\/wp-content\/uploads\/2017\/04\/carta.pdf\" target=\"_blank\" rel=\"noopener\">GON\u00c7ALVES, Ana Maria. Carta Aberta ao Ziraldo. 2011<\/a><\/p>\n<p><a href=\"https:\/\/nyemba.unilab.edu.br\/wp-content\/uploads\/2017\/04\/A-TESSITURA-DOS-PERSONAGENS-NEGROS-ANORIA.pdf\" target=\"_blank\" rel=\"noopener\">OLIVEIRA, Maria An\u00f3ria de Jesus. A TESSITURA DOS PERSONAGENS NEGROS NA LITERATURA INFANTO-JUVENIL BRASILEIRA<\/a><\/p>\n<p><a href=\"http:\/\/www.afrika.org.br\/publicacoes\/somos-todas-rainha-1ed.pdf\" target=\"_blank\" rel=\"noopener\">SOMOS TODAS RAINHAS.\u00a0Realiza\u00e7\u00e3o: Associa\u00e7\u00e3o Frida Kahlo e Articula\u00e7\u00e3o Pol\u00edtica de Juventudes Negras. 1\u00ba ed. Cole\u00e7\u00e3o Hist\u00f3rias das Mulheres Negras Passado, Presente e Futuro. S\u00e3o Paulo. 2011<\/a><\/p>\n<p>&nbsp;<\/p>\n<hr \/>\n<p>&nbsp;<\/p>\n","protected":false},"excerpt":{"rendered":"<p>Materiais da Biblioteca N\u00e1utica: &nbsp; CAT\u00c1LOGO BIBLIOTECA N\u00c1UTICA NA BA\u00cdA DE TODOS OS SANTOS, Indica\u00e7\u00f5es de materiais \u00e9tnico-raciais. vl.1. 2016 Gri\u00f4s na Ba\u00eda de Todos os Santos: Hist\u00f3rias, Lembran\u00e7as e Mem\u00f3rias que Circulam Pelas \u00c1guas. Maragogipe. Vers\u00e3o on-line.\u00a0 Volume 1. 2017. pdf Gri\u00f4s na Ba\u00eda de Todos os Santos: Hist\u00f3rias, Lembran\u00e7as e Mem\u00f3rias que Circulam [&hellip;]<\/p>\n","protected":false},"author":2,"featured_media":0,"parent":1260,"menu_order":0,"comment_status":"closed","ping_status":"closed","template":"","meta":{"footnotes":""},"class_list":["post-1420","page","type-page","status-publish","hentry"],"_links":{"self":[{"href":"https:\/\/nyemba.unilab.edu.br\/index.php\/wp-json\/wp\/v2\/pages\/1420","targetHints":{"allow":["GET"]}}],"collection":[{"href":"https:\/\/nyemba.unilab.edu.br\/index.php\/wp-json\/wp\/v2\/pages"}],"about":[{"href":"https:\/\/nyemba.unilab.edu.br\/index.php\/wp-json\/wp\/v2\/types\/page"}],"author":[{"embeddable":true,"href":"https:\/\/nyemba.unilab.edu.br\/index.php\/wp-json\/wp\/v2\/users\/2"}],"replies":[{"embeddable":true,"href":"https:\/\/nyemba.unilab.edu.br\/index.php\/wp-json\/wp\/v2\/comments?post=1420"}],"version-history":[{"count":10,"href":"https:\/\/nyemba.unilab.edu.br\/index.php\/wp-json\/wp\/v2\/pages\/1420\/revisions"}],"predecessor-version":[{"id":2164,"href":"https:\/\/nyemba.unilab.edu.br\/index.php\/wp-json\/wp\/v2\/pages\/1420\/revisions\/2164"}],"up":[{"embeddable":true,"href":"https:\/\/nyemba.unilab.edu.br\/index.php\/wp-json\/wp\/v2\/pages\/1260"}],"wp:attachment":[{"href":"https:\/\/nyemba.unilab.edu.br\/index.php\/wp-json\/wp\/v2\/media?parent=1420"}],"curies":[{"name":"wp","href":"https:\/\/api.w.org\/{rel}","templated":true}]}}