{"id":1670,"date":"2018-01-17T14:33:58","date_gmt":"2018-01-17T17:33:58","guid":{"rendered":"http:\/\/nyemba.unilab.edu.br\/?page_id=1670"},"modified":"2018-01-17T15:25:50","modified_gmt":"2018-01-17T18:25:50","slug":"curta-metragem","status":"publish","type":"page","link":"https:\/\/nyemba.unilab.edu.br\/index.php\/bibliografia-nyemba-indicacoes-de-textos-e-audiovisuais\/audiovisuais\/curta-metragem\/","title":{"rendered":"Curta Metragens"},"content":{"rendered":"<p><strong>Alma no Olho [1973]<\/strong><\/p>\n<p>https:\/\/www.youtube.com\/watch?v=RTQlaxiokBA<\/p>\n<p><b>Sinopse<\/b><strong>:<\/strong>\u00a0\u201cAlma no Olho\u201d \u00e9 um filme do cineasta\u00a0<span class=\"il\">Z\u00f3zimo<\/span>\u00a0<span class=\"il\">Bulbul, grande representante do cinema de inven\u00e7\u00e3o brasileiro.\u00a0<\/span>\u00a0Filmado sobre um fundo branco e com \u00fanico ator (o pr\u00f3prio diretor), o curta atravessa alguns s\u00e9culos de hist\u00f3ria: desde a \u00c1frica antes da invas\u00e3o europeia at\u00e9 a vida de exclus\u00e3o imposta ao negros na sociedade brasileira . Com uma m\u00fasica de John Coltrane, o filme foi baseado\u00a0no livro \u201cSoul Ice\u201d, de Eldridge Claver, l\u00edder dos Panteras Negras&#8221;<\/p>\n<p>&nbsp;<\/p>\n<p>&nbsp;<\/p>\n<p>&nbsp;<\/p>\n<hr \/>\n<p><strong>Elek\u00f4<\/strong><\/p>\n<p><iframe loading=\"lazy\" title=\"Elek\u00f4\" width=\"500\" height=\"281\" src=\"https:\/\/www.youtube.com\/embed\/EdcguHwyY_Y?feature=oembed\" frameborder=\"0\" allow=\"accelerometer; autoplay; clipboard-write; encrypted-media; gyroscope; picture-in-picture; web-share\" referrerpolicy=\"strict-origin-when-cross-origin\" allowfullscreen><\/iframe><\/p>\n<p><strong>Sinopse:\u00a0<\/strong>&#8220;Um fio de poesia vermelha conduzindo a experi\u00eancia audiovisual de fazer\u2010se e afirmar\u2010se na loucura das condi\u00e7\u00f5es de ser negra. Olhando a hist\u00f3ria a partir do porto, reconhecer e afirmar as potencias e a beleza. Parir do pr\u00f3prio sofrimento um horizonte de liberdade, apoio e colabora\u00e7\u00e3o. Encontrar na presen\u00e7a de outras mulheres a for\u00e7a do feminino e o sagrado sentido de ser, at\u00e9 poder celebrar a vida, em f\u00eamea comunh\u00e3o e sociedade.&#8221;<\/p>\n<p>&nbsp;<\/p>\n<p>&nbsp;<\/p>\n<p>&nbsp;<\/p>\n<hr \/>\n<p class=\"title style-scope ytd-video-primary-info-renderer\"><strong>O Papel e o Mar [2010]<\/strong><\/p>\n<p><iframe loading=\"lazy\" title=\"O Papel e o Mar (2010)\" width=\"500\" height=\"281\" src=\"https:\/\/www.youtube.com\/embed\/73cWnIOfZXM?feature=oembed\" frameborder=\"0\" allow=\"accelerometer; autoplay; clipboard-write; encrypted-media; gyroscope; picture-in-picture; web-share\" referrerpolicy=\"strict-origin-when-cross-origin\" allowfullscreen><\/iframe><\/p>\n<p><strong>Sinopse:\u00a0<\/strong>&#8220;O filme narra o encontro imagin\u00e1rio entre Jo\u00e3o C\u00e2ndido, l\u00edder da Revolta da Chibata, e a catadora de papel e escritora Carolina Maria de Jesus, autora do livro Quarto de Despejo, em pleno centro do Rio de Janeiro. \u00c9 uma dupla homenagem ao trabalho de Z\u00f3zimo Bulbul e da escritora Carolina Maria de Jesus. com Z\u00f3zimo Bulbul e Dirce Thomas. Dire\u00e7\u00e3o: Luiz Antonio Pilar&#8221;<\/p>\n<p>&nbsp;<\/p>\n<p>&nbsp;<\/p>\n<p>&nbsp;<\/p>\n<hr \/>\n<p>&nbsp;<\/p>\n","protected":false},"excerpt":{"rendered":"<p>Alma no Olho [1973] https:\/\/www.youtube.com\/watch?v=RTQlaxiokBA Sinopse:\u00a0\u201cAlma no Olho\u201d \u00e9 um filme do cineasta\u00a0Z\u00f3zimo\u00a0Bulbul, grande representante do cinema de inven\u00e7\u00e3o brasileiro.\u00a0\u00a0Filmado sobre um fundo branco e com \u00fanico ator (o pr\u00f3prio diretor), o curta atravessa alguns s\u00e9culos de hist\u00f3ria: desde a \u00c1frica antes da invas\u00e3o europeia at\u00e9 a vida de exclus\u00e3o imposta ao negros na sociedade [&hellip;]<\/p>\n","protected":false},"author":2,"featured_media":0,"parent":1361,"menu_order":0,"comment_status":"closed","ping_status":"closed","template":"","meta":{"footnotes":""},"class_list":["post-1670","page","type-page","status-publish","hentry"],"_links":{"self":[{"href":"https:\/\/nyemba.unilab.edu.br\/index.php\/wp-json\/wp\/v2\/pages\/1670","targetHints":{"allow":["GET"]}}],"collection":[{"href":"https:\/\/nyemba.unilab.edu.br\/index.php\/wp-json\/wp\/v2\/pages"}],"about":[{"href":"https:\/\/nyemba.unilab.edu.br\/index.php\/wp-json\/wp\/v2\/types\/page"}],"author":[{"embeddable":true,"href":"https:\/\/nyemba.unilab.edu.br\/index.php\/wp-json\/wp\/v2\/users\/2"}],"replies":[{"embeddable":true,"href":"https:\/\/nyemba.unilab.edu.br\/index.php\/wp-json\/wp\/v2\/comments?post=1670"}],"version-history":[{"count":2,"href":"https:\/\/nyemba.unilab.edu.br\/index.php\/wp-json\/wp\/v2\/pages\/1670\/revisions"}],"predecessor-version":[{"id":1697,"href":"https:\/\/nyemba.unilab.edu.br\/index.php\/wp-json\/wp\/v2\/pages\/1670\/revisions\/1697"}],"up":[{"embeddable":true,"href":"https:\/\/nyemba.unilab.edu.br\/index.php\/wp-json\/wp\/v2\/pages\/1361"}],"wp:attachment":[{"href":"https:\/\/nyemba.unilab.edu.br\/index.php\/wp-json\/wp\/v2\/media?parent=1670"}],"curies":[{"name":"wp","href":"https:\/\/api.w.org\/{rel}","templated":true}]}}