{"id":1683,"date":"2018-01-17T14:47:16","date_gmt":"2018-01-17T17:47:16","guid":{"rendered":"http:\/\/nyemba.unilab.edu.br\/?page_id=1683"},"modified":"2018-03-06T15:25:20","modified_gmt":"2018-03-06T18:25:20","slug":"longa-metragem","status":"publish","type":"page","link":"https:\/\/nyemba.unilab.edu.br\/index.php\/bibliografia-nyemba-indicacoes-de-textos-e-audiovisuais\/audiovisuais\/longa-metragem\/","title":{"rendered":"Longa Metragens"},"content":{"rendered":"<p class=\"title style-scope ytd-video-primary-info-renderer\"><strong>Atabaque Nzinga<\/strong><\/p>\n<p><iframe loading=\"lazy\" title=\"Atabaque Nzinga\" width=\"500\" height=\"281\" src=\"https:\/\/www.youtube.com\/embed\/glIplhm-kPs?feature=oembed\" frameborder=\"0\" allow=\"accelerometer; autoplay; clipboard-write; encrypted-media; gyroscope; picture-in-picture; web-share\" referrerpolicy=\"strict-origin-when-cross-origin\" allowfullscreen><\/iframe><\/p>\n<p><strong>Sinopse:<\/strong> &#8220;Nzinga \u00e9 um filme sobre a cultura afro-brasileira, no qual a protagonista \u00e9 atra\u00edda pelo &#8220;chamado do tambor&#8221; em busca do autoconhecimento. Viajando pelas estradas de Pernambuco, Bahia e Rio de Janeiro, ela conhece diferentes ritmos, grupos musicais e coreogr\u00e1ficos, procurando e encontrando sua integra\u00e7\u00e3o na sociedade brasileira&#8221;.<\/p>\n<p>&nbsp;<\/p>\n<p>&nbsp;<\/p>\n<p>&nbsp;<\/p>\n<hr \/>\n<p class=\"title style-scope ytd-video-primary-info-renderer\"><strong>DEUS E O DIABO NA TERRA DO SOL<\/strong><\/p>\n<p>https:\/\/www.youtube.com\/watch?v=mS81fFWbJCY<\/p>\n<p><strong>Sinopse:<\/strong> &#8221;\u00a0Manuel \u00e9 um vaqueiro que se revolta contra a explora\u00e7\u00e3o imposta pelo coronel Moraes e acaba matando-o em uma briga. Ele passa a ser perseguido por jagun\u00e7os e foge com sua esposa Rosa, juntando-se aos seguidores do beato Sebasti\u00e3o, que promete o fim de qualquer sofrimento. Por\u00e9m ao presenciar a morte de uma crian\u00e7a, Rosa mata o beato. Enquanto isso, Ant\u00f4nio das Mortes, um matador de aluguel que presta servi\u00e7o \u00e0 Igreja Cat\u00f3lica e aos latifundi\u00e1rios da regi\u00e3o, extermina os seguidores do beato.&#8221;<\/p>\n<p>&nbsp;<\/p>\n<p>&nbsp;<\/p>\n<p>&nbsp;<\/p>\n<hr \/>\n<p class=\"title style-scope ytd-video-primary-info-renderer\"><strong>Quanto Vale Ou \u00c9 Por Quilo<\/strong><\/p>\n<p><iframe loading=\"lazy\" title=\"Filme Quanto Vale Ou \u00c9 Por Quilo (completo) DUBLADO.\" width=\"500\" height=\"375\" src=\"https:\/\/www.youtube.com\/embed\/fZhaZdCqrHg?feature=oembed\" frameborder=\"0\" allow=\"accelerometer; autoplay; clipboard-write; encrypted-media; gyroscope; picture-in-picture; web-share\" referrerpolicy=\"strict-origin-when-cross-origin\" allowfullscreen><\/iframe><\/p>\n<p><strong>Sinopse:<\/strong> &#8220;Uma analogia entre o antigo com\u00e9rcio de escravos e a atual explora\u00e7\u00e3o da mis\u00e9ria pelo marketing social, que forma uma solidariedade de fachada. No s\u00e9culo XVII um capit\u00e3o-do-mato captura um escrava fugitiva, que est\u00e1 gr\u00e1vida. Ap\u00f3s entreg\u00e1-la ao seu dono e receber sua recompensa, a escrava aborta o filho que espera. Nos dias atuais uma ONG implanta o projeto Inform\u00e1tica na Periferia em uma comunidade carente. Arminda, que trabalha no projeto, descobre que os computadores comprados foram superfaturados e, por causa disto, precisa agora ser eliminada. Candinho, um jovem desempregado cuja esposa est\u00e1 gr\u00e1vida, torna-se matador de aluguel para conseguir dinheiro para sobreviver&#8221;.<\/p>\n<p>&nbsp;<\/p>\n<p>&nbsp;<\/p>\n<p>&nbsp;<\/p>\n<hr \/>\n<p><span style=\"color: #333333;\"><strong>Quilombo (1984).<\/strong><\/span><\/p>\n<p>https:\/\/www.youtube.com\/watch?v=v7CYGqJsFvU<\/p>\n<p><strong>Sinopse:<\/strong> &#8220;Ganga Zumba, um pr\u00edncipe africano e ex-escravo fugido, se torna o l\u00edder do Quilombo de Palmares. Mais tarde, seu herdeiro e afilhado, Zumbi, contesta suas ideias conciliat\u00f3rias, enfrentando o maior ex\u00e9rcito jamais visto na hist\u00f3ria brasileira&#8221;.<\/p>\n<p>&nbsp;<\/p>\n<p>&nbsp;<\/p>\n<hr \/>\n<p class=\"title style-scope ytd-video-primary-info-renderer\"><strong>Madame Sat\u00e3<\/strong><\/p>\n<p>https:\/\/www.youtube.com\/watch?v=jiuzETOkTFQ<\/p>\n<p><strong>Sinopse:<\/strong> &#8220;Rio de Janeiro, 1932. No bairro da Lapa vive encarcerado na pris\u00e3o Jo\u00e3o Francisco (L\u00e1zaro Ramos), artista transformista que sonha em se tornar um grande astro dos palcos. Ap\u00f3s deixar o c\u00e1rcere, Jo\u00e3o passa a viver com Laurita (Marc\u00e9lia Cartaxo), prostituta e sua &#8220;esposa&#8221;; Firmina, a filha de Laurita; Tabu (Fl\u00e1vio Bauraqui), seu c\u00famplice; Renatinho (Felippe Marques), sem amante e tamb\u00e9m traidor; e ainda Amador (Emiliano Queiroz), dono do bar Dan\u00fabio Azul. \u00c9 neste ambiente que Jo\u00e3o Francisco ir\u00e1 se transformar no mito Madame Sat\u00e3, nome retirado do filme Madame Sat\u00e3 (1932), dirigido por Cecil B. deMille, que Jo\u00e3o Francisco viu e adorou.&#8221;<\/p>\n<p>&nbsp;<\/p>\n<p>&nbsp;<\/p>\n<hr \/>\n<p>&nbsp;<\/p>\n<p>&nbsp;<\/p>\n<p>&nbsp;<\/p>\n","protected":false},"excerpt":{"rendered":"<p>Atabaque Nzinga Sinopse: &#8220;Nzinga \u00e9 um filme sobre a cultura afro-brasileira, no qual a protagonista \u00e9 atra\u00edda pelo &#8220;chamado do tambor&#8221; em busca do autoconhecimento. Viajando pelas estradas de Pernambuco, Bahia e Rio de Janeiro, ela conhece diferentes ritmos, grupos musicais e coreogr\u00e1ficos, procurando e encontrando sua integra\u00e7\u00e3o na sociedade brasileira&#8221;. &nbsp; &nbsp; &nbsp; DEUS [&hellip;]<\/p>\n","protected":false},"author":2,"featured_media":0,"parent":1361,"menu_order":0,"comment_status":"closed","ping_status":"closed","template":"","meta":{"footnotes":""},"class_list":["post-1683","page","type-page","status-publish","hentry"],"_links":{"self":[{"href":"https:\/\/nyemba.unilab.edu.br\/index.php\/wp-json\/wp\/v2\/pages\/1683","targetHints":{"allow":["GET"]}}],"collection":[{"href":"https:\/\/nyemba.unilab.edu.br\/index.php\/wp-json\/wp\/v2\/pages"}],"about":[{"href":"https:\/\/nyemba.unilab.edu.br\/index.php\/wp-json\/wp\/v2\/types\/page"}],"author":[{"embeddable":true,"href":"https:\/\/nyemba.unilab.edu.br\/index.php\/wp-json\/wp\/v2\/users\/2"}],"replies":[{"embeddable":true,"href":"https:\/\/nyemba.unilab.edu.br\/index.php\/wp-json\/wp\/v2\/comments?post=1683"}],"version-history":[{"count":8,"href":"https:\/\/nyemba.unilab.edu.br\/index.php\/wp-json\/wp\/v2\/pages\/1683\/revisions"}],"predecessor-version":[{"id":1875,"href":"https:\/\/nyemba.unilab.edu.br\/index.php\/wp-json\/wp\/v2\/pages\/1683\/revisions\/1875"}],"up":[{"embeddable":true,"href":"https:\/\/nyemba.unilab.edu.br\/index.php\/wp-json\/wp\/v2\/pages\/1361"}],"wp:attachment":[{"href":"https:\/\/nyemba.unilab.edu.br\/index.php\/wp-json\/wp\/v2\/media?parent=1683"}],"curies":[{"name":"wp","href":"https:\/\/api.w.org\/{rel}","templated":true}]}}