{"id":188,"date":"2017-03-24T14:14:26","date_gmt":"2017-03-24T17:14:26","guid":{"rendered":"http:\/\/nyemba.unilab.edu.br\/?page_id=188"},"modified":"2021-02-06T23:15:46","modified_gmt":"2021-02-07T02:15:46","slug":"docentes","status":"publish","type":"page","link":"https:\/\/nyemba.unilab.edu.br\/index.php\/pesquisadores\/docentes\/","title":{"rendered":"Docentes"},"content":{"rendered":"<div data-colibri-id=\"188-c1\" class=\"style-333 style-local-188-c1 position-relative\">\n  <!---->\n  <div data-colibri-component=\"section\" data-colibri-id=\"188-c2\" id=\"initial-content\" class=\"h-section h-section-global-spacing d-flex align-items-lg-center align-items-md-center align-items-center style-334 style-local-188-c2 position-relative\">\n    <!---->\n    <!---->\n    <div class=\"h-section-grid-container h-section-boxed-container\">\n      <!---->\n      <div data-colibri-id=\"188-c3\" class=\"h-row-container gutters-row-lg-2 gutters-row-md-2 gutters-row-0 gutters-row-v-lg-2 gutters-row-v-md-2 gutters-row-v-2 style-335 style-local-188-c3 position-relative\">\n        <!---->\n        <div class=\"h-row justify-content-lg-center justify-content-md-center justify-content-center align-items-lg-stretch align-items-md-stretch align-items-stretch gutters-col-lg-2 gutters-col-md-2 gutters-col-0 gutters-col-v-lg-2 gutters-col-v-md-2 gutters-col-v-2\">\n          <!---->\n          <div class=\"h-column h-column-container d-flex h-col-lg-auto h-col-md-auto h-col-auto style-336-outer style-local-188-c4-outer\">\n            <div data-colibri-id=\"188-c4\" class=\"d-flex h-flex-basis h-column__inner h-px-lg-2 h-px-md-2 h-px-2 v-inner-lg-2 v-inner-md-2 v-inner-2 style-336 style-local-188-c4 position-relative\">\n              <!---->\n              <!---->\n              <div class=\"w-100 h-y-container h-column__content h-column__v-align flex-basis-100 align-self-lg-start align-self-md-start align-self-start\">\n                <!---->\n                <div data-colibri-id=\"188-c5\" class=\"style-337 style-local-188-c5 position-relative h-element\">\n                  <!---->\n                  <div>\n                    <hr>\n\n                    <div class=\"infpessoa\">\n                      <p class=\"nome\" tabindex=\"0\"><strong><span style=\"color: #800000;\">Ana Cl\u00e1udia Gomes de Souza<\/span><\/strong><\/p>\n                      <p tabindex=\"0\"><\/p>\n                      <p class=\"nome\" tabindex=\"0\"><strong><img loading=\"lazy\" decoding=\"async\" class=\"wp-image-2247 size-thumbnail alignleft\" src=\"https:\/\/nyemba.unilab.edu.br\/wp-content\/uploads\/2018\/05\/servletrecuperafoto-150x150.jpg\" alt=\"\" width=\"150\" height=\"150\"><span style=\"color: #800000;\">Carla Craice da Silva&nbsp;<\/span><\/strong><\/p>\n\n                    <\/div>\n                    Bacharel em Ci\u00eancias Sociais (2010), gradua\u00e7\u00e3o em Licenciatura em Ci\u00eancias Sociais (2010), mestra em Demografia (2013) e doutora em Demografia pela Universidade Estadual de Campinas (2017). Atuou nos projetos de pesquisa &#8220;URBISAmaz\u00f4nia &#8211; Qual a Natureza\n                    do Urbano na Amaz\u00f4nia Contempor\u00e2nea?&#8221; e &#8220;Desflorestamento da Amaz\u00f4nia e a Estrutura das Unidades Dom\u00e9sticas&#8221;. Tem experi\u00eancia na \u00e1rea de Demografia atuando principalmente nos seguintes temas: popula\u00e7\u00e3o, mobilidade populacional, migra\u00e7\u00e3o,\n                    urbaniza\u00e7\u00e3o e agroneg\u00f3cio. Atualmente \u00e9 docente da Universidade da Integra\u00e7\u00e3o Internacional da Lusofonia Afro-Brasileira no Campus Mal\u1ec5s (BA), onde coordena o Observat\u00f3rio da Vida Estudantil. Tamb\u00e9m participa do Observat\u00f3rio das Migra\u00e7\u00f5es\n                    do Estado da Bahia.\n\n                    <a href=\"http:\/\/lattes.cnpq.br\/4167151776504048\"><span style=\"color: #3366ff;\">Curr\u00edculo Lattes da prof\u00aa Carla Craice da Silva<\/span><\/a>\n\n                    <hr>\n\n                    <strong><a href=\"https:\/\/nyemba.unilab.edu.br\/wp-content\/uploads\/2017\/03\/servletrecuperafoto-1.jpg\"><img loading=\"lazy\" decoding=\"async\" class=\"alignleft wp-image-370 size-thumbnail\" src=\"https:\/\/nyemba.unilab.edu.br\/wp-content\/uploads\/2017\/03\/servletrecuperafoto-1-150x150.jpg\" alt=\"\" width=\"150\" height=\"150\"><\/a><span style=\"color: #800000;\">Claudilene Maria da Silva<\/span><\/strong>                    Apresenta uma trajet\u00f3ria de atua\u00e7\u00e3o que entrela\u00e7a cultura e educa\u00e7\u00e3o. Possui gradua\u00e7\u00e3o em Pedagogia (2004), Mestrado em Educa\u00e7\u00e3o (2009) e Doutorado em Educa\u00e7\u00e3o (2016) pela Universidade Federal de Pernambuco. Produtora cultural e pesquisadora\n                    da cultura afro-brasileira, entre os anos de 2005 e 2010 foi gerente do N\u00facleo da Cultura Afro-Brasileira da Prefeitura do Recife\/Secretaria de Cultura. Na \u00e1rea da Educa\u00e7\u00e3o sua experi\u00eancia possui \u00eanfase na forma\u00e7\u00e3o de professores,\n                    atuando principalmente nos seguintes temas: did\u00e1tica, curr\u00edculo e pr\u00e1tica docente; rela\u00e7\u00f5es \u00e9tnico-raciais no espa\u00e7o escolar; e identidade, cultura e resist\u00eancia negra. Atualmente \u00e9 professora efetiva da Universidade da Integra\u00e7\u00e3o\n                    Internacional da Lusofonia Afro-Brasileira (UNILAB), Campus dos Mal\u00eas &#8211; S\u00e3o Francisco do Conde &#8211; Bahia.\n\n                    <a href=\"http:\/\/lattes.cnpq.br\/5637844544469243\">Curr\u00edculo Lattes da prof\u00aa Claudilene Maria da Silva<\/a>\n\n                    <hr>\n\n                    <strong><a href=\"https:\/\/nyemba.unilab.edu.br\/wp-content\/uploads\/2017\/03\/FB_IMG_1491078431911.jpg\"><img loading=\"lazy\" decoding=\"async\" class=\"alignleft wp-image-373 size-thumbnail\" src=\"https:\/\/nyemba.unilab.edu.br\/wp-content\/uploads\/2017\/03\/FB_IMG_1491078431911-150x150.jpg\" alt=\"\" width=\"150\" height=\"150\"><\/a><span style=\"color: #800000;\">Cristiane Santos Souza<\/span><\/strong>                    Doutora em Antropologia Social (UNICAMP), Mestre em Ci\u00eancias Sociais (\u00eanfase em Antropolog\u00eda &#8211; UFBA), Graduada em Ci\u00eancias Sociais (UFBA). Professora adjunta da Universidade da Integra\u00e7\u00e3o Internacional da Lusofonia Afro-Brasileira\n                    (UNILAB), Campus dos Mal\u00eas, S\u00e3o Francisco do Conde, Bahia. \u00c9 pesquisadora permanente do Grupo de pesquisa: Processos Sociais, Mem\u00f3rias e Narrativas Brasil\/\u00c1frica &#8211; Nyemba. Professora associada ao P\u00f3s-Afro\/UFBA. Tem experi\u00eancia de pesquisa\n                    e ensino nas \u00e1reas de Antropologia e Sociologia, atuando com os seguintes temas: rela\u00e7\u00f5es raciais; rela\u00e7\u00f5es de g\u00eanero; experi\u00eancias e trajet\u00f3rias de vida; sociabilidades; territ\u00f3rio, identidade e processos sociais; educa\u00e7\u00e3o e movimentos\n                    sociais.\n                    <p class=\"resumo\">\n                      <a href=\"http:\/\/lattes.cnpq.br\/8814476853305554\">Curr\u00edculo Lattes da prof\u00aa Cristiane Santos Souza<\/a>\n                    <\/p>\n\n\n                    <hr>\n\n                    <strong><a href=\"https:\/\/nyemba.unilab.edu.br\/wp-content\/uploads\/2017\/03\/image.png\"><img loading=\"lazy\" decoding=\"async\" class=\"alignleft wp-image-806 size-thumbnail\" src=\"https:\/\/nyemba.unilab.edu.br\/wp-content\/uploads\/2017\/03\/image-150x150.png\" alt=\"\" width=\"150\" height=\"150\"><\/a><span style=\"color: #800000;\">Ismael Tcham<\/span><\/strong>                    Doutor em Antropologia Social e Cultual pela Universidade Federal de Pernambuco &#8211; UFPE (2016); Mestre em Antropologia pela Universidade Federal de Pernambuco- UFPE (2012); Gradua\u00e7\u00e3o em Comunica\u00e7\u00e3o Social com Habilita\u00e7\u00e3o em (Rela\u00e7\u00f5es\n                    P\u00fablicas) pela Universidade Federal de Alagoas (2005) e em Jornalismo pela Universidade Federal de Alagoas (2008). Atualmente \u00e9 professor Adjunto A na Universidade da Integra\u00e7\u00e3o Internacional da Lusofonia Afro-brasileira. Foi professor\n                    da Unissau e da Escola Superior de Marketing (FAMA). Tem experi\u00eancia com seguintes disciplinas: Antropologia, Filosofia da Educa\u00e7\u00e3o, Filosofia, \u00e9tica e cidadania, Aspectos s\u00f3cio-antropol\u00f3gicos da Educa\u00e7\u00e3o, Sociologia Geral, Gest\u00e3o\n                    de Projetos Sociais e Metodologia da Ci\u00eancia. Tem experi\u00eancia de ensino e pesquisa na \u00e1rea da Antropologia Social e Cultural, com \u00eanfase na Antropologia da Educa\u00e7\u00e3o e da mobilidade, atuando principalmente com seguinte temas: coopera\u00e7\u00e3o\n                    \u00c1frica e o Brasil, CPLP, migra\u00e7\u00e3o por fins de estudos, forma\u00e7\u00e3o de novas di\u00e1sporas africanas, coopera\u00e7\u00e3o t\u00e9cnicas educacionais, processos identit\u00e1rios, sociabilidades, integra\u00e7\u00e3o, racismo e pol\u00edticas p\u00fablicas ou a\u00e7\u00f5es afirmativas.\n\n                    <span style=\"color: #808080;\"><span style=\"color: #333333;\"><a href=\"http:\/\/lattes.cnpq.br\/3495720234218525\">Curr\u00edculo Lattes do prof. Ismael Tcham<\/a>&nbsp;<\/span><\/span>\n\n                    <hr>\n                    <p class=\"nome\" tabindex=\"0\"><strong><img loading=\"lazy\" decoding=\"async\" class=\"alignleft wp-image-2252 size-thumbnail\" src=\"https:\/\/nyemba.unilab.edu.br\/wp-content\/uploads\/2018\/05\/servletrecuperafoto-1-150x150.jpg\" alt=\"\" width=\"150\" height=\"150\"><span style=\"color: #800000;\">Maria Andrea dos Santos Soares<\/span><\/strong><\/p>\n                    Atua como docente junto \u00e0 Universidade da Integra\u00e7\u00e3o Internacional da Lusofonia Afro-brasileira (UNILAB). Possui gradua\u00e7\u00e3o na \u00e1rea de Licenciatura Plena em Educa\u00e7\u00e3o Art\u00edstica &#8211; Habilita\u00e7\u00e3o Artes C\u00eanicas pela Universidade Federal de Santa Maria (2000),\n                    mestrado em Antropologia Social pela Universidade Federal do Rio Grande do Sul (2007) e doutorado em Antropologia Social pela University of Texas at Austin (2015). Atuou com professora substituta no Departamento de Metodologia do Ensino\n                    da Universidade Federal de Santa Maria (2015), na rede municipal de ensino de Porto Alegre (2006 a 2009), na rede estadual de ensino do Rio Grande do Sul (2003 a 2006). Tem experi\u00eancia nas \u00e1reas de Antropologia Social, Estudos de Performance,\n                    Etnomusicologia e Teoria P\u00f3s Colonial , com \u00eanfase em estudos de di\u00e1spora africana, cultura afro brasileira, feminismo negro, estudos culturais e performance. \u00c9 pesquisadora junto ao grupo &#8220;Processos sociais, mem\u00f3rias, narrativas Brasil-\n                    \u00c1frica -Nyemba da UNILAB e pesquisadora do GEM &#8211; Grupo de Estudos Musicais do Programa de P\u00f3s Gradua\u00e7\u00e3o em M\u00fasica da Universidade Federal do Rio Grande do Sul. Seus interesses atuais centram-se nos debates contempor\u00e2neos sobre rela\u00e7\u00f5es\n                    \u00e9tnicorraciais, estudos de Di\u00e1spora Africana, performance e performatividade e interseccionalidade de g\u00eanero e ra\u00e7a.<span class=\"texto\">&nbsp;<\/span>\n\n                    <a href=\"http:\/\/lattes.cnpq.br\/1221109091620338\"><span style=\"color: #3366ff;\">Curr\u00edculo Lattes da prof\u00aa Maria Andr\u00e9a dos Santos Soares<\/span><\/a>\n\n                    <hr>\n                    <p class=\"resumo\"><strong><a href=\"https:\/\/nyemba.unilab.edu.br\/wp-content\/uploads\/2017\/03\/servletrecuperafoto-2.jpg\"><img loading=\"lazy\" decoding=\"async\" class=\"alignleft wp-image-375 size-thumbnail\" src=\"https:\/\/nyemba.unilab.edu.br\/wp-content\/uploads\/2017\/03\/servletrecuperafoto-2-150x150.jpg\" alt=\"\" width=\"150\" height=\"150\"><\/a><span style=\"color: #800000;\">Mariana da Costa Aguiar Petroni<\/span><\/strong><\/p>\n                    <p class=\"resumo\">Possui gradua\u00e7\u00e3o em Ci\u00eancias Sociais pela Universidade de S\u00e3o Paulo (2003), onde realizou uma pesquisa de Inicia\u00e7\u00e3o Cient\u00edfica com o financiamento do CNPq, sobre a religi\u00e3o no M\u00e9xico do s\u00e9culo XVI. Fez o mestrado em Antropologia Social\n                      no Centro de Investigaciones y Estudios Superiores en Antropolog\u00eda Social &#8211; M\u00e9xico (2008), onde realizou uma pesquisa sobre fotografia indigensita. E o doutorado em Antropologia Social pela Universidade Estadual de Campinas (2015),\n                      onde realizou uma pesquisa sobre biografias ind\u00edgenas com o financiamento da FAPESP. Realizou um document\u00e1rio sobre a perda de l\u00ednguas ind\u00edgenas no M\u00e9xico (Voz&#8230; es. Uma hist\u00f3ria de tres lenguas) e diversas exposi\u00e7\u00f5es fotogr\u00e1ficas.\n                      Atualmente \u00e9 professora da Universidade da Integra\u00e7\u00e3o Internacional da Lusofonia Afro-Brasileira, membro do grupo de pesquisa Nyemba &#8211; Processos Sociais, Mem\u00f3rias e Narrativas e pesquisadora do Laborat\u00f3rio Antropol\u00f3gico de Grafia\n                      e Imagem (La&#8217;grima) da Unicamp.<\/p>\n                    <p class=\"resumo\">\n                      <a href=\"http:\/\/lattes.cnpq.br\/0378563646135737\">Curr\u00edculo Lattes da prof\u00aa Mariana da Costa Aguiar Petroni<\/a>\n                    <\/p>\n                    <strong><span style=\"color: #800000;\">Marlon Marcos Vieira Passos<\/span><\/strong>\n\n                    <hr>\n                    <p class=\"resumo\"><strong><a href=\"https:\/\/nyemba.unilab.edu.br\/wp-content\/uploads\/2017\/03\/FB_IMG_1491091719033.jpg\"><img loading=\"lazy\" decoding=\"async\" class=\"alignleft wp-image-381 size-thumbnail\" src=\"https:\/\/nyemba.unilab.edu.br\/wp-content\/uploads\/2017\/03\/FB_IMG_1491091719033-150x150.jpg\" alt=\"\" width=\"150\" height=\"150\" srcset=\"https:\/\/nyemba.unilab.edu.br\/wp-content\/uploads\/2017\/03\/FB_IMG_1491091719033-150x150.jpg 150w, https:\/\/nyemba.unilab.edu.br\/wp-content\/uploads\/2017\/03\/FB_IMG_1491091719033-300x300.jpg 300w, https:\/\/nyemba.unilab.edu.br\/wp-content\/uploads\/2017\/03\/FB_IMG_1491091719033.jpg 720w\" sizes=\"auto, (max-width: 150px) 100vw, 150px\" \/><\/a><span style=\"color: #800000;\">Rafael Palermo Buti<\/span><\/strong><\/p>\n                    <p class=\"resumo\">\u00c9 professor adjunto do Instituto de Humanidades e Letras da Universidade da Integra\u00e7\u00e3o Internacional da Lusofonia Afro-brasileira (BA). Antrop\u00f3logo com doutorado (2015) e mestrado (2009) em Antropologia Social pelo Programa de P\u00f3s-Gradua\u00e7\u00e3o\n                      em Antropologia Social da Universidade Federal de Santa Catarina. Tem experi\u00eancia na \u00e1rea de antropologia afro-brasileira, com \u00eanfase nos grupos quilombolas, hist\u00f3ria e mem\u00f3ria da escravid\u00e3o, media\u00e7\u00e3o antropol\u00f3gica, pol\u00edticas de\n                      reconhecimento do Estado, forma\u00e7\u00e3o e transforma\u00e7\u00e3o social brasileira. \u00c9 co-autor e colaborador dos projetos Pesquisa Quilombo (UFSC) e Arquivo e Mem\u00f3ria Quilombola (UFPR-Litoral), no \u00e2mbito de uma pol\u00edtica de cria\u00e7\u00e3o e disponibiliza\u00e7\u00e3o\n                      de acervos digitais junto ao Projeto Afro-Brasileiro (Minc\/UFPE). Tem experi\u00eancia em processos de reconhecimento dos direitos quilombolas, atuando como coordenador e colaborador, junto ao INCRA e ao IPHAN, de in\u00fameras pesquisas no\n                      \u00e2mbito dos direitos territoriais e culturais destes grupos. \u00c9 colaborador do N\u00facleo de Estudos em Antropologia Fundamental (A-Funda\/UFSC), atuando na elabora\u00e7\u00e3o de cap\u00edtulos did\u00e1ticos voltados para o ensino m\u00e9dio, ligados \u00e0 tem\u00e1tica\n                      afro-brasileira e da cultura e do movimento negro.<\/p>\n                    <p class=\"resumo\"><span style=\"color: #3366ff;\"><a style=\"color: #3366ff;\" href=\"http:\/\/lattes.cnpq.br\/6441914324457905\">Curr\u00edculo Lattes do prof. Rafael Palermo Buti&nbsp;<\/a><\/span><\/p>\n\n\n                    <hr>\n\n                    <strong><img loading=\"lazy\" decoding=\"async\" class=\"alignleft wp-image-2384 size-thumbnail\" src=\"https:\/\/nyemba.unilab.edu.br\/wp-content\/uploads\/2019\/10\/servletrecuperafoto-150x150.jpg\" alt=\"\" width=\"150\" height=\"150\" srcset=\"https:\/\/nyemba.unilab.edu.br\/wp-content\/uploads\/2019\/10\/servletrecuperafoto-150x150.jpg 150w, https:\/\/nyemba.unilab.edu.br\/wp-content\/uploads\/2019\/10\/servletrecuperafoto-300x300.jpg 300w, https:\/\/nyemba.unilab.edu.br\/wp-content\/uploads\/2019\/10\/servletrecuperafoto.jpg 320w\" sizes=\"auto, (max-width: 150px) 100vw, 150px\" \/><span style=\"color: #800000;\">Zelinda dos Santos Barros<\/span><\/strong>                    Cientista social, Doutora em Estudos \u00c9tnicos e Africanos (CEAO\/UFBA), Mestra em Ci\u00eancias Sociais pela Universidade Federal da Bahia (2003), Especialista em Educa\u00e7\u00e3o \u00e0 Dist\u00e2ncia pelo Servi\u00e7o Nacional de Aprendizagem Comercial (2008),\n                    Bacharela em Ci\u00eancias Sociais pela Universidade Federal da Bahia (2000). Docente Adjunta da Universidade da Integra\u00e7\u00e3o Internacional da Lusofonia Afro-brasileira (UNILAB). Coordenadora do grupo de pesquisa Nyemba &#8211; Processos Sociais,\n                    Mem\u00f3rias e Narrativas Brasil\/\u00c1frica (UNILAB). Conselheira suplente do Conselho Estadual de Educa\u00e7\u00e3o da Bahia, per\u00edodo 2018-2022. Tem experi\u00eancia nas \u00e1reas de Antropologia e Sociologia, com \u00eanfase em G\u00eanero e Rela\u00e7\u00f5es Raciais, atuando\n                    principalmente nas seguintes sub \u00e1reas tem\u00e1ticas: Estudos de G\u00eanero, Estudos Feministas, Antropologia da Educa\u00e7\u00e3o, Sociologia da Educa\u00e7\u00e3o, Hist\u00f3ria e Cultura Afro-brasileiras, Educa\u00e7\u00e3o e Rela\u00e7\u00f5es Etnicorraciais, Educa\u00e7\u00e3o a Dist\u00e2ncia.\n                    Trabalhou em projetos de forma\u00e7\u00e3o de professores a dist\u00e2ncia do MEC\/SECAD (UNIAFRO, UAB\/Rede de Educa\u00e7\u00e3o para a Diversidade), tendo como parceira a Universidade Federal da Bahia (UFBA). Tem experi\u00eancia em produ\u00e7\u00e3o de material did\u00e1tico\n                    para EAD, Tutoria Online e Design Instrucional na plataforma Moodle. Coordenou o Curso a Dist\u00e2ncia de Forma\u00e7\u00e3o de Professoras\/es para o Ensino de Hist\u00f3ria e Cultura Afro-brasileiras (CEAO\/UFBA), de 2007 a 2013. Consultora em Educa\u00e7\u00e3o\n                    a Dist\u00e2ncia, Educa\u00e7\u00e3o e Diversidade (G\u00eanero e Rela\u00e7\u00f5es \u00c9tnico-raciais). Membro da Associa\u00e7\u00e3o Brasileira de Pesquisadores\/as Negros\/as (ABPN), da Associa\u00e7\u00e3o Brasileira de Pesquisadores em Cibercultura (ABCiber) e da Sociedade Brasileira\n                    para o Progresso da Ci\u00eancia (SBPC).\n\n                    <a href=\"http:\/\/lattes.cnpq.br\/6583938355056116\">Curr\u00edculo Lattes da prof\u00aa Zelinda Barros<\/a>\n\n                    <hr>\n                  <\/div>\n                <\/div>\n              <\/div>\n            <\/div>\n          <\/div>\n        <\/div>\n      <\/div>\n    <\/div>\n  <\/div>\n<\/div>","protected":false},"excerpt":{"rendered":"<p>Ana Cl\u00e1udia Gomes de Souza Carla Craice da Silva&nbsp; Bacharel em Ci\u00eancias Sociais (2010), gradua\u00e7\u00e3o em Licenciatura em Ci\u00eancias Sociais (2010), mestra em Demografia (2013) e doutora em Demografia pela Universidade Estadual de Campinas (2017). Atuou nos projetos de pesquisa &#8220;URBISAmaz\u00f4nia &#8211; Qual a Natureza do Urbano na Amaz\u00f4nia Contempor\u00e2nea?&#8221; e &#8220;Desflorestamento da Amaz\u00f4nia e [&hellip;]<\/p>\n","protected":false},"author":2,"featured_media":0,"parent":32,"menu_order":0,"comment_status":"closed","ping_status":"closed","template":"page-templates\/full-width-page.php","meta":{"footnotes":""},"class_list":["post-188","page","type-page","status-publish","hentry"],"_links":{"self":[{"href":"https:\/\/nyemba.unilab.edu.br\/index.php\/wp-json\/wp\/v2\/pages\/188","targetHints":{"allow":["GET"]}}],"collection":[{"href":"https:\/\/nyemba.unilab.edu.br\/index.php\/wp-json\/wp\/v2\/pages"}],"about":[{"href":"https:\/\/nyemba.unilab.edu.br\/index.php\/wp-json\/wp\/v2\/types\/page"}],"author":[{"embeddable":true,"href":"https:\/\/nyemba.unilab.edu.br\/index.php\/wp-json\/wp\/v2\/users\/2"}],"replies":[{"embeddable":true,"href":"https:\/\/nyemba.unilab.edu.br\/index.php\/wp-json\/wp\/v2\/comments?post=188"}],"version-history":[{"count":20,"href":"https:\/\/nyemba.unilab.edu.br\/index.php\/wp-json\/wp\/v2\/pages\/188\/revisions"}],"predecessor-version":[{"id":2987,"href":"https:\/\/nyemba.unilab.edu.br\/index.php\/wp-json\/wp\/v2\/pages\/188\/revisions\/2987"}],"up":[{"embeddable":true,"href":"https:\/\/nyemba.unilab.edu.br\/index.php\/wp-json\/wp\/v2\/pages\/32"}],"wp:attachment":[{"href":"https:\/\/nyemba.unilab.edu.br\/index.php\/wp-json\/wp\/v2\/media?parent=188"}],"curies":[{"name":"wp","href":"https:\/\/api.w.org\/{rel}","templated":true}]}}