{"id":196,"date":"2017-03-24T14:16:03","date_gmt":"2017-03-24T17:16:03","guid":{"rendered":"http:\/\/nyemba.unilab.edu.br\/?page_id=196"},"modified":"2021-02-06T23:16:42","modified_gmt":"2021-02-07T02:16:42","slug":"parceirs","status":"publish","type":"page","link":"https:\/\/nyemba.unilab.edu.br\/index.php\/pesquisadores\/parceirs\/","title":{"rendered":"Colaboradoras"},"content":{"rendered":"<div data-colibri-id=\"196-c1\" class=\"style-338 style-local-196-c1 position-relative\">\n  <!---->\n  <div data-colibri-component=\"section\" data-colibri-id=\"196-c2\" id=\"initial-content\" class=\"h-section h-section-global-spacing d-flex align-items-lg-center align-items-md-center align-items-center style-339 style-local-196-c2 position-relative\">\n    <!---->\n    <!---->\n    <div class=\"h-section-grid-container h-section-boxed-container\">\n      <!---->\n      <div data-colibri-id=\"196-c3\" class=\"h-row-container gutters-row-lg-2 gutters-row-md-2 gutters-row-0 gutters-row-v-lg-2 gutters-row-v-md-2 gutters-row-v-2 style-340 style-local-196-c3 position-relative\">\n        <!---->\n        <div class=\"h-row justify-content-lg-center justify-content-md-center justify-content-center align-items-lg-stretch align-items-md-stretch align-items-stretch gutters-col-lg-2 gutters-col-md-2 gutters-col-0 gutters-col-v-lg-2 gutters-col-v-md-2 gutters-col-v-2\">\n          <!---->\n          <div class=\"h-column h-column-container d-flex h-col-lg-auto h-col-md-auto h-col-auto style-341-outer style-local-196-c4-outer\">\n            <div data-colibri-id=\"196-c4\" class=\"d-flex h-flex-basis h-column__inner h-px-lg-2 h-px-md-2 h-px-2 v-inner-lg-2 v-inner-md-2 v-inner-2 style-341 style-local-196-c4 position-relative\">\n              <!---->\n              <!---->\n              <div class=\"w-100 h-y-container h-column__content h-column__v-align flex-basis-100 align-self-lg-start align-self-md-start align-self-start\">\n                <!---->\n                <div data-colibri-id=\"196-c5\" class=\"style-342 style-local-196-c5 position-relative h-element\">\n                  <!---->\n                  <div><strong><a href=\"https:\/\/nyemba.unilab.edu.br\/wp-content\/uploads\/2017\/09\/IMG-20170925-WA0003.jpg\"><img loading=\"lazy\" decoding=\"async\" class=\"wp-image-1024 size-thumbnail alignleft\" src=\"https:\/\/nyemba.unilab.edu.br\/wp-content\/uploads\/2017\/09\/IMG-20170925-WA0003-150x150.jpg\" alt=\"\" width=\"150\" height=\"150\"><\/a><span style=\"color: #800000;\">Beatriz Borges Bastos<\/span><\/strong>                    Discente no curso de Licenciatura em Ci\u00eancias Sociais. Graduada em Bacharelado Interdisciplinar em Humanidades, pelo Instituto de Humanidades e Letras \u2013 IHL na Universidade de Integra\u00e7\u00e3o Internacional da Lusofonia Afro-Brasileira \u2013\n                    UNILAB, Campus dos Mal\u00eas, S\u00e3o Francisco do Conde \u2013 BA. \u00c9 bolsista do Programa de Inicia\u00e7\u00e3o Cientifica da mesma universidade, no projeto:Mapeamento, conserva\u00e7\u00e3o e difus\u00e3o dos acervos documentais e orais dos municipais do Rec\u00f4ncavo Baiano\n                    estudo nos munic\u00edpios de Candeias, S\u00e3oFrancisco do Conde e Maragogipe;Foi bolsista dos projetos: \u201cComo pode expressar-se um corpo? Interlocu\u00e7\u00f5es entre Dan\u00e7a e Filosofia\u201d e \u201cGestualidade e expressividade afro-brasileira: ancestralidade\n                    e mim\u00e9sis\u201d. Atuou como colaboradora interna no Projeto de Extens\u00e3o: \u201cIn-\u00fateis Pausas Po\u00e9ticas\u201d e no projeto de extens\u00e3o<span style=\"color: #333333;\">&nbsp;\u201cCorpo Encruzilhada \u2013 Tradi\u00e7\u00f5es do Rec\u00f4ncavo Baiano\u201d.<\/span>\n\n                    <a href=\"http:\/\/lattes.cnpq.br\/7243391841866095\"><span style=\"color: #333333;\">Curr\u00edculo Lattes de Beatriz Borges Bastos<\/span><\/a>\n\n                    <hr>\n                    <p style=\"text-align: left;\">\n                      <img loading=\"lazy\" decoding=\"async\" class=\"alignleft wp-image-297 size-thumbnail\" src=\"https:\/\/nyemba.unilab.edu.br\/wp-content\/uploads\/2017\/03\/FB_IMG_1491078346835-150x150.jpg\" alt=\"\" width=\"150\" height=\"150\" srcset=\"https:\/\/nyemba.unilab.edu.br\/wp-content\/uploads\/2017\/03\/FB_IMG_1491078346835-150x150.jpg 150w, https:\/\/nyemba.unilab.edu.br\/wp-content\/uploads\/2017\/03\/FB_IMG_1491078346835-300x300.jpg 300w, https:\/\/nyemba.unilab.edu.br\/wp-content\/uploads\/2017\/03\/FB_IMG_1491078346835.jpg 720w\" sizes=\"auto, (max-width: 150px) 100vw, 150px\" \/><span style=\"color: #800000;\"><strong>Bruna Ap. Maia<\/strong><\/span><\/p>\n                    <p style=\"text-align: left;\">Discente no curso de Licenciatura em Hist\u00f3ria. Graduada no Bacharelado Interdisciplinar em Humanidades, pelo Instituto de Humanidades e Letras &#8211; IHL na Universidade de Integra\u00e7\u00e3o Internacional da Lusofonia Afro-Brasileira &#8211; UNILAB,\n                      Campus dos Mal\u00eas, S\u00e3o Francisco do Conde &#8211; BA. Participou do programa de acolhimento e integra\u00e7\u00e3o do aluno estrangeiro (PAIE) na mesma institui\u00e7\u00e3o, atuando como tutora dos alunos rec\u00e9m chegados de Guin\u00e9-Bissau para a universidade.\n                      Foi bolsista do Programa de Inicia\u00e7\u00e3o Cientifica da mesma universidade, sua linha de pesquisa tem como tema: trajet\u00f3rias de vida; rela\u00e7\u00f5es ra\u00e7a, g\u00eanero e classe e rela\u00e7\u00f5es Brasil-\u00c1frica. Vinculada ao grupo: Processos Sociais, mem\u00f3rias\n                      e narrativas entre Brasil e Africa &#8211; Nyemba, vinculado ao Diret\u00f3rio dos grupos de Pesquisas do CNPq- BR<\/p>\n                    <a href=\"http:\/\/lattes.cnpq.br\/8760086420176281\">Curr\u00edculo Lattes de Bruna Maia<\/a>\n\n                    <hr>\n                    <p style=\"text-align: left;\"><strong><a href=\"https:\/\/nyemba.unilab.edu.br\/wp-content\/uploads\/2017\/03\/20161205_090043.jpg\"><img loading=\"lazy\" decoding=\"async\" class=\"alignleft wp-image-298 size-thumbnail\" src=\"https:\/\/nyemba.unilab.edu.br\/wp-content\/uploads\/2017\/03\/20161205_090043-150x150.jpg\" alt=\"\" width=\"150\" height=\"150\"><\/a><span style=\"color: #800000;\">Caroline Lima dos Santos<\/span><\/strong><\/p>\n                    <p style=\"text-align: left;\">Possui Gradua\u00e7\u00e3o no curso de Bacharelado em Humanidades (2014 &#8211; 2016). Graduada de Licenciatura em Hist\u00f3ria (2017), ambos pelo instituto de Humanidades e Letras &#8211; IHL na Universidade da Integra\u00e7\u00e3o Internacional da Lusofonia Afro-Brasileira\n                      &#8211; UNILAB, Campus dos Males, S\u00e3o Francisco do Conde &#8211; BA. Vinculada ao grupo de pesquisa, ensino e extens\u00e3o Nyemba: Processos Sociais, Mem\u00f3ria e Narrativas entre Brasil\/\u00c1frica, na mesma institui\u00e7\u00e3o. Bolsista no projeto de extens\u00e3o\n                      Biblioteca N\u00e1utica na Ba\u00eda de Todos os Santos (2016 &#8211; 2017), coordenado pela Profa. Dra. Cristiane Santos Souza. Aluna Especial do Programa de P\u00f3s Gradua\u00e7\u00e3o da UFRB (Instituto Hansen &#8211; Cachoeira\/Ba.), 2018.1, disciplina, &#8220;T\u00f3picos\n                      Especiais em Identidade e Diversidade: Teorias Sobre o Racismo, Discursos e Pol\u00edticas de Combate ao Racismo&#8221;, ministrada por Prof\u00ba Dr. Kabenguele Munanga. Oficinera (arte educadora) e criadora de bonecas Abayomi atrav\u00e9s da Odete\n                      Abayomi Artes, criada e idealizada pela mesma.<\/p>\n                    <p style=\"text-align: left;\">\n                      <a href=\"http:\/\/lattes.cnpq.br\/2088091233239161\"><span style=\"color: #333333;\">Curr\u00edculo Lattes de Carolina Lima dos Santos<\/span><\/a>\n                    <\/p>\n\n\n                    <hr>\n\n                    <strong><img loading=\"lazy\" decoding=\"async\" class=\"alignleft wp-image-383 size-thumbnail\" src=\"https:\/\/nyemba.unilab.edu.br\/wp-content\/uploads\/2017\/03\/FB_IMG_1491078489512-150x150.jpg\" alt=\"\" width=\"150\" height=\"150\" srcset=\"https:\/\/nyemba.unilab.edu.br\/wp-content\/uploads\/2017\/03\/FB_IMG_1491078489512-150x150.jpg 150w, https:\/\/nyemba.unilab.edu.br\/wp-content\/uploads\/2017\/03\/FB_IMG_1491078489512-300x300.jpg 300w, https:\/\/nyemba.unilab.edu.br\/wp-content\/uploads\/2017\/03\/FB_IMG_1491078489512.jpg 720w\" sizes=\"auto, (max-width: 150px) 100vw, 150px\" \/><span style=\"color: #800000;\">Felipe Imidio Santos<\/span><\/strong>                    Graduado em Licenciatura em Geografia pela Universidade J\u00falio de Mesquita Neto &#8211; UNESP, e Especialista em Educa\u00e7\u00e3o, Diversidade e Cidadania. Possui experi\u00eancia nas \u00e1reas de Economia Solid\u00e1ria, Cooperativismo Social, Educa\u00e7\u00e3o Popular,\n                    Metodologias de Incuba\u00e7\u00e3o e Res\u00edduos S\u00f3lidos.\n\n                    <a href=\"http:\/\/lattes.cnpq.br\/7182615292002469\">Curr\u00edculo Lattes de Felipe Imidio Santos<\/a>\n\n                    <hr>\n                    <p style=\"text-align: left;\"><strong><a href=\"https:\/\/nyemba.unilab.edu.br\/wp-content\/uploads\/2017\/03\/FB_IMG_1491078367662.jpg\"><img loading=\"lazy\" decoding=\"async\" class=\"alignleft wp-image-300 size-thumbnail\" src=\"https:\/\/nyemba.unilab.edu.br\/wp-content\/uploads\/2017\/03\/FB_IMG_1491078367662-150x150.jpg\" alt=\"\" width=\"150\" height=\"150\" srcset=\"https:\/\/nyemba.unilab.edu.br\/wp-content\/uploads\/2017\/03\/FB_IMG_1491078367662-150x150.jpg 150w, https:\/\/nyemba.unilab.edu.br\/wp-content\/uploads\/2017\/03\/FB_IMG_1491078367662-300x300.jpg 300w, https:\/\/nyemba.unilab.edu.br\/wp-content\/uploads\/2017\/03\/FB_IMG_1491078367662.jpg 720w\" sizes=\"auto, (max-width: 150px) 100vw, 150px\" \/><\/a><span style=\"color: #800000;\">Joice Lorena S. Sacramento<\/span><\/strong><\/p>\n                    <p style=\"text-align: left;\">Graduada no Bacharelado em Humanidades, pelo Instituto de Humanidades e Letras &#8211; IHL na Universidade de Integra\u00e7\u00e3o Internacional da Lusofonia Afro-Brasileira &#8211; UNILAB, Campus dos Mal\u00eas, S\u00e3o Francisco do Conde &#8211; BA. Cursa Licenciatura\n                      em Hist\u00f3ria pela mesma institui\u00e7\u00e3o. Cadastrada no Diret\u00f3rio de Grupos de Pesquisa CNPQ &#8211; Nyemba: Processos Sociais, mem\u00f3rias e narrativas, na UNILAB -Campus dos Mal\u00eas. Principal \u00e1rea de interesse: Antropologia.<\/p>\n                    <p style=\"text-align: left;\">\n                      <a href=\"http:\/\/lattes.cnpq.br\/1241539206575026\"><span style=\"color: #333333;\">Curr\u00edculo Lattes de Lorena S. Sacramento<\/span><\/a>\n                    <\/p>\n\n\n                    <hr>\n\n                    <img loading=\"lazy\" decoding=\"async\" class=\"size-thumbnail wp-image-306 alignleft\" src=\"https:\/\/nyemba.unilab.edu.br\/wp-content\/uploads\/2017\/03\/11244398_1074726179216675_3319417575682080543_n-150x150.jpg\" alt=\"\" width=\"150\" height=\"150\" srcset=\"https:\/\/nyemba.unilab.edu.br\/wp-content\/uploads\/2017\/03\/11244398_1074726179216675_3319417575682080543_n-150x150.jpg 150w, https:\/\/nyemba.unilab.edu.br\/wp-content\/uploads\/2017\/03\/11244398_1074726179216675_3319417575682080543_n-300x300.jpg 300w, https:\/\/nyemba.unilab.edu.br\/wp-content\/uploads\/2017\/03\/11244398_1074726179216675_3319417575682080543_n.jpg 367w\" sizes=\"auto, (max-width: 150px) 100vw, 150px\" \/><span style=\"color: #800000;\"><strong>Joseane da Concei\u00e7\u00e3o P. Costa<\/strong><\/span> Pedagoga, educadora e participante do F\u00f3rum Permanente de EJA do Rec\u00f4ncavo da Bahia. \u00c9 uma entusiasta da literatura e das coisas simp\u00e1ticas &nbsp;da\n                    vida.\n\n                    <a href=\"http:\/\/lattes.cnpq.br\/1162852484742428\">Curr\u00edculo Lattes de Joseane da Concei\u00e7\u00e3o P. Costa<\/a>\n\n                    <hr>\n\n                    <span style=\"color: #800000;\"><strong style=\"font-size: inherit;\">Lu\u00edsa Maria R. da Concei\u00e7\u00e3o<\/strong><\/span><strong><img loading=\"lazy\" decoding=\"async\" class=\"size-thumbnail wp-image-307 alignleft\" src=\"https:\/\/nyemba.unilab.edu.br\/wp-content\/uploads\/2017\/03\/Luiza-150x150.jpg\" alt=\"\" width=\"150\" height=\"150\" srcset=\"https:\/\/nyemba.unilab.edu.br\/wp-content\/uploads\/2017\/03\/Luiza-150x150.jpg 150w, https:\/\/nyemba.unilab.edu.br\/wp-content\/uploads\/2017\/03\/Luiza-300x300.jpg 300w, https:\/\/nyemba.unilab.edu.br\/wp-content\/uploads\/2017\/03\/Luiza.jpg 610w\" sizes=\"auto, (max-width: 150px) 100vw, 150px\" \/><\/strong>                    Forma\u00e7\u00e3o em Filosofia pela UFBA, atuando na \u00e1rea da educa\u00e7\u00e3o a 22 anos, atualmente integrando a equipe t\u00e9cnica da Secretaria de Educa\u00e7\u00e3o de Candeias, como coordenadora de programas e projetos e respons\u00e1vel pelo PAR-Plano de A\u00e7\u00f5es Articuladas\n                    do munic\u00edpio. e-mail: luizaregiz@gmail.com\n\n                    <hr>\n\n                    <strong><a href=\"https:\/\/nyemba.unilab.edu.br\/wp-content\/uploads\/2017\/03\/FB_IMG_1491078512891.jpg\"><img loading=\"lazy\" decoding=\"async\" class=\"alignleft wp-image-377 size-thumbnail\" src=\"https:\/\/nyemba.unilab.edu.br\/wp-content\/uploads\/2017\/03\/FB_IMG_1491078512891-150x150.jpg\" alt=\"\" width=\"150\" height=\"150\" srcset=\"https:\/\/nyemba.unilab.edu.br\/wp-content\/uploads\/2017\/03\/FB_IMG_1491078512891-150x150.jpg 150w, https:\/\/nyemba.unilab.edu.br\/wp-content\/uploads\/2017\/03\/FB_IMG_1491078512891.jpg 240w\" sizes=\"auto, (max-width: 150px) 100vw, 150px\" \/><\/a><span style=\"color: #800000;\">Margarida Bendo&nbsp;<\/span><\/strong>\n\n                    <a href=\"http:\/\/lattes.cnpq.br\/2591602048560150\"><span style=\"color: #333333;\">Curr\u00edculo Lattes de Margarida Bendo<\/span><\/a>\n                  <\/div>\n                <\/div>\n              <\/div>\n            <\/div>\n          <\/div>\n        <\/div>\n      <\/div>\n    <\/div>\n  <\/div>\n<\/div>","protected":false},"excerpt":{"rendered":"<p>Beatriz Borges Bastos Discente no curso de Licenciatura em Ci\u00eancias Sociais. Graduada em Bacharelado Interdisciplinar em Humanidades, pelo Instituto de Humanidades e Letras \u2013 IHL na Universidade de Integra\u00e7\u00e3o Internacional da Lusofonia Afro-Brasileira \u2013 UNILAB, Campus dos Mal\u00eas, S\u00e3o Francisco do Conde \u2013 BA. \u00c9 bolsista do Programa de Inicia\u00e7\u00e3o Cientifica da mesma universidade, no [&hellip;]<\/p>\n","protected":false},"author":2,"featured_media":0,"parent":32,"menu_order":0,"comment_status":"closed","ping_status":"closed","template":"page-templates\/full-width-page.php","meta":{"footnotes":""},"class_list":["post-196","page","type-page","status-publish","hentry"],"_links":{"self":[{"href":"https:\/\/nyemba.unilab.edu.br\/index.php\/wp-json\/wp\/v2\/pages\/196","targetHints":{"allow":["GET"]}}],"collection":[{"href":"https:\/\/nyemba.unilab.edu.br\/index.php\/wp-json\/wp\/v2\/pages"}],"about":[{"href":"https:\/\/nyemba.unilab.edu.br\/index.php\/wp-json\/wp\/v2\/types\/page"}],"author":[{"embeddable":true,"href":"https:\/\/nyemba.unilab.edu.br\/index.php\/wp-json\/wp\/v2\/users\/2"}],"replies":[{"embeddable":true,"href":"https:\/\/nyemba.unilab.edu.br\/index.php\/wp-json\/wp\/v2\/comments?post=196"}],"version-history":[{"count":15,"href":"https:\/\/nyemba.unilab.edu.br\/index.php\/wp-json\/wp\/v2\/pages\/196\/revisions"}],"predecessor-version":[{"id":2994,"href":"https:\/\/nyemba.unilab.edu.br\/index.php\/wp-json\/wp\/v2\/pages\/196\/revisions\/2994"}],"up":[{"embeddable":true,"href":"https:\/\/nyemba.unilab.edu.br\/index.php\/wp-json\/wp\/v2\/pages\/32"}],"wp:attachment":[{"href":"https:\/\/nyemba.unilab.edu.br\/index.php\/wp-json\/wp\/v2\/media?parent=196"}],"curies":[{"name":"wp","href":"https:\/\/api.w.org\/{rel}","templated":true}]}}