{"id":2120,"date":"2018-04-27T13:43:54","date_gmt":"2018-04-27T16:43:54","guid":{"rendered":"http:\/\/nyemba.unilab.edu.br\/?page_id=2120"},"modified":"2018-06-01T15:57:40","modified_gmt":"2018-06-01T18:57:40","slug":"selecao-de-monitoria","status":"publish","type":"page","link":"https:\/\/nyemba.unilab.edu.br\/index.php\/extensao\/biblioteca-nautica-na-baia-de-todos-os-santos\/selecao-de-monitoria\/","title":{"rendered":"Sele\u00e7\u00e3o de Monitoria"},"content":{"rendered":"<h3><strong>Edital 2017.1<\/strong><\/h3>\n<hr \/>\n<p>Processo Seletivo: <span style=\"color: #3366ff;\"><a style=\"color: #3366ff;\" href=\"https:\/\/mail-attachment.googleusercontent.com\/attachment\/u\/1\/?ui=2&amp;ik=114cb5a937&amp;view=att&amp;th=15b454328feee410&amp;attid=0.2&amp;disp=inline&amp;realattid=f_j16mjtvf1&amp;safe=1&amp;zw&amp;saddbat=ANGjdJ-2nrJQ8KPC5Vn1J8pJON93as6s9OCmIlcvBqcc74T17Pje-QeWOJY1fcMwyCqPXGEcvKgMJ6HuUJ7Yn_igLxgjv2hzctFf3UIjDXV8IOk_CXwTi4z7BXJ5W3C4HjG0t0qFEt_DlIDcoKajHVWPJVuq56EQcTj8e7sPolunobvnFxJcRBj2Hy6N8GtoYPigwWZNsyko1jmTiC646NrIS3U0Ls5avlGiCNQTIgV2rE54GFHzGfDsPr1G1TOeLyMssgwfnOb7u2jqZEkGfwzrybPB0IeZukwlVwVrLEXbzCM2a74d5GgNvIuVPotxqh7ilsmgiaUZ15leFRNQKBjcw2S2l5zbgTWWY-pcu0Ug4QDSzDvlEFicXDDvXG2dt0fSOU8W2HAxf_yuMW70yNnD-lHOfd1rr9al8QZdqq4Q3G-WfrPlGhDI24JfeBTIfBeV5he8YrawJNKxWY0yH8MBQXMR90KRkZw_mxxBZMxdGJ2GnlTc4CVf-mk6tK6RF3ZvVuTwg0FOt92A1F4MRttdKOOD_n19D4OA52ri36zYOUQ54er6Z4LP_h6Ic2s_6MMy9JDG6E0hUGukdJl2zYC4SvhFmtrQf8GhGcMQ4Q\" target=\"_blank\" rel=\"noopener\">Clique Aqui<\/a><\/span><\/p>\n<p>Ficha de Inscri\u00e7\u00e3o: <span style=\"color: #3366ff;\"><a style=\"color: #3366ff;\" href=\"https:\/\/mail-attachment.googleusercontent.com\/attachment\/u\/1\/?ui=2&amp;ik=114cb5a937&amp;view=att&amp;th=15b3b3122b090a76&amp;attid=0.2&amp;disp=inline&amp;realattid=f_j14025421&amp;safe=1&amp;zw&amp;saddbat=ANGjdJ849dBzGe6RUz6qUferqQliFAo0queDu-qctXCdXrB2-TKR2e9E-N0sjnxI4-ZAVbODYaKP2Sv-HoVD19bo1zRgXTPhrp_3IbgZETIeO2goavlG8f2-LrhmBzWB2BPlEn5EINCoI4KzCvIfipPolz9DPqqK4KV3Ey8R-su8dQzyc2uo-d8RiqkH_d4aiMUtVECG4hdDwO0u8z1_cP1Ij9m3PUnBGDk3xsxHChGhnVrNFmTlc9GyMjdVM51mVlvt0v3iN9fbAHwr3epEbpPUMqkl--QD6QMSDu-mvOkIPV5LSC7ld6euxWRKzF4QuBXZZfr3f0Ou5QykyxtPUghGByq7tdxJ2XkkEc4yyYWKwJu02XQLw4l978-EcMmjr0AzucSiYH3BbhxZQtBNAkdBHaaEPT_05wv7i8pZ9NRnLl5BUXcpm91Xo0Tufy-bIW8yBHYID1larSH2TyGcgO4CvfuypCmiULuhffSohE1UEwbVknf1JK0yohsDWq6F50iZ0c71wSVcBEoer8tC6jJvpXVAgynfhwg1-k7UAv7WI2AsjH_yMaTOnrJ1fkkoi6_XKqJulnfgb52P-bqYd_GM1yd46XT_GFxYP7qotQ\" target=\"_blank\" rel=\"noopener\">Clique Aqui<\/a><\/span><\/p>\n<p>Resultado da Sele\u00e7\u00e3o: <span style=\"color: #3366ff;\"><a style=\"color: #3366ff;\" href=\"https:\/\/nyemba.unilab.edu.br\/wp-content\/uploads\/2017\/04\/Resultado-Sele%C3%A7%C3%A3o-Monitores-2017-1.pdf\" target=\"_blank\" rel=\"noopener\">Clique Aqui<\/a><\/span><\/p>\n<p>&nbsp;<\/p>\n<hr \/>\n<p>&nbsp;<\/p>\n<p><img loading=\"lazy\" decoding=\"async\" class=\"aligncenter wp-image-2173 size-large\" src=\"https:\/\/nyemba.unilab.edu.br\/wp-content\/uploads\/2018\/05\/CARTAZ-BIBLIOTECA-NA\u00daTICA-1-001-724x1024.jpg\" alt=\"\" width=\"724\" height=\"1024\" srcset=\"https:\/\/nyemba.unilab.edu.br\/wp-content\/uploads\/2018\/05\/CARTAZ-BIBLIOTECA-NA\u00daTICA-1-001-724x1024.jpg 724w, https:\/\/nyemba.unilab.edu.br\/wp-content\/uploads\/2018\/05\/CARTAZ-BIBLIOTECA-NA\u00daTICA-1-001-212x300.jpg 212w, https:\/\/nyemba.unilab.edu.br\/wp-content\/uploads\/2018\/05\/CARTAZ-BIBLIOTECA-NA\u00daTICA-1-001-768x1086.jpg 768w, https:\/\/nyemba.unilab.edu.br\/wp-content\/uploads\/2018\/05\/CARTAZ-BIBLIOTECA-NA\u00daTICA-1-001.jpg 1191w\" sizes=\"auto, (max-width: 724px) 100vw, 724px\" \/><\/p>\n<p>&nbsp;<\/p>\n<p>&nbsp;<\/p>\n<p>&nbsp;<\/p>\n<p>&nbsp;<\/p>\n<hr \/>\n<h3><strong>Edital 2018.1<\/strong><\/h3>\n<hr \/>\n<p>&nbsp;<\/p>\n<p>Processo Seletivo: <span style=\"color: #3366ff;\"><a style=\"color: #3366ff;\" href=\"https:\/\/nyemba.unilab.edu.br\/wp-content\/uploads\/2018\/05\/seg-parte-sele\u00e7\u00e3o-dos-monitores-2018.pdf\" target=\"_blank\" rel=\"noopener\">Clique Aqui<\/a><\/span><\/p>\n<p>Ficha de Inscri\u00e7\u00e3o:\u00a0<span style=\"color: #3366ff;\"><a style=\"color: #3366ff;\" href=\"https:\/\/nyemba.unilab.edu.br\/wp-content\/uploads\/2018\/05\/Fichas-de-inscri\u00e7\u00e3o-sele\u00e7\u00e3o-BN-2018-Final.docx\" target=\"_blank\" rel=\"noopener\">Clique Aqui<\/a><\/span><\/p>\n<p>&nbsp;<\/p>\n<hr \/>\n<p>&nbsp;<\/p>\n<h3><img loading=\"lazy\" decoding=\"async\" class=\"aligncenter wp-image-2166 size-large\" src=\"https:\/\/nyemba.unilab.edu.br\/wp-content\/uploads\/2018\/05\/primeira-part.cartaz-da-sele\u00e7\u00e3o-de-monitoria-001-724x1024.jpg\" alt=\"\" width=\"724\" height=\"1024\" srcset=\"https:\/\/nyemba.unilab.edu.br\/wp-content\/uploads\/2018\/05\/primeira-part.cartaz-da-sele\u00e7\u00e3o-de-monitoria-001-724x1024.jpg 724w, https:\/\/nyemba.unilab.edu.br\/wp-content\/uploads\/2018\/05\/primeira-part.cartaz-da-sele\u00e7\u00e3o-de-monitoria-001-212x300.jpg 212w, https:\/\/nyemba.unilab.edu.br\/wp-content\/uploads\/2018\/05\/primeira-part.cartaz-da-sele\u00e7\u00e3o-de-monitoria-001-768x1086.jpg 768w, https:\/\/nyemba.unilab.edu.br\/wp-content\/uploads\/2018\/05\/primeira-part.cartaz-da-sele\u00e7\u00e3o-de-monitoria-001.jpg 1191w\" sizes=\"auto, (max-width: 724px) 100vw, 724px\" \/><\/h3>\n<h3><\/h3>\n<p>&nbsp;<\/p>\n<p>&nbsp;<\/p>\n<hr \/>\n<p>&nbsp;<\/p>\n","protected":false},"excerpt":{"rendered":"<p>Edital 2017.1 Processo Seletivo: Clique Aqui Ficha de Inscri\u00e7\u00e3o: Clique Aqui Resultado da Sele\u00e7\u00e3o: Clique Aqui &nbsp; &nbsp; &nbsp; &nbsp; &nbsp; &nbsp; Edital 2018.1 &nbsp; Processo Seletivo: Clique Aqui Ficha de Inscri\u00e7\u00e3o:\u00a0Clique Aqui &nbsp; &nbsp; &nbsp; &nbsp; &nbsp;<\/p>\n","protected":false},"author":2,"featured_media":0,"parent":82,"menu_order":0,"comment_status":"closed","ping_status":"closed","template":"","meta":{"footnotes":""},"class_list":["post-2120","page","type-page","status-publish","hentry"],"_links":{"self":[{"href":"https:\/\/nyemba.unilab.edu.br\/index.php\/wp-json\/wp\/v2\/pages\/2120","targetHints":{"allow":["GET"]}}],"collection":[{"href":"https:\/\/nyemba.unilab.edu.br\/index.php\/wp-json\/wp\/v2\/pages"}],"about":[{"href":"https:\/\/nyemba.unilab.edu.br\/index.php\/wp-json\/wp\/v2\/types\/page"}],"author":[{"embeddable":true,"href":"https:\/\/nyemba.unilab.edu.br\/index.php\/wp-json\/wp\/v2\/users\/2"}],"replies":[{"embeddable":true,"href":"https:\/\/nyemba.unilab.edu.br\/index.php\/wp-json\/wp\/v2\/comments?post=2120"}],"version-history":[{"count":9,"href":"https:\/\/nyemba.unilab.edu.br\/index.php\/wp-json\/wp\/v2\/pages\/2120\/revisions"}],"predecessor-version":[{"id":2304,"href":"https:\/\/nyemba.unilab.edu.br\/index.php\/wp-json\/wp\/v2\/pages\/2120\/revisions\/2304"}],"up":[{"embeddable":true,"href":"https:\/\/nyemba.unilab.edu.br\/index.php\/wp-json\/wp\/v2\/pages\/82"}],"wp:attachment":[{"href":"https:\/\/nyemba.unilab.edu.br\/index.php\/wp-json\/wp\/v2\/media?parent=2120"}],"curies":[{"name":"wp","href":"https:\/\/api.w.org\/{rel}","templated":true}]}}