{"id":2132,"date":"2018-05-02T15:33:06","date_gmt":"2018-05-02T18:33:06","guid":{"rendered":"http:\/\/nyemba.unilab.edu.br\/?page_id=2132"},"modified":"2018-05-24T11:50:53","modified_gmt":"2018-05-24T14:50:53","slug":"galeria-de-fotos","status":"publish","type":"page","link":"https:\/\/nyemba.unilab.edu.br\/index.php\/extensao\/revitalizacao-memoria-e-tradicao\/galeria-de-fotos\/","title":{"rendered":"Galeria de Fotos"},"content":{"rendered":"<h3><span style=\"color: #800000;\"><strong>Roda de Conversa<\/strong><\/span><\/h3>\n<hr \/>\n<p>Aconteceu no \u00faltimo s\u00e1bado, dia 28\/04\/2018, na Casa do Samba de Roda Ra\u00edzes de Acupe &#8211; Santo Amaro\/BA, a primeira a\u00e7\u00e3o do projeto de extens\u00e3o &#8220;Revitaliza\u00e7\u00e3o, Mem\u00f3ria e Tradi\u00e7\u00e3o&#8221;. Trata-se de uma roda de conversa sobre saberes populares com os mestres e mestras fazedores das culturas das comunidades de Acupe e S\u00e3o Br\u00e1s que s\u00e3o atendidas pelo projeto que \u00e9 destinado a crian\u00e7as desses distritos.<\/p>\n<p>Al\u00e9m de alun@s de diversos cursos e per\u00edodos do campus dos Mal\u00eas, participaram da roda as professoras Ana Cl\u00e1udia, Maria Andr\u00e9ia e Cristiane Souza (do IHL); Dona Z\u00e9lia do Prato (Samba Chula de S\u00e3o Br\u00e1s); Professora\u00a0L\u00edvia Oliveira (Quilombo de S\u00e3o Br\u00e1s); Dona Joanice (Samba Ra\u00edzes de Acupe); Dod\u00f4 das Caretas (Caretas de Acupe); Seu\u00a0Evil\u00e1sio (Grupo\u00a0N\u00eago Fugido de Acupe); Dona Joca (Quilombo Dom Jo\u00e3o); as crian\u00e7as do Samba Mirim de Acupe e algumas pessoas da comunidade.<\/p>\n<p>&nbsp;<\/p>\n\n\t\t<style type=\"text\/css\">\n\t\t\t#gallery-1 {\n\t\t\t\tmargin: auto;\n\t\t\t}\n\t\t\t#gallery-1 .gallery-item {\n\t\t\t\tfloat: left;\n\t\t\t\tmargin-top: 10px;\n\t\t\t\ttext-align: center;\n\t\t\t\twidth: 25%;\n\t\t\t}\n\t\t\t#gallery-1 img {\n\t\t\t\tborder: 2px solid #cfcfcf;\n\t\t\t}\n\t\t\t#gallery-1 .gallery-caption {\n\t\t\t\tmargin-left: 0;\n\t\t\t}\n\t\t\t\/* see gallery_shortcode() in wp-includes\/media.php *\/\n\t\t<\/style>\n\t\t<div id='gallery-1' class='gallery galleryid-2132 gallery-columns-4 gallery-size-medium'><dl class='gallery-item'>\n\t\t\t<dt class='gallery-icon landscape'>\n\t\t\t\t<a href='https:\/\/nyemba.unilab.edu.br\/wp-content\/uploads\/2018\/05\/20180428_105017.jpg'><img loading=\"lazy\" decoding=\"async\" width=\"300\" height=\"168\" src=\"https:\/\/nyemba.unilab.edu.br\/wp-content\/uploads\/2018\/05\/20180428_105017-300x168.jpg\" class=\"attachment-medium size-medium\" alt=\"\" srcset=\"https:\/\/nyemba.unilab.edu.br\/wp-content\/uploads\/2018\/05\/20180428_105017-300x168.jpg 300w, https:\/\/nyemba.unilab.edu.br\/wp-content\/uploads\/2018\/05\/20180428_105017-768x431.jpg 768w, https:\/\/nyemba.unilab.edu.br\/wp-content\/uploads\/2018\/05\/20180428_105017-1024x575.jpg 1024w\" sizes=\"auto, (max-width: 300px) 100vw, 300px\" \/><\/a>\n\t\t\t<\/dt><\/dl><dl class='gallery-item'>\n\t\t\t<dt class='gallery-icon landscape'>\n\t\t\t\t<a href='https:\/\/nyemba.unilab.edu.br\/wp-content\/uploads\/2018\/05\/20180428_122605.jpg'><img loading=\"lazy\" decoding=\"async\" width=\"300\" height=\"168\" src=\"https:\/\/nyemba.unilab.edu.br\/wp-content\/uploads\/2018\/05\/20180428_122605-300x168.jpg\" class=\"attachment-medium size-medium\" alt=\"\" srcset=\"https:\/\/nyemba.unilab.edu.br\/wp-content\/uploads\/2018\/05\/20180428_122605-300x168.jpg 300w, https:\/\/nyemba.unilab.edu.br\/wp-content\/uploads\/2018\/05\/20180428_122605-768x431.jpg 768w, https:\/\/nyemba.unilab.edu.br\/wp-content\/uploads\/2018\/05\/20180428_122605-1024x575.jpg 1024w\" sizes=\"auto, (max-width: 300px) 100vw, 300px\" \/><\/a>\n\t\t\t<\/dt><\/dl><dl class='gallery-item'>\n\t\t\t<dt class='gallery-icon landscape'>\n\t\t\t\t<a href='https:\/\/nyemba.unilab.edu.br\/wp-content\/uploads\/2018\/05\/20180428_122736.jpg'><img loading=\"lazy\" decoding=\"async\" width=\"300\" height=\"168\" src=\"https:\/\/nyemba.unilab.edu.br\/wp-content\/uploads\/2018\/05\/20180428_122736-300x168.jpg\" class=\"attachment-medium size-medium\" alt=\"\" srcset=\"https:\/\/nyemba.unilab.edu.br\/wp-content\/uploads\/2018\/05\/20180428_122736-300x168.jpg 300w, https:\/\/nyemba.unilab.edu.br\/wp-content\/uploads\/2018\/05\/20180428_122736-768x431.jpg 768w, https:\/\/nyemba.unilab.edu.br\/wp-content\/uploads\/2018\/05\/20180428_122736-1024x575.jpg 1024w\" sizes=\"auto, (max-width: 300px) 100vw, 300px\" \/><\/a>\n\t\t\t<\/dt><\/dl><dl class='gallery-item'>\n\t\t\t<dt class='gallery-icon landscape'>\n\t\t\t\t<a href='https:\/\/nyemba.unilab.edu.br\/wp-content\/uploads\/2018\/05\/IMG-20180428-WA0078.jpg'><img loading=\"lazy\" decoding=\"async\" width=\"300\" height=\"168\" src=\"https:\/\/nyemba.unilab.edu.br\/wp-content\/uploads\/2018\/05\/IMG-20180428-WA0078-300x168.jpg\" class=\"attachment-medium size-medium\" alt=\"\" srcset=\"https:\/\/nyemba.unilab.edu.br\/wp-content\/uploads\/2018\/05\/IMG-20180428-WA0078-300x168.jpg 300w, https:\/\/nyemba.unilab.edu.br\/wp-content\/uploads\/2018\/05\/IMG-20180428-WA0078-768x431.jpg 768w, https:\/\/nyemba.unilab.edu.br\/wp-content\/uploads\/2018\/05\/IMG-20180428-WA0078-1024x575.jpg 1024w, https:\/\/nyemba.unilab.edu.br\/wp-content\/uploads\/2018\/05\/IMG-20180428-WA0078.jpg 1040w\" sizes=\"auto, (max-width: 300px) 100vw, 300px\" \/><\/a>\n\t\t\t<\/dt><\/dl><br style=\"clear: both\" \/><dl class='gallery-item'>\n\t\t\t<dt class='gallery-icon landscape'>\n\t\t\t\t<a href='https:\/\/nyemba.unilab.edu.br\/wp-content\/uploads\/2018\/05\/IMG-20180428-WA0086.jpg'><img loading=\"lazy\" decoding=\"async\" width=\"300\" height=\"168\" src=\"https:\/\/nyemba.unilab.edu.br\/wp-content\/uploads\/2018\/05\/IMG-20180428-WA0086-300x168.jpg\" class=\"attachment-medium size-medium\" alt=\"\" srcset=\"https:\/\/nyemba.unilab.edu.br\/wp-content\/uploads\/2018\/05\/IMG-20180428-WA0086-300x168.jpg 300w, https:\/\/nyemba.unilab.edu.br\/wp-content\/uploads\/2018\/05\/IMG-20180428-WA0086-768x431.jpg 768w, https:\/\/nyemba.unilab.edu.br\/wp-content\/uploads\/2018\/05\/IMG-20180428-WA0086-1024x575.jpg 1024w, https:\/\/nyemba.unilab.edu.br\/wp-content\/uploads\/2018\/05\/IMG-20180428-WA0086.jpg 1040w\" sizes=\"auto, (max-width: 300px) 100vw, 300px\" \/><\/a>\n\t\t\t<\/dt><\/dl><dl class='gallery-item'>\n\t\t\t<dt class='gallery-icon landscape'>\n\t\t\t\t<a href='https:\/\/nyemba.unilab.edu.br\/wp-content\/uploads\/2018\/05\/IMG-20180430-WA0013.jpg'><img loading=\"lazy\" decoding=\"async\" width=\"300\" height=\"225\" src=\"https:\/\/nyemba.unilab.edu.br\/wp-content\/uploads\/2018\/05\/IMG-20180430-WA0013-300x225.jpg\" class=\"attachment-medium size-medium\" alt=\"\" srcset=\"https:\/\/nyemba.unilab.edu.br\/wp-content\/uploads\/2018\/05\/IMG-20180430-WA0013-300x225.jpg 300w, https:\/\/nyemba.unilab.edu.br\/wp-content\/uploads\/2018\/05\/IMG-20180430-WA0013-768x576.jpg 768w, https:\/\/nyemba.unilab.edu.br\/wp-content\/uploads\/2018\/05\/IMG-20180430-WA0013-1024x768.jpg 1024w, https:\/\/nyemba.unilab.edu.br\/wp-content\/uploads\/2018\/05\/IMG-20180430-WA0013.jpg 1280w\" sizes=\"auto, (max-width: 300px) 100vw, 300px\" \/><\/a>\n\t\t\t<\/dt><\/dl><dl class='gallery-item'>\n\t\t\t<dt class='gallery-icon landscape'>\n\t\t\t\t<a href='https:\/\/nyemba.unilab.edu.br\/wp-content\/uploads\/2018\/05\/IMG-20180430-WA0014.jpg'><img loading=\"lazy\" decoding=\"async\" width=\"300\" height=\"225\" src=\"https:\/\/nyemba.unilab.edu.br\/wp-content\/uploads\/2018\/05\/IMG-20180430-WA0014-300x225.jpg\" class=\"attachment-medium size-medium\" alt=\"\" srcset=\"https:\/\/nyemba.unilab.edu.br\/wp-content\/uploads\/2018\/05\/IMG-20180430-WA0014-300x225.jpg 300w, https:\/\/nyemba.unilab.edu.br\/wp-content\/uploads\/2018\/05\/IMG-20180430-WA0014-768x576.jpg 768w, https:\/\/nyemba.unilab.edu.br\/wp-content\/uploads\/2018\/05\/IMG-20180430-WA0014-1024x768.jpg 1024w, https:\/\/nyemba.unilab.edu.br\/wp-content\/uploads\/2018\/05\/IMG-20180430-WA0014.jpg 1280w\" sizes=\"auto, (max-width: 300px) 100vw, 300px\" \/><\/a>\n\t\t\t<\/dt><\/dl><dl class='gallery-item'>\n\t\t\t<dt class='gallery-icon landscape'>\n\t\t\t\t<a href='https:\/\/nyemba.unilab.edu.br\/wp-content\/uploads\/2018\/05\/IMG-20180430-WA0019.jpg'><img loading=\"lazy\" decoding=\"async\" width=\"300\" height=\"225\" src=\"https:\/\/nyemba.unilab.edu.br\/wp-content\/uploads\/2018\/05\/IMG-20180430-WA0019-300x225.jpg\" class=\"attachment-medium size-medium\" alt=\"\" srcset=\"https:\/\/nyemba.unilab.edu.br\/wp-content\/uploads\/2018\/05\/IMG-20180430-WA0019-300x225.jpg 300w, https:\/\/nyemba.unilab.edu.br\/wp-content\/uploads\/2018\/05\/IMG-20180430-WA0019-768x576.jpg 768w, https:\/\/nyemba.unilab.edu.br\/wp-content\/uploads\/2018\/05\/IMG-20180430-WA0019-1024x768.jpg 1024w, https:\/\/nyemba.unilab.edu.br\/wp-content\/uploads\/2018\/05\/IMG-20180430-WA0019.jpg 1280w\" sizes=\"auto, (max-width: 300px) 100vw, 300px\" \/><\/a>\n\t\t\t<\/dt><\/dl><br style=\"clear: both\" \/><dl class='gallery-item'>\n\t\t\t<dt class='gallery-icon landscape'>\n\t\t\t\t<a href='https:\/\/nyemba.unilab.edu.br\/wp-content\/uploads\/2018\/05\/IMG-20180430-WA0020.jpg'><img loading=\"lazy\" decoding=\"async\" width=\"300\" height=\"225\" src=\"https:\/\/nyemba.unilab.edu.br\/wp-content\/uploads\/2018\/05\/IMG-20180430-WA0020-300x225.jpg\" class=\"attachment-medium size-medium\" alt=\"\" srcset=\"https:\/\/nyemba.unilab.edu.br\/wp-content\/uploads\/2018\/05\/IMG-20180430-WA0020-300x225.jpg 300w, https:\/\/nyemba.unilab.edu.br\/wp-content\/uploads\/2018\/05\/IMG-20180430-WA0020-768x576.jpg 768w, https:\/\/nyemba.unilab.edu.br\/wp-content\/uploads\/2018\/05\/IMG-20180430-WA0020-1024x768.jpg 1024w, https:\/\/nyemba.unilab.edu.br\/wp-content\/uploads\/2018\/05\/IMG-20180430-WA0020.jpg 1280w\" sizes=\"auto, (max-width: 300px) 100vw, 300px\" \/><\/a>\n\t\t\t<\/dt><\/dl><dl class='gallery-item'>\n\t\t\t<dt class='gallery-icon landscape'>\n\t\t\t\t<a href='https:\/\/nyemba.unilab.edu.br\/wp-content\/uploads\/2018\/05\/IMG-20180430-WA0021.jpg'><img loading=\"lazy\" decoding=\"async\" width=\"300\" height=\"225\" src=\"https:\/\/nyemba.unilab.edu.br\/wp-content\/uploads\/2018\/05\/IMG-20180430-WA0021-300x225.jpg\" class=\"attachment-medium size-medium\" alt=\"\" srcset=\"https:\/\/nyemba.unilab.edu.br\/wp-content\/uploads\/2018\/05\/IMG-20180430-WA0021-300x225.jpg 300w, https:\/\/nyemba.unilab.edu.br\/wp-content\/uploads\/2018\/05\/IMG-20180430-WA0021-768x576.jpg 768w, https:\/\/nyemba.unilab.edu.br\/wp-content\/uploads\/2018\/05\/IMG-20180430-WA0021-1024x768.jpg 1024w, https:\/\/nyemba.unilab.edu.br\/wp-content\/uploads\/2018\/05\/IMG-20180430-WA0021.jpg 1280w\" sizes=\"auto, (max-width: 300px) 100vw, 300px\" \/><\/a>\n\t\t\t<\/dt><\/dl><dl class='gallery-item'>\n\t\t\t<dt class='gallery-icon landscape'>\n\t\t\t\t<a href='https:\/\/nyemba.unilab.edu.br\/wp-content\/uploads\/2018\/05\/IMG-20180430-WA0022.jpg'><img loading=\"lazy\" decoding=\"async\" width=\"300\" height=\"225\" src=\"https:\/\/nyemba.unilab.edu.br\/wp-content\/uploads\/2018\/05\/IMG-20180430-WA0022-300x225.jpg\" class=\"attachment-medium size-medium\" alt=\"\" srcset=\"https:\/\/nyemba.unilab.edu.br\/wp-content\/uploads\/2018\/05\/IMG-20180430-WA0022-300x225.jpg 300w, https:\/\/nyemba.unilab.edu.br\/wp-content\/uploads\/2018\/05\/IMG-20180430-WA0022-768x576.jpg 768w, https:\/\/nyemba.unilab.edu.br\/wp-content\/uploads\/2018\/05\/IMG-20180430-WA0022-1024x768.jpg 1024w, https:\/\/nyemba.unilab.edu.br\/wp-content\/uploads\/2018\/05\/IMG-20180430-WA0022.jpg 1280w\" sizes=\"auto, (max-width: 300px) 100vw, 300px\" \/><\/a>\n\t\t\t<\/dt><\/dl><dl class='gallery-item'>\n\t\t\t<dt class='gallery-icon landscape'>\n\t\t\t\t<a href='https:\/\/nyemba.unilab.edu.br\/wp-content\/uploads\/2018\/05\/IMG-20180430-WA0023.jpg'><img loading=\"lazy\" decoding=\"async\" width=\"300\" height=\"225\" src=\"https:\/\/nyemba.unilab.edu.br\/wp-content\/uploads\/2018\/05\/IMG-20180430-WA0023-300x225.jpg\" class=\"attachment-medium size-medium\" alt=\"\" srcset=\"https:\/\/nyemba.unilab.edu.br\/wp-content\/uploads\/2018\/05\/IMG-20180430-WA0023-300x225.jpg 300w, https:\/\/nyemba.unilab.edu.br\/wp-content\/uploads\/2018\/05\/IMG-20180430-WA0023-768x576.jpg 768w, https:\/\/nyemba.unilab.edu.br\/wp-content\/uploads\/2018\/05\/IMG-20180430-WA0023-1024x768.jpg 1024w, https:\/\/nyemba.unilab.edu.br\/wp-content\/uploads\/2018\/05\/IMG-20180430-WA0023.jpg 1280w\" sizes=\"auto, (max-width: 300px) 100vw, 300px\" \/><\/a>\n\t\t\t<\/dt><\/dl><br style=\"clear: both\" \/><dl class='gallery-item'>\n\t\t\t<dt class='gallery-icon landscape'>\n\t\t\t\t<a href='https:\/\/nyemba.unilab.edu.br\/wp-content\/uploads\/2018\/05\/IMG-20180430-WA0024.jpg'><img loading=\"lazy\" decoding=\"async\" width=\"300\" height=\"225\" src=\"https:\/\/nyemba.unilab.edu.br\/wp-content\/uploads\/2018\/05\/IMG-20180430-WA0024-300x225.jpg\" class=\"attachment-medium size-medium\" alt=\"\" srcset=\"https:\/\/nyemba.unilab.edu.br\/wp-content\/uploads\/2018\/05\/IMG-20180430-WA0024-300x225.jpg 300w, https:\/\/nyemba.unilab.edu.br\/wp-content\/uploads\/2018\/05\/IMG-20180430-WA0024-768x576.jpg 768w, https:\/\/nyemba.unilab.edu.br\/wp-content\/uploads\/2018\/05\/IMG-20180430-WA0024-1024x768.jpg 1024w, https:\/\/nyemba.unilab.edu.br\/wp-content\/uploads\/2018\/05\/IMG-20180430-WA0024.jpg 1280w\" sizes=\"auto, (max-width: 300px) 100vw, 300px\" \/><\/a>\n\t\t\t<\/dt><\/dl><dl class='gallery-item'>\n\t\t\t<dt class='gallery-icon landscape'>\n\t\t\t\t<a href='https:\/\/nyemba.unilab.edu.br\/wp-content\/uploads\/2018\/05\/IMG-20180430-WA0025.jpg'><img loading=\"lazy\" decoding=\"async\" width=\"300\" height=\"225\" src=\"https:\/\/nyemba.unilab.edu.br\/wp-content\/uploads\/2018\/05\/IMG-20180430-WA0025-300x225.jpg\" class=\"attachment-medium size-medium\" alt=\"\" srcset=\"https:\/\/nyemba.unilab.edu.br\/wp-content\/uploads\/2018\/05\/IMG-20180430-WA0025-300x225.jpg 300w, https:\/\/nyemba.unilab.edu.br\/wp-content\/uploads\/2018\/05\/IMG-20180430-WA0025-768x576.jpg 768w, https:\/\/nyemba.unilab.edu.br\/wp-content\/uploads\/2018\/05\/IMG-20180430-WA0025-1024x768.jpg 1024w, https:\/\/nyemba.unilab.edu.br\/wp-content\/uploads\/2018\/05\/IMG-20180430-WA0025.jpg 1280w\" sizes=\"auto, (max-width: 300px) 100vw, 300px\" \/><\/a>\n\t\t\t<\/dt><\/dl><dl class='gallery-item'>\n\t\t\t<dt class='gallery-icon landscape'>\n\t\t\t\t<a href='https:\/\/nyemba.unilab.edu.br\/wp-content\/uploads\/2018\/05\/IMG-20180430-WA0026.jpg'><img loading=\"lazy\" decoding=\"async\" width=\"300\" height=\"225\" src=\"https:\/\/nyemba.unilab.edu.br\/wp-content\/uploads\/2018\/05\/IMG-20180430-WA0026-300x225.jpg\" class=\"attachment-medium size-medium\" alt=\"\" srcset=\"https:\/\/nyemba.unilab.edu.br\/wp-content\/uploads\/2018\/05\/IMG-20180430-WA0026-300x225.jpg 300w, https:\/\/nyemba.unilab.edu.br\/wp-content\/uploads\/2018\/05\/IMG-20180430-WA0026-768x576.jpg 768w, https:\/\/nyemba.unilab.edu.br\/wp-content\/uploads\/2018\/05\/IMG-20180430-WA0026-1024x768.jpg 1024w, https:\/\/nyemba.unilab.edu.br\/wp-content\/uploads\/2018\/05\/IMG-20180430-WA0026.jpg 1280w\" sizes=\"auto, (max-width: 300px) 100vw, 300px\" \/><\/a>\n\t\t\t<\/dt><\/dl><dl class='gallery-item'>\n\t\t\t<dt class='gallery-icon landscape'>\n\t\t\t\t<a href='https:\/\/nyemba.unilab.edu.br\/wp-content\/uploads\/2018\/05\/IMG-20180430-WA0027.jpg'><img loading=\"lazy\" decoding=\"async\" width=\"300\" height=\"225\" src=\"https:\/\/nyemba.unilab.edu.br\/wp-content\/uploads\/2018\/05\/IMG-20180430-WA0027-300x225.jpg\" class=\"attachment-medium size-medium\" alt=\"\" srcset=\"https:\/\/nyemba.unilab.edu.br\/wp-content\/uploads\/2018\/05\/IMG-20180430-WA0027-300x225.jpg 300w, https:\/\/nyemba.unilab.edu.br\/wp-content\/uploads\/2018\/05\/IMG-20180430-WA0027-768x576.jpg 768w, https:\/\/nyemba.unilab.edu.br\/wp-content\/uploads\/2018\/05\/IMG-20180430-WA0027-1024x768.jpg 1024w, https:\/\/nyemba.unilab.edu.br\/wp-content\/uploads\/2018\/05\/IMG-20180430-WA0027.jpg 1280w\" sizes=\"auto, (max-width: 300px) 100vw, 300px\" \/><\/a>\n\t\t\t<\/dt><\/dl><br style=\"clear: both\" \/><dl class='gallery-item'>\n\t\t\t<dt class='gallery-icon landscape'>\n\t\t\t\t<a href='https:\/\/nyemba.unilab.edu.br\/wp-content\/uploads\/2018\/05\/IMG-20180430-WA0030.jpg'><img loading=\"lazy\" decoding=\"async\" width=\"300\" height=\"225\" src=\"https:\/\/nyemba.unilab.edu.br\/wp-content\/uploads\/2018\/05\/IMG-20180430-WA0030-300x225.jpg\" class=\"attachment-medium size-medium\" alt=\"\" srcset=\"https:\/\/nyemba.unilab.edu.br\/wp-content\/uploads\/2018\/05\/IMG-20180430-WA0030-300x225.jpg 300w, https:\/\/nyemba.unilab.edu.br\/wp-content\/uploads\/2018\/05\/IMG-20180430-WA0030-768x576.jpg 768w, https:\/\/nyemba.unilab.edu.br\/wp-content\/uploads\/2018\/05\/IMG-20180430-WA0030-1024x768.jpg 1024w, https:\/\/nyemba.unilab.edu.br\/wp-content\/uploads\/2018\/05\/IMG-20180430-WA0030.jpg 1280w\" sizes=\"auto, (max-width: 300px) 100vw, 300px\" \/><\/a>\n\t\t\t<\/dt><\/dl><dl class='gallery-item'>\n\t\t\t<dt class='gallery-icon landscape'>\n\t\t\t\t<a href='https:\/\/nyemba.unilab.edu.br\/wp-content\/uploads\/2018\/05\/IMG-20180430-WA0032.jpg'><img loading=\"lazy\" decoding=\"async\" width=\"300\" height=\"225\" src=\"https:\/\/nyemba.unilab.edu.br\/wp-content\/uploads\/2018\/05\/IMG-20180430-WA0032-300x225.jpg\" class=\"attachment-medium size-medium\" alt=\"\" srcset=\"https:\/\/nyemba.unilab.edu.br\/wp-content\/uploads\/2018\/05\/IMG-20180430-WA0032-300x225.jpg 300w, https:\/\/nyemba.unilab.edu.br\/wp-content\/uploads\/2018\/05\/IMG-20180430-WA0032-768x576.jpg 768w, https:\/\/nyemba.unilab.edu.br\/wp-content\/uploads\/2018\/05\/IMG-20180430-WA0032-1024x768.jpg 1024w, https:\/\/nyemba.unilab.edu.br\/wp-content\/uploads\/2018\/05\/IMG-20180430-WA0032.jpg 1280w\" sizes=\"auto, (max-width: 300px) 100vw, 300px\" \/><\/a>\n\t\t\t<\/dt><\/dl><dl class='gallery-item'>\n\t\t\t<dt class='gallery-icon landscape'>\n\t\t\t\t<a href='https:\/\/nyemba.unilab.edu.br\/wp-content\/uploads\/2018\/05\/IMG-20180430-WA0033-1.jpg'><img loading=\"lazy\" decoding=\"async\" width=\"300\" height=\"225\" src=\"https:\/\/nyemba.unilab.edu.br\/wp-content\/uploads\/2018\/05\/IMG-20180430-WA0033-1-300x225.jpg\" class=\"attachment-medium size-medium\" alt=\"\" srcset=\"https:\/\/nyemba.unilab.edu.br\/wp-content\/uploads\/2018\/05\/IMG-20180430-WA0033-1-300x225.jpg 300w, https:\/\/nyemba.unilab.edu.br\/wp-content\/uploads\/2018\/05\/IMG-20180430-WA0033-1-768x576.jpg 768w, https:\/\/nyemba.unilab.edu.br\/wp-content\/uploads\/2018\/05\/IMG-20180430-WA0033-1-1024x768.jpg 1024w, https:\/\/nyemba.unilab.edu.br\/wp-content\/uploads\/2018\/05\/IMG-20180430-WA0033-1.jpg 1280w\" sizes=\"auto, (max-width: 300px) 100vw, 300px\" \/><\/a>\n\t\t\t<\/dt><\/dl><dl class='gallery-item'>\n\t\t\t<dt class='gallery-icon landscape'>\n\t\t\t\t<a href='https:\/\/nyemba.unilab.edu.br\/wp-content\/uploads\/2018\/05\/IMG-20180430-WA0034.jpg'><img loading=\"lazy\" decoding=\"async\" width=\"300\" height=\"225\" src=\"https:\/\/nyemba.unilab.edu.br\/wp-content\/uploads\/2018\/05\/IMG-20180430-WA0034-300x225.jpg\" class=\"attachment-medium size-medium\" alt=\"\" srcset=\"https:\/\/nyemba.unilab.edu.br\/wp-content\/uploads\/2018\/05\/IMG-20180430-WA0034-300x225.jpg 300w, https:\/\/nyemba.unilab.edu.br\/wp-content\/uploads\/2018\/05\/IMG-20180430-WA0034-768x576.jpg 768w, https:\/\/nyemba.unilab.edu.br\/wp-content\/uploads\/2018\/05\/IMG-20180430-WA0034-1024x768.jpg 1024w, https:\/\/nyemba.unilab.edu.br\/wp-content\/uploads\/2018\/05\/IMG-20180430-WA0034.jpg 1280w\" sizes=\"auto, (max-width: 300px) 100vw, 300px\" \/><\/a>\n\t\t\t<\/dt><\/dl><br style=\"clear: both\" \/>\n\t\t<\/div>\n\n<p>&nbsp;<\/p>\n<hr \/>\n<p style=\"text-align: right;\"><strong>Registros: Ruan Jones, Acupe, 2017.<\/strong><\/p>\n<hr \/>\n<p>&nbsp;<\/p>\n","protected":false},"excerpt":{"rendered":"<p>Roda de Conversa Aconteceu no \u00faltimo s\u00e1bado, dia 28\/04\/2018, na Casa do Samba de Roda Ra\u00edzes de Acupe &#8211; Santo Amaro\/BA, a primeira a\u00e7\u00e3o do projeto de extens\u00e3o &#8220;Revitaliza\u00e7\u00e3o, Mem\u00f3ria e Tradi\u00e7\u00e3o&#8221;. Trata-se de uma roda de conversa sobre saberes populares com os mestres e mestras fazedores das culturas das comunidades de Acupe e S\u00e3o [&hellip;]<\/p>\n","protected":false},"author":2,"featured_media":0,"parent":1043,"menu_order":0,"comment_status":"closed","ping_status":"closed","template":"","meta":{"footnotes":""},"class_list":["post-2132","page","type-page","status-publish","hentry"],"_links":{"self":[{"href":"https:\/\/nyemba.unilab.edu.br\/index.php\/wp-json\/wp\/v2\/pages\/2132","targetHints":{"allow":["GET"]}}],"collection":[{"href":"https:\/\/nyemba.unilab.edu.br\/index.php\/wp-json\/wp\/v2\/pages"}],"about":[{"href":"https:\/\/nyemba.unilab.edu.br\/index.php\/wp-json\/wp\/v2\/types\/page"}],"author":[{"embeddable":true,"href":"https:\/\/nyemba.unilab.edu.br\/index.php\/wp-json\/wp\/v2\/users\/2"}],"replies":[{"embeddable":true,"href":"https:\/\/nyemba.unilab.edu.br\/index.php\/wp-json\/wp\/v2\/comments?post=2132"}],"version-history":[{"count":1,"href":"https:\/\/nyemba.unilab.edu.br\/index.php\/wp-json\/wp\/v2\/pages\/2132\/revisions"}],"predecessor-version":[{"id":2159,"href":"https:\/\/nyemba.unilab.edu.br\/index.php\/wp-json\/wp\/v2\/pages\/2132\/revisions\/2159"}],"up":[{"embeddable":true,"href":"https:\/\/nyemba.unilab.edu.br\/index.php\/wp-json\/wp\/v2\/pages\/1043"}],"wp:attachment":[{"href":"https:\/\/nyemba.unilab.edu.br\/index.php\/wp-json\/wp\/v2\/media?parent=2132"}],"curies":[{"name":"wp","href":"https:\/\/api.w.org\/{rel}","templated":true}]}}