{"id":2181,"date":"2018-05-04T14:54:55","date_gmt":"2018-05-04T17:54:55","guid":{"rendered":"http:\/\/nyemba.unilab.edu.br\/?page_id=2181"},"modified":"2018-08-09T11:35:42","modified_gmt":"2018-08-09T14:35:42","slug":"memorias-de-afeto","status":"publish","type":"page","link":"https:\/\/nyemba.unilab.edu.br\/index.php\/extensao\/biblioteca-nautica-na-baia-de-todos-os-santos\/memorias-de-afeto\/","title":{"rendered":"Mem\u00f3rias de Afeto"},"content":{"rendered":"<h3><span style=\"color: #800000;\"><strong>Banners<\/strong><\/span><\/h3>\n<hr \/>\n<p><a href=\"https:\/\/nyemba.unilab.edu.br\/wp-content\/uploads\/2017\/11\/Esbo\u00e7o-de-Banner-III-semana-univers\u00e1taria.pdf\" target=\"_blank\" rel=\"noopener\">ALVES, Joice Lorena do Sacramento; GELARD, Fabiana Pedreira;\u00a0 SANTOS, Caroline Lima dos. BIBLIOTECA N\u00c1UTICA NA BA\u00cdA DE TODOS OS SANTOS: ALGUNS LIVROS, UMA CANOA E A MAR\u00c9. 2016. pdf.<\/a><\/p>\n<p><a href=\"https:\/\/mail-attachment.googleusercontent.com\/attachment\/u\/0\/?ui=2&amp;ik=114cb5a937&amp;view=att&amp;th=15f470f2b28ca633&amp;attid=0.1&amp;disp=inline&amp;realattid=f_j93k9oxu0&amp;safe=1&amp;zw&amp;saddbat=ANGjdJ_k4P6UVQpksmrwNEGJ-8zr-5z9vsqUMRvR15P7_7kRInCdibBsLXHMkGIy2aYGMcx_6OUfJPm5rG2roKCQ70vrXpJg5EaWylthfuHsbdXNhE1e7YtaDNS-t27zWOaS6SHshEFw0u7AaF2I-n6gFM1T-FUUpLrT7nNGM8VC9Ng4JtCRhkcOCnr4HtFWaa3mBEWm-VvTVS4wROr-HHPjAH4lmxh6N2NmhPp8gAn2QpxhQLnU2CKJDoD8aL7jhqx4xm44WJDWoEA5TjqkHRhYfK40epI5TT14rUTfaca8cp42JmpZDZefzgzwgrTKKnh01lxxvPwRrdMpE-bDtO98lW5GRz3r2zHTY6K4mhPy8y2L--0aQtXbOB1eMjEFZ5TAI0l9MTBazOjrO7NyG1DFFDBxouOvH1SyVdzCH0taD7S3wjadVTCxELSQADCKlQbN0VLijNxvjA520UgDwGbJad8jrPnn2Ri2ed1xtuCnfcvtTIosSzOu7XfZKtK3slCh7mvZlGlOPsabXNqnZK3OKzNk_zGH49IpUTtYdLQIZKGecXkf4z70ohAy7BA_IPjckrO17hHKWYDAvCtaUOJfKJCnlz57LwkyAS0npA\" target=\"_blank\" rel=\"noopener\">ALVES, Joice Lorena do Sacramento Alves; MAIA, Bruna Ap. Thalita; SANTOS, Caroline Lima dos; SOUZA, Cristiane Santos. BIBLIOTECA N\u00c1UTICA NA BA\u00cdA DE TODOS OS SANTOS, GRI\u00d4S NA BA\u00cdA. 2017. pdf.<\/a><\/p>\n<p><a href=\"https:\/\/mail-attachment.googleusercontent.com\/attachment\/u\/0\/?ui=2&amp;ik=114cb5a937&amp;view=att&amp;th=15f470f2b28ca633&amp;attid=0.3&amp;disp=inline&amp;realattid=f_j93kaa6l2&amp;safe=1&amp;zw&amp;saddbat=ANGjdJ9Y5JQkGfUlNXUL6ulOFKra58243bZpHDGVJgdretu83l3ZxbjR7QzoWJ4GJarxfD86YVICv_XL7bttANEAcV9JFJ883NCDyFdoi9nkdCVdEAjsbqzCmT7EQDZv1YjFR9ONuM-FdCXW5BOaFmVwA-9uwPsDFLwJoC_AzRtY42_p3vdqqOVBMSPCU83dVGt7azmJ7MP7HnChkOQLB3ZsHx4ZrzTp8Hmv77aqpfyWyYGW-znVDjUNrTxuKrpT-8E1rrfrDrGB83xJIrxCdBcbdovZm7YroJ-TzMdpVVH6qf-uJphiceaJtQv_GRdm3g7adjd5v5hVGq5K6g1rp9ed7ii48Vr5DLPu3tR_6r7wQ-n8sVJWjWex8eAPGhjtj8uWy63iYo1lK4Gmve6Enqd_Y2xk7bhz1kGF_zmXw7oqOutBh4HR0XxWW81ck3U1W54yO6eDZPEhEOD5V9Ba4uGPDBDpHEQTe30rpAaBetw32o9DXTrg5CDnRBmAVa-p3-28pZuhg5kifvojpevrBLmiSJMOwnmV2Ve9zQFnvtsH1Sr1CwVKNYkZ7kM_aOaKQmUJ8F0MDh1xfpL0sGSXaDwE3W_M5T4ZMezSpwUehA\" target=\"_blank\" rel=\"noopener\">ALVES, Joice Lorena do Sacramento Alves; MAIA, Bruna Ap. Thalita; SANTOS, Caroline Lima dos; SOUZA.BIBLIOTECA N\u00c1UTICA NA BA\u00cdA DE TODOS OS SANTOS, RECRIANDO IMAGIN\u00c1RIOS NAS \u00c1GUAS DO PARAGUAC\u00da. 2017. pdf.<\/a><\/p>\n<p><a href=\"https:\/\/mail-attachment.googleusercontent.com\/attachment\/u\/0\/?ui=2&amp;ik=114cb5a937&amp;view=att&amp;th=16338ab48767dda4&amp;attid=0.1&amp;disp=inline&amp;safe=1&amp;zw&amp;saddbat=ANGjdJ9vlMUefxlElKnWGLecEmjF68XK-pZlrL6wOFpChiS1HdT3Ha4dyvhXYtgNFIoEMACwz79Ir31IlrT23P0mL-jQ1ia2bwIj6Ha83O7LjXyEKLTCeonNJz9-mWGQKzJ99RfPh_AjCOG8xf_6TEpD9f8S4fF6qoFd0lKRaLyGF1m8jEiPcpNRpHiaZ4BZN7_ap9no2R1yltXYfG0uXdE6ea3M9iHraHcO7ufkfXMWflVrkoojK4N2TE6GD3HOuwsAOiN7pDiGhktGS_4dfKlAKvHts6LbXed1VeGvEYcH8T_fkchWaHTOv_G2YE1LZ4hgsaIIvquRWL5nHuUl6qgjTFK2bpTrgCu2OIqYQh1ncnV7Ajw_u-1hbtf2xQuhx5v7wpqFmEy7yERKcDqZlEJBCQAz92sOIhOwLrsXf9vSDyfgtb5RcdVlLk0pavxa7IKyrt3oPReie8Fla0Bnr9lB-bQNf_xOCKmD8opo5Rq2F9H72liSL1_7se6ITpGBfuL5iRp385AjuPRRjT95OSE40jbOZdBCEKiCZsVAAuWvxh8Iv8s-HzRRgYMjdIkBAQTPipiqOHX5l0cryGDGyKihF9rxGgC7oHUHy3BtX_gVeALQ6aiIv0kMY6g6n2w\" target=\"_blank\" rel=\"noopener\">MAIA, Bruna Ap. Thalita; SANTOS,\u00a0Camila Alves Rosa.\u00a0Projeto de Extens\u00e3o: Biblioteca N\u00e1utica na Ba\u00eda de Todos os Santos . 2018. pdf.\u00a0<\/a><\/p>\n<p>&nbsp;<\/p>\n<p>&nbsp;<\/p>\n<p>&nbsp;<\/p>\n<hr \/>\n<h3><strong><span style=\"color: #800000;\">Revistas<\/span><\/strong><\/h3>\n<hr \/>\n<p>&nbsp;<\/p>\n<p><strong><span style=\"color: #ff6600;\">Candeias [2016]<\/span><\/strong><\/p>\n<p>&nbsp;<\/p>\n<p><span style=\"font-weight: inherit;\">Confira a Circular da Biblioteca N\u00e1utica na Ba\u00eda de Todos os Santos, produzida como resultado das a\u00e7\u00f5es no munic\u00edpio de Candeias\/BA, em julho de 2016.<\/span><\/p>\n<p>Neste material voc\u00ea conhecer\u00e1 um peda\u00e7o da hist\u00f3ria deste projeto, e os processos criativos para a visita no munic\u00edpio citado \u00e0 cima.<\/p>\n<p><span style=\"color: #333333;\"><strong><a style=\"color: #333333;\" href=\"https:\/\/nyemba.unilab.edu.br\/wp-content\/uploads\/2017\/05\/circular-biblioteca-nautica.pdf\">Circular Biblioteca N\u00e1utica na Ba\u00eda de Todos os Santos. 1\u00ba edi\u00e7\u00e3o. 2016<\/a>.pdf<\/strong><\/span><\/p>\n<p>&nbsp;<\/p>\n<hr \/>\n<p>&nbsp;<\/p>\n<p><img loading=\"lazy\" decoding=\"async\" class=\"aligncenter wp-image-1715 size-full\" src=\"https:\/\/nyemba.unilab.edu.br\/wp-content\/uploads\/2018\/01\/2017-05-01-09.45.02-bn-circular.png\" alt=\"\" width=\"717\" height=\"499\" srcset=\"https:\/\/nyemba.unilab.edu.br\/wp-content\/uploads\/2018\/01\/2017-05-01-09.45.02-bn-circular.png 717w, https:\/\/nyemba.unilab.edu.br\/wp-content\/uploads\/2018\/01\/2017-05-01-09.45.02-bn-circular-300x209.png 300w\" sizes=\"auto, (max-width: 717px) 100vw, 717px\" \/><\/p>\n<p>&nbsp;<\/p>\n<p>&nbsp;<\/p>\n<hr \/>\n<p>&nbsp;<\/p>\n<p><strong><span style=\"color: #ff6600;\">Maragogipe [2017]<\/span><\/strong><\/p>\n<p>&nbsp;<\/p>\n<p>Confira a Revista da Biblioteca N\u00e1utica na Ba\u00eda de Todos os Santos, produzida como resultado das a\u00e7\u00f5es no munic\u00edpio de Maragogipe\/BA, em julho de 2017.<\/p>\n<p>Neste material voc\u00ea conhecer\u00e1 um pouco do que foi toda esta atividade , e os processos criativos para a visita no munic\u00edpio citado \u00e0 cima.<\/p>\n<p><strong><a href=\"https:\/\/mail-attachment.googleusercontent.com\/attachment\/u\/0\/?ui=2&amp;ik=114cb5a937&amp;view=att&amp;th=1601e49dc312cbf6&amp;attid=0.1&amp;disp=inline&amp;safe=1&amp;zw&amp;saddbat=ANGjdJ94N7BTmxXSkng-7-6m_vEELHnqkbhnLScSIiO2jHjMxfBiw5wQSxSQX04kuFb8NlllvGmZRIp-ofZpfwMBdVeXgMfjE8tR0B8n7ubE14dLRZT2OQleOw54CXZRCiqtpw8y8VWBxbd8jUcd9GhSwu8tH5Tz8t9AthIgjXVLfLmJT2eeiZsLeSdq1pqhzawWp1w6nEwDqTMi7sy5Y99CHRIGKzCYhN8IWgeMFn77iHqkazdNAO2ezVH7nZBKU3Jn5s-V9op3Tpsq5pQYzOkDx1YuUzcz5MQLZI0wx9VjS80SYuwqvKyAzk0phRgy0CfGBpn1eYThd7TF_9WW10sb452RJ_UhjCtXbGg0R4bkcw_KFEGtjBdlVnjaI_xY6YhvbLxCgtL8Ismt-OT-1UWkw3ooVGsdq6OwbgBYZzVywAfqv1pw6lQMylZX_x6si-UXAJdf6w8guCGVXRQieoPy-w8ipmjfaQVdBsmKphfyFHZ541_aFZB1flBGgtX1D7vibzMOTjfpPgfXVgelUe2eN-Wg0A4soN3-jxlh0UjI-4G_dtNoDRnU1tMrUa55NgfSlVcjpV4MbPVH3wOlCOTD3xL84_j25t6yYYlOyw\" target=\"_blank\" rel=\"noopener\">Gri\u00f4s na Ba\u00eda de Todos os Santos: Hist\u00f3rias, Lembran\u00e7as e Mem\u00f3rias que Circulam Pelas \u00c1guas. Maragogipe. Vers\u00e3o on-line.\u00a0 Volume 1. 2017. pdf<\/a><\/strong><\/p>\n<p>&nbsp;<\/p>\n<hr \/>\n<p>&nbsp;<\/p>\n<p><img loading=\"lazy\" decoding=\"async\" class=\"aligncenter wp-image-1976 size-large\" src=\"https:\/\/nyemba.unilab.edu.br\/wp-content\/uploads\/2018\/03\/REVISTA-FINAL-MARAGOGIPE-2-001-791x1024.jpg\" alt=\"\" width=\"791\" height=\"1024\" srcset=\"https:\/\/nyemba.unilab.edu.br\/wp-content\/uploads\/2018\/03\/REVISTA-FINAL-MARAGOGIPE-2-001-791x1024.jpg 791w, https:\/\/nyemba.unilab.edu.br\/wp-content\/uploads\/2018\/03\/REVISTA-FINAL-MARAGOGIPE-2-001-232x300.jpg 232w, https:\/\/nyemba.unilab.edu.br\/wp-content\/uploads\/2018\/03\/REVISTA-FINAL-MARAGOGIPE-2-001-768x994.jpg 768w, https:\/\/nyemba.unilab.edu.br\/wp-content\/uploads\/2018\/03\/REVISTA-FINAL-MARAGOGIPE-2-001.jpg 1224w\" sizes=\"auto, (max-width: 791px) 100vw, 791px\" \/><\/p>\n<p>&nbsp;<\/p>\n<p>&nbsp;<\/p>\n<p>&nbsp;<\/p>\n<hr \/>\n<p>&nbsp;<\/p>\n<p><strong><span style=\"color: #ff6600;\">S\u00e3o Felix [2017]<\/span><\/strong><\/p>\n<p>&nbsp;<\/p>\n<p>Confira a Revista da Biblioteca N\u00e1utica na Ba\u00eda de Todos os Santos, produzida como resultado das a\u00e7\u00f5es no munic\u00edpio de S\u00e3o Felix\/BA, em Novembro de 2017.<\/p>\n<p>Neste material voc\u00ea conhecer\u00e1 um pouco do que foi toda esta atividade , e os processos criativos para a visita no munic\u00edpio citado \u00e0 cima.<\/p>\n<p><strong><a href=\"https:\/\/nyemba.unilab.edu.br\/wp-content\/uploads\/2018\/03\/Biblioteca-N\u00e1utica.-Revista-S\u00e3o-Felix-BA.-2017-1.pdf\">Gri\u00f4s na Ba\u00eda de Todos os Santos: Hist\u00f3rias, Lembran\u00e7as e Mem\u00f3rias que Circulam Pelas \u00c1guas. S\u00e3o Felix. Vers\u00e3o on-line. Volume 2. 2018. pdf<\/a><\/strong><\/p>\n<p>&nbsp;<\/p>\n<hr \/>\n<p>&nbsp;<\/p>\n<p><img loading=\"lazy\" decoding=\"async\" class=\"aligncenter wp-image-1975 size-large\" src=\"https:\/\/nyemba.unilab.edu.br\/wp-content\/uploads\/2018\/03\/1-1-791x1024.jpg\" alt=\"\" width=\"791\" height=\"1024\" srcset=\"https:\/\/nyemba.unilab.edu.br\/wp-content\/uploads\/2018\/03\/1-1-791x1024.jpg 791w, https:\/\/nyemba.unilab.edu.br\/wp-content\/uploads\/2018\/03\/1-1-232x300.jpg 232w, https:\/\/nyemba.unilab.edu.br\/wp-content\/uploads\/2018\/03\/1-1-768x994.jpg 768w, https:\/\/nyemba.unilab.edu.br\/wp-content\/uploads\/2018\/03\/1-1.jpg 816w\" sizes=\"auto, (max-width: 791px) 100vw, 791px\" \/><\/p>\n<p>&nbsp;<\/p>\n<p>&nbsp;<\/p>\n<p>&nbsp;<\/p>\n<p>&nbsp;<\/p>\n<hr \/>\n<h3><span style=\"color: #800000;\"><strong>Document\u00e1rio<\/strong><\/span><\/h3>\n<hr \/>\n<p>&nbsp;<\/p>\n<p>&nbsp;<\/p>\n<p><strong> Biblioteca N\u00e1utica em Pilar (S\u00e3o Felix \u2013 Ba) [Olhar Org\u00e2nico]. 2017 <\/strong><\/p>\n<p><strong>Produ\u00e7\u00e3o Audiovisual : <\/strong>Olhar Org\u00e2nico<\/p>\n<p><strong>Dire\u00e7\u00e3o:<\/strong> Ruan Jones (Monitor &#8211; 2017)<\/p>\n<p><strong>Sinopse:<\/strong>\u00a0\u201cBiblioteca N\u00e1utica \u2013 O projeto tem a finalidade de gerar an\u00e1lises e reflex\u00f5es acerca da cultura e das din\u00e2micas sociais existentes entre os estudantes e agentes educacionais e culturais da Ba\u00eda de Todos os Santos, a partir da difus\u00e3o do acesso \u00e0 leitura, da conta\u00e7\u00e3o de hist\u00f3rias e da disponibiliza\u00e7\u00e3o de livros e imagens ligadas a cultura e a hist\u00f3rias locais, afro-brasileiras e africana. Olhar Org\u00e2nico compreende que os momentos devem continuar da forma mais natural poss\u00edvel, valorizando os aspectos originais de cada situa\u00e7\u00e3o fazendo com que os instantes continuem conosco.\u201d<\/p>\n<p>&nbsp;<\/p>\n<hr \/>\n<p>&nbsp;<\/p>\n<p><iframe loading=\"lazy\" title=\"Biblioteca Nautica em Pilar (S\u00e3o Felix - Ba)\" width=\"500\" height=\"281\" src=\"https:\/\/www.youtube.com\/embed\/mrTtaHDuumE?feature=oembed\" frameborder=\"0\" allow=\"accelerometer; autoplay; clipboard-write; encrypted-media; gyroscope; picture-in-picture; web-share\" referrerpolicy=\"strict-origin-when-cross-origin\" allowfullscreen><\/iframe><\/p>\n<p>&nbsp;<\/p>\n<p>&nbsp;<\/p>\n<p>&nbsp;<\/p>\n<hr \/>\n<p>&nbsp;<\/p>\n","protected":false},"excerpt":{"rendered":"<p>Banners ALVES, Joice Lorena do Sacramento; GELARD, Fabiana Pedreira;\u00a0 SANTOS, Caroline Lima dos. BIBLIOTECA N\u00c1UTICA NA BA\u00cdA DE TODOS OS SANTOS: ALGUNS LIVROS, UMA CANOA E A MAR\u00c9. 2016. pdf. ALVES, Joice Lorena do Sacramento Alves; MAIA, Bruna Ap. Thalita; SANTOS, Caroline Lima dos; SOUZA, Cristiane Santos. BIBLIOTECA N\u00c1UTICA NA BA\u00cdA DE TODOS OS SANTOS, [&hellip;]<\/p>\n","protected":false},"author":2,"featured_media":0,"parent":82,"menu_order":0,"comment_status":"closed","ping_status":"closed","template":"","meta":{"footnotes":""},"class_list":["post-2181","page","type-page","status-publish","hentry"],"_links":{"self":[{"href":"https:\/\/nyemba.unilab.edu.br\/index.php\/wp-json\/wp\/v2\/pages\/2181","targetHints":{"allow":["GET"]}}],"collection":[{"href":"https:\/\/nyemba.unilab.edu.br\/index.php\/wp-json\/wp\/v2\/pages"}],"about":[{"href":"https:\/\/nyemba.unilab.edu.br\/index.php\/wp-json\/wp\/v2\/types\/page"}],"author":[{"embeddable":true,"href":"https:\/\/nyemba.unilab.edu.br\/index.php\/wp-json\/wp\/v2\/users\/2"}],"replies":[{"embeddable":true,"href":"https:\/\/nyemba.unilab.edu.br\/index.php\/wp-json\/wp\/v2\/comments?post=2181"}],"version-history":[{"count":7,"href":"https:\/\/nyemba.unilab.edu.br\/index.php\/wp-json\/wp\/v2\/pages\/2181\/revisions"}],"predecessor-version":[{"id":2220,"href":"https:\/\/nyemba.unilab.edu.br\/index.php\/wp-json\/wp\/v2\/pages\/2181\/revisions\/2220"}],"up":[{"embeddable":true,"href":"https:\/\/nyemba.unilab.edu.br\/index.php\/wp-json\/wp\/v2\/pages\/82"}],"wp:attachment":[{"href":"https:\/\/nyemba.unilab.edu.br\/index.php\/wp-json\/wp\/v2\/media?parent=2181"}],"curies":[{"name":"wp","href":"https:\/\/api.w.org\/{rel}","templated":true}]}}