{"id":2357,"date":"2018-09-11T16:57:23","date_gmt":"2018-09-11T19:57:23","guid":{"rendered":"http:\/\/nyemba.unilab.edu.br\/?page_id=2357"},"modified":"2018-09-11T17:14:09","modified_gmt":"2018-09-11T20:14:09","slug":"pedagogicas-escolares","status":"publish","type":"page","link":"https:\/\/nyemba.unilab.edu.br\/index.php\/pesquisas\/pedagogicas-escolares\/","title":{"rendered":"Pedag\u00f3gicas Escolares"},"content":{"rendered":"<h2 style=\"text-align: center;\"><strong><span style=\"color: #800000;\">Pr\u00e1ticas Pedag\u00f3gicas Escolares na Educa\u00e7\u00e3o das Rela\u00e7\u00f5es \u00c9tnico-Raciais<\/span><\/strong><\/h2>\n<hr \/>\n<p>&nbsp;<\/p>\n<h3 style=\"text-align: center;\"><strong><span style=\"color: #800000;\">COORDENA\u00c7\u00c3O<\/span><\/strong><\/h3>\n<p style=\"text-align: center;\"><a href=\"http:\/\/lattes.cnpq.br\/5637844544469243\" target=\"_blank\" rel=\"noopener\"><strong>Prof\u00aa Dra. Claudilene Maria Silva<\/strong><\/a><\/p>\n<p>&nbsp;<\/p>\n<hr \/>\n<h3 style=\"text-align: center;\"><span style=\"color: #800000;\"><strong>SOBRE O PROJETO<\/strong><\/span><\/h3>\n<hr \/>\n<h3><\/h3>\n<h3 style=\"text-align: center;\"><span style=\"color: #800000;\"><strong>BOLSISTAS <\/strong><\/span><\/h3>\n<p style=\"text-align: center;\"><strong>Conhe\u00e7a mais sobre as bolsistas.<\/strong> <a href=\"https:\/\/nyemba.unilab.edu.br\/index.php\/bolsistas\/\" target=\"_blank\" rel=\"noopener\"><span style=\"color: #3366ff;\">Clique aqui.<\/span><\/a><\/p>\n<p>&nbsp;<\/p>\n<p>&nbsp;<\/p>\n<p style=\"text-align: center;\">Rafaela Bacelar Santos<\/p>\n","protected":false},"excerpt":{"rendered":"<p>Pr\u00e1ticas Pedag\u00f3gicas Escolares na Educa\u00e7\u00e3o das Rela\u00e7\u00f5es \u00c9tnico-Raciais &nbsp; COORDENA\u00c7\u00c3O Prof\u00aa Dra. Claudilene Maria Silva &nbsp; SOBRE O PROJETO BOLSISTAS Conhe\u00e7a mais sobre as bolsistas. Clique aqui. &nbsp; &nbsp; Rafaela Bacelar Santos<\/p>\n","protected":false},"author":2,"featured_media":0,"parent":43,"menu_order":0,"comment_status":"closed","ping_status":"closed","template":"","meta":{"footnotes":""},"class_list":["post-2357","page","type-page","status-publish","hentry"],"_links":{"self":[{"href":"https:\/\/nyemba.unilab.edu.br\/index.php\/wp-json\/wp\/v2\/pages\/2357","targetHints":{"allow":["GET"]}}],"collection":[{"href":"https:\/\/nyemba.unilab.edu.br\/index.php\/wp-json\/wp\/v2\/pages"}],"about":[{"href":"https:\/\/nyemba.unilab.edu.br\/index.php\/wp-json\/wp\/v2\/types\/page"}],"author":[{"embeddable":true,"href":"https:\/\/nyemba.unilab.edu.br\/index.php\/wp-json\/wp\/v2\/users\/2"}],"replies":[{"embeddable":true,"href":"https:\/\/nyemba.unilab.edu.br\/index.php\/wp-json\/wp\/v2\/comments?post=2357"}],"version-history":[{"count":2,"href":"https:\/\/nyemba.unilab.edu.br\/index.php\/wp-json\/wp\/v2\/pages\/2357\/revisions"}],"predecessor-version":[{"id":2366,"href":"https:\/\/nyemba.unilab.edu.br\/index.php\/wp-json\/wp\/v2\/pages\/2357\/revisions\/2366"}],"up":[{"embeddable":true,"href":"https:\/\/nyemba.unilab.edu.br\/index.php\/wp-json\/wp\/v2\/pages\/43"}],"wp:attachment":[{"href":"https:\/\/nyemba.unilab.edu.br\/index.php\/wp-json\/wp\/v2\/media?parent=2357"}],"curies":[{"name":"wp","href":"https:\/\/api.w.org\/{rel}","templated":true}]}}