{"id":2383,"date":"2019-10-17T16:11:32","date_gmt":"2019-10-17T19:11:32","guid":{"rendered":"http:\/\/nyemba.unilab.edu.br\/?page_id=2383"},"modified":"2025-07-02T10:37:47","modified_gmt":"2025-07-02T13:37:47","slug":"coordenacao","status":"publish","type":"page","link":"https:\/\/nyemba.unilab.edu.br\/index.php\/coordenacao\/","title":{"rendered":"Coordena\u00e7\u00e3o"},"content":{"rendered":"<div class=\"style-318 style-local-2383-c1 position-relative\" data-colibri-id=\"2383-c1\">\r\n<div data-colibri-component=\"section\" data-colibri-id=\"2383-c2\"><\/div>\r\n<div data-colibri-component=\"section\" data-colibri-id=\"2383-c2\"><\/div>\r\n<div id=\"initial-content\" class=\"h-section h-section-global-spacing d-flex align-items-lg-center align-items-md-center align-items-center style-319 style-local-2383-c2 position-relative\" data-colibri-component=\"section\" data-colibri-id=\"2383-c2\">\r\n<div class=\"h-section-grid-container h-section-boxed-container\">\r\n<div class=\"h-row-container gutters-row-lg-2 gutters-row-md-2 gutters-row-0 gutters-row-v-lg-2 gutters-row-v-md-2 gutters-row-v-2 style-320 style-local-2383-c3 position-relative\" data-colibri-id=\"2383-c3\">\r\n<div class=\"h-row justify-content-lg-center justify-content-md-center justify-content-center align-items-lg-stretch align-items-md-stretch align-items-stretch gutters-col-lg-2 gutters-col-md-2 gutters-col-0 gutters-col-v-lg-2 gutters-col-v-md-2 gutters-col-v-2\">\r\n<div class=\"h-column h-column-container d-flex h-col-lg-auto h-col-md-auto h-col-auto style-321-outer style-local-2383-c4-outer\">\r\n<div class=\"d-flex h-flex-basis h-column__inner h-px-lg-2 h-px-md-2 h-px-2 v-inner-lg-2 v-inner-md-2 v-inner-2 style-321 style-local-2383-c4 position-relative\" data-colibri-id=\"2383-c4\">\r\n<div class=\"w-100 h-y-container h-column__content h-column__v-align flex-basis-100 align-self-lg-start align-self-md-start align-self-start\">\r\n<div class=\"style-322 style-local-2383-c5 position-relative h-element\" data-colibri-id=\"2383-c5\">\r\n\r\n<hr \/>\r\n\r\n<h1><span style=\"color: #800000;\"><strong>2019-2020<\/strong><\/span><\/h1>\r\n<strong><img loading=\"lazy\" decoding=\"async\" class=\"alignleft wp-image-2384 size-thumbnail\" src=\"https:\/\/nyemba.unilab.edu.br\/wp-content\/uploads\/2019\/10\/servletrecuperafoto-150x150.jpg\" alt=\"\" width=\"150\" height=\"150\" srcset=\"https:\/\/nyemba.unilab.edu.br\/wp-content\/uploads\/2019\/10\/servletrecuperafoto-150x150.jpg 150w, https:\/\/nyemba.unilab.edu.br\/wp-content\/uploads\/2019\/10\/servletrecuperafoto-300x300.jpg 300w, https:\/\/nyemba.unilab.edu.br\/wp-content\/uploads\/2019\/10\/servletrecuperafoto.jpg 320w\" sizes=\"auto, (max-width: 150px) 100vw, 150px\" \/><\/strong>\r\n\r\n<strong><span style=\"color: #800000;\">Zelinda dos Santos Barros<\/span><\/strong>\r\n<span style=\"color: #800000;\">[Coordenadora]<\/span>\r\n<p class=\"resumo\">Cientista social, Doutora em Estudos \u00c9tnicos e Africanos (CEAO\/UFBA), Mestra em Ci\u00eancias Sociais pela Universidade Federal da Bahia (2003), Especialista em Educa\u00e7\u00e3o \u00e0 Dist\u00e2ncia pelo Servi\u00e7o Nacional de Aprendizagem Comercial (2008), Bacharela em Ci\u00eancias Sociais pela Universidade Federal da Bahia (2000). Docente Adjunta da Universidade da Integra\u00e7\u00e3o Internacional da Lusofonia Afro-brasileira (UNILAB). Coordenadora do grupo de pesquisa Nyemba &#8211; Processos Sociais, Mem\u00f3rias e Narrativas Brasil\/\u00c1frica (UNILAB). Conselheira suplente do Conselho Estadual de Educa\u00e7\u00e3o da Bahia, per\u00edodo 2018-2022. Tem experi\u00eancia nas \u00e1reas de Antropologia e Sociologia, com \u00eanfase em G\u00eanero e Rela\u00e7\u00f5es Raciais, atuando principalmente nas seguintes sub \u00e1reas tem\u00e1ticas: Estudos de G\u00eanero, Estudos Feministas, Antropologia da Educa\u00e7\u00e3o, Sociologia da Educa\u00e7\u00e3o, Hist\u00f3ria e Cultura Afro-brasileiras, Educa\u00e7\u00e3o e Rela\u00e7\u00f5es Etnicorraciais, Educa\u00e7\u00e3o a Dist\u00e2ncia. Trabalhou em projetos de forma\u00e7\u00e3o de professores a dist\u00e2ncia do MEC\/SECAD (UNIAFRO, UAB\/Rede de Educa\u00e7\u00e3o para a Diversidade), tendo como parceira a Universidade Federal da Bahia (UFBA). Tem experi\u00eancia em produ\u00e7\u00e3o de material did\u00e1tico para EAD, Tutoria Online e Design Instrucional na plataforma Moodle. Coordenou o Curso a Dist\u00e2ncia de Forma\u00e7\u00e3o de Professoras\/es para o Ensino de Hist\u00f3ria e Cultura Afro-brasileiras (CEAO\/UFBA), de 2007 a 2013. Consultora em Educa\u00e7\u00e3o a Dist\u00e2ncia, Educa\u00e7\u00e3o e Diversidade (G\u00eanero e Rela\u00e7\u00f5es \u00c9tnico-raciais). Membro da Associa\u00e7\u00e3o Brasileira de Pesquisadores\/as Negros\/as (ABPN), da Associa\u00e7\u00e3o Brasileira de Pesquisadores em Cibercultura (ABCiber) e da Sociedade Brasileira para o Progresso da Ci\u00eancia (SBPC).<\/p>\r\n\r\n<\/div>\r\n<a href=\"http:\/\/lattes.cnpq.br\/6583938355056116\">Curr\u00edculo Lattes<\/a>\r\n\r\n<hr \/>\r\n\r\n<\/div>\r\n&nbsp;\r\n\r\n<\/div>\r\n<\/div>\r\n<\/div>\r\n<\/div>\r\n<div class=\"h-row-container gutters-row-lg-2 gutters-row-md-2 gutters-row-0 gutters-row-v-lg-2 gutters-row-v-md-2 gutters-row-v-2 style-320 style-local-2383-c3 position-relative\" data-colibri-id=\"2383-c3\">\r\n<div class=\"h-row justify-content-lg-center justify-content-md-center justify-content-center align-items-lg-stretch align-items-md-stretch align-items-stretch gutters-col-lg-2 gutters-col-md-2 gutters-col-0 gutters-col-v-lg-2 gutters-col-v-md-2 gutters-col-v-2\">\r\n<div class=\"h-column h-column-container d-flex h-col-lg-auto h-col-md-auto h-col-auto style-321-outer style-local-2383-c4-outer\">\r\n<div class=\"d-flex h-flex-basis h-column__inner h-px-lg-2 h-px-md-2 h-px-2 v-inner-lg-2 v-inner-md-2 v-inner-2 style-321 style-local-2383-c4 position-relative\" data-colibri-id=\"2383-c4\">\r\n<div class=\"w-100 h-y-container h-column__content h-column__v-align flex-basis-100 align-self-lg-start align-self-md-start align-self-start\">\r\n<div class=\"style-322 style-local-2383-c5 position-relative h-element\" data-colibri-id=\"2383-c5\">\r\n<p class=\"resumo\"><strong><img loading=\"lazy\" decoding=\"async\" class=\"alignleft wp-image-375 size-thumbnail\" src=\"https:\/\/nyemba.unilab.edu.br\/wp-content\/uploads\/2017\/03\/servletrecuperafoto-2-150x150.jpg\" alt=\"\" width=\"150\" height=\"150\" \/><span style=\"color: #800000;\">Mariana da Costa Aguiar Petroni\u00a0 <\/span><\/strong>\r\n<span style=\"color: #800000;\">[ Vice Coordenadora]<\/span><\/p>\r\n<p class=\"resumo\">Possui gradua\u00e7\u00e3o em Ci\u00eancias Sociais pela Universidade de S\u00e3o Paulo (2003), onde realizou uma pesquisa de Inicia\u00e7\u00e3o Cient\u00edfica com o financiamento do CNPq, sobre a religi\u00e3o no M\u00e9xico do s\u00e9culo XVI. Fez o mestrado em Antropologia\r\nSocial no Centro de Investigaciones y Estudios Superiores en Antropolog\u00eda Social &#8211; M\u00e9xico (2008), onde realizou uma pesquisa sobre fotografia indigensita. E o doutorado em Antropologia Social pela Universidade Estadual de Campinas (2015), onde realizou uma pesquisa sobre biografias ind\u00edgenas com o financiamento da FAPESP. Realizou um document\u00e1rio sobre a perda de l\u00ednguas ind\u00edgenas no M\u00e9xico (Voz&#8230; es. Uma hist\u00f3ria de tres lenguas) e diversas exposi\u00e7\u00f5es fotogr\u00e1ficas. Atualmente \u00e9 professora da Universidade da Integra\u00e7\u00e3o Internacional da Lusofonia Afro-Brasileira, membro do grupo de pesquisa Nyemba &#8211; Processos Sociais, Mem\u00f3rias e Narrativas e pesquisadora do Laborat\u00f3rio Antropol\u00f3gico de Grafia e Imagem (La&#8217;grima) da Unicamp.<\/p>\r\n<span style=\"color: #333333;\"><a href=\"http:\/\/lattes.cnpq.br\/0378563646135737\">Curr\u00edculo Lattes<\/a><\/span>\r\n\r\n&nbsp;\r\n\r\n<hr \/>\r\n\r\n<h1><span style=\"color: #800000;\"><strong>2017 &#8211; 2018<\/strong><\/span><\/h1>\r\n<strong><a class=\"grouped_elements\" href=\"https:\/\/nyemba.unilab.edu.br\/wp-content\/uploads\/2017\/03\/FB_IMG_1491078431911.jpg\" rel=\"tc-fancybox-group188\"><img loading=\"lazy\" decoding=\"async\" class=\"alignleft wp-image-373 size-thumbnail\" src=\"https:\/\/nyemba.unilab.edu.br\/wp-content\/uploads\/2017\/03\/FB_IMG_1491078431911-150x150.jpg\" alt=\"\" width=\"150\" height=\"150\" \/><\/a><\/strong>\r\n\r\n<span style=\"color: #800000;\"><strong>Cristiane Santos Souza\r\n<\/strong>[Coordenadora]<\/span>\r\n\r\nGraduada em Ci\u00eancias Sociais pela Universidade Federal da Bahia (UFBA); Mestre em Ci\u00eancias Sociais (\u00eanfase em Antropologia) pelo Programa de P\u00f3s-Gradua\u00e7\u00e3o em Ci\u00eancias Sociais pela mesma universidade; Doutora em Antropologia Social,\r\nna Universidade Estadual de Campinas (UNICAMP). Professora adjunta da Universidade da Integra\u00e7\u00e3o Internacional da Lusofonia Afro-Brasileira (UNILAB), Campus dos Mal\u00eas, S\u00e3o Francisco do Conde Bahia. Coordenadora da pesquisa \u201cVolta no mundo em imagens: Bimbau e Pierre Verger, trajet\u00f3rias que se cruzam, identidades que se forjam?\u201d (edital universal CNPq), coordenadora do grupo de estudos e pesquisas: Processos Sociais Mem\u00f3rias e narrativas Brasil\/\u00c1frica \u2013 Nyemba. Tem experi\u00eancia de pesquisa e ensino nas \u00e1reas de Antropologia e Sociologia, atuando principalmente com os seguintes temas: experi\u00eancias, trajet\u00f3rias de vida, sociabilidades, rela\u00e7\u00f5es de g\u00eanero, rela\u00e7\u00f5es \u00e9tnico-raciais, territ\u00f3rio, identidade e processos sociais, movimentos sociais e educa\u00e7\u00e3o.<\/p>\r\n<span style=\"color: #333333;\"><a href=\"http:\/\/lattes.cnpq.br\/8814476853305554\">Curr\u00edculo Lattes<\/a>\r\n\r\n<hr \/>\r\n\r\n<\/div>\r\n<\/div>\r\n<\/div>\r\n<\/div>\r\n<div class=\"h-column h-column-container d-flex h-col-lg-auto h-col-md-auto h-col-auto style-321-outer style-local-2383-c4-outer\">\r\n<div class=\"d-flex h-flex-basis h-column__inner h-px-lg-2 h-px-md-2 h-px-2 v-inner-lg-2 v-inner-md-2 v-inner-2 style-321 style-local-2383-c4 position-relative\" data-colibri-id=\"2383-c4\">\r\n<div class=\"w-100 h-y-container h-column__content h-column__v-align flex-basis-100 align-self-lg-start align-self-md-start align-self-start\">\r\n<div class=\"style-322 style-local-2383-c5 position-relative h-element\" data-colibri-id=\"2383-c5\">\r\n\r\n<strong><a class=\"grouped_elements\" href=\"https:\/\/nyemba.unilab.edu.br\/wp-content\/uploads\/2017\/03\/servletrecuperafoto-1.jpg\" rel=\"tc-fancybox-group188\"><img loading=\"lazy\" decoding=\"async\" class=\"alignleft wp-image-370 size-thumbnail\" src=\"https:\/\/nyemba.unilab.edu.br\/wp-content\/uploads\/2017\/03\/servletrecuperafoto-1-150x150.jpg\" alt=\"\" width=\"150\" height=\"150\" \/><\/a><span style=\"color: #800000;\">Claudilene Maria da Silva<\/span><\/strong>\r\n<span style=\"color: #800000;\"> [ Vice Coordenadora]<\/span>\r\n\r\nApresenta uma trajet\u00f3ria de atua\u00e7\u00e3o que entrela\u00e7a cultura e educa\u00e7\u00e3o. Possui gradua\u00e7\u00e3o em Pedagogia (2004), Mestrado em Educa\u00e7\u00e3o (2009) e Doutorado em Educa\u00e7\u00e3o (2016) pela Universidade Federal de Pernambuco. Produtora cultural e pesquisadora da cultura afro-brasileira, entre os anos de 2005 e 2010 foi gerente do N\u00facleo da Cultura Afro-Brasileira da Prefeitura do Recife\/Secretaria de Cultura. Na \u00e1rea da Educa\u00e7\u00e3o sua experi\u00eancia possui \u00eanfase na forma\u00e7\u00e3o de professores, atuando\r\nprincipalmente nos seguintes temas: did\u00e1tica, curr\u00edculo e pr\u00e1tica docente; rela\u00e7\u00f5es \u00e9tnico-raciais no espa\u00e7o escolar; e identidade, cultura e resist\u00eancia negra. Atualmente \u00e9 professora efetiva da Universidade da Integra\u00e7\u00e3o Internacional da Lusofonia Afro-Brasileira (UNILAB), Campus dos Mal\u00eas \u2013 S\u00e3o Francisco do Conde \u2013 Bahia.<\/p>\r\n<span style=\"color: #333333;\"><a href=\"http:\/\/lattes.cnpq.br\/5637844544469243\">Curr\u00edculo Lattes<\/a>\r\n\r\n<hr \/>\r\n\r\n<h1><span style=\"color: #800000;\"><strong>2014 &#8211; 2016<\/strong><\/span><\/h1>\r\n<strong><a class=\"grouped_elements\" href=\"https:\/\/nyemba.unilab.edu.br\/wp-content\/uploads\/2017\/03\/FB_IMG_1491078431911.jpg\" rel=\"tc-fancybox-group188\"><img loading=\"lazy\" decoding=\"async\" class=\"alignleft wp-image-373 size-thumbnail\" src=\"https:\/\/nyemba.unilab.edu.br\/wp-content\/uploads\/2017\/03\/FB_IMG_1491078431911-150x150.jpg\" alt=\"\" width=\"150\" height=\"150\" \/><\/a><\/strong>\r\n\r\n<span style=\"color: #800000;\"><strong>Cristiane Santos Souza <\/strong>[Coordenadora]<\/span>\r\n\r\nGraduada em Ci\u00eancias Sociais pela Universidade Federal da Bahia (UFBA); Mestre em Ci\u00eancias Sociais (\u00eanfase em Antropologia) pelo Programa de P\u00f3s-Gradua\u00e7\u00e3o em Ci\u00eancias Sociais pela mesma universidade; Doutora em Antropologia Social, na Universidade Estadual de Campinas (UNICAMP). Professora adjunta da Universidade da Integra\u00e7\u00e3o Internacional da Lusofonia Afro-Brasileira (UNILAB), Campus dos Mal\u00eas, S\u00e3o Francisco do Conde Bahia. Coordenadora da pesquisa \u201cVolta no mundo em imagens: Bimbau e Pierre Verger, trajet\u00f3rias que se cruzam, identidades que se forjam?\u201d (edital universal CNPq), coordenadora\r\ndo grupo de estudos e pesquisas: Processos Sociais Mem\u00f3rias e narrativas Brasil\/\u00c1frica \u2013 Nyemba. Tem experi\u00eancia de pesquisa e ensino nas \u00e1reas de Antropologia e Sociologia, atuando principalmente com os seguintes temas: experi\u00eancias, trajet\u00f3rias de vida, sociabilidades, rela\u00e7\u00f5es de g\u00eanero, rela\u00e7\u00f5es \u00e9tnico-raciais, territ\u00f3rio, identidade e processos sociais, movimentos sociais e educa\u00e7\u00e3o.<\/p>\r\n<span style=\"color: #333333;\"><a href=\"http:\/\/lattes.cnpq.br\/8814476853305554\">Curr\u00edculo Lattes<\/a>\r\n<h1><\/h1>\r\n\r\n<hr \/>\r\n\r\n\r\n\r\n<hr \/>\r\n<p class=\"resumo\"><\/p>\r\n\r\n<\/div>\r\n<\/div>\r\n<\/div>\r\n<\/div>\r\n<\/div>\r\n<\/div>\r\n<\/div>\r\n<\/div>\r\n<\/div>","protected":false},"excerpt":{"rendered":"<p>2019-2020 Zelinda dos Santos Barros [Coordenadora] Cientista social, Doutora em Estudos \u00c9tnicos e Africanos (CEAO\/UFBA), Mestra em Ci\u00eancias Sociais pela Universidade Federal da Bahia (2003), Especialista em Educa\u00e7\u00e3o \u00e0 Dist\u00e2ncia pelo Servi\u00e7o Nacional de Aprendizagem Comercial (2008), Bacharela em Ci\u00eancias Sociais pela Universidade Federal da Bahia (2000). Docente Adjunta da Universidade da Integra\u00e7\u00e3o Internacional da [&hellip;]<\/p>\n","protected":false},"author":2,"featured_media":0,"parent":0,"menu_order":0,"comment_status":"closed","ping_status":"closed","template":"page-templates\/full-width-page.php","meta":{"footnotes":""},"class_list":["post-2383","page","type-page","status-publish","hentry"],"_links":{"self":[{"href":"https:\/\/nyemba.unilab.edu.br\/index.php\/wp-json\/wp\/v2\/pages\/2383","targetHints":{"allow":["GET"]}}],"collection":[{"href":"https:\/\/nyemba.unilab.edu.br\/index.php\/wp-json\/wp\/v2\/pages"}],"about":[{"href":"https:\/\/nyemba.unilab.edu.br\/index.php\/wp-json\/wp\/v2\/types\/page"}],"author":[{"embeddable":true,"href":"https:\/\/nyemba.unilab.edu.br\/index.php\/wp-json\/wp\/v2\/users\/2"}],"replies":[{"embeddable":true,"href":"https:\/\/nyemba.unilab.edu.br\/index.php\/wp-json\/wp\/v2\/comments?post=2383"}],"version-history":[{"count":18,"href":"https:\/\/nyemba.unilab.edu.br\/index.php\/wp-json\/wp\/v2\/pages\/2383\/revisions"}],"predecessor-version":[{"id":3181,"href":"https:\/\/nyemba.unilab.edu.br\/index.php\/wp-json\/wp\/v2\/pages\/2383\/revisions\/3181"}],"wp:attachment":[{"href":"https:\/\/nyemba.unilab.edu.br\/index.php\/wp-json\/wp\/v2\/media?parent=2383"}],"curies":[{"name":"wp","href":"https:\/\/api.w.org\/{rel}","templated":true}]}}