{"id":31,"date":"2017-03-21T10:32:49","date_gmt":"2017-03-21T13:32:49","guid":{"rendered":"http:\/\/nyemba.unilab.edu.br\/?page_id=31"},"modified":"2025-10-07T07:55:57","modified_gmt":"2025-10-07T10:55:57","slug":"apresentacao","status":"publish","type":"page","link":"https:\/\/nyemba.unilab.edu.br\/","title":{"rendered":"Apresenta\u00e7\u00e3o"},"content":{"rendered":"<div data-colibri-id=\"31-c1\" class=\"style-213 style-local-31-c1 position-relative\">\n  <!---->\n  <div data-colibri-component=\"section\" data-colibri-id=\"31-c2\" id=\"custom\" class=\"h-section h-section-global-spacing d-flex align-items-lg-center align-items-md-center align-items-center style-364 style-local-31-c2 position-relative\">\n    <!---->\n    <!---->\n    <div class=\"h-section-grid-container h-section-boxed-container\">\n      <!---->\n      <div data-colibri-id=\"31-c3\" class=\"h-row-container gutters-row-lg-2 gutters-row-md-2 gutters-row-0 gutters-row-v-lg-2 gutters-row-v-md-2 gutters-row-v-2 style-365 style-local-31-c3 position-relative\">\n        <!---->\n        <div class=\"h-row justify-content-lg-center justify-content-md-center justify-content-center align-items-lg-stretch align-items-md-stretch align-items-stretch gutters-col-lg-2 gutters-col-md-2 gutters-col-0 gutters-col-v-lg-2 gutters-col-v-md-2 gutters-col-v-2\">\n          <!---->\n          <div class=\"h-column h-column-container d-flex h-col-lg-auto h-col-md-auto h-col-auto style-366-outer style-local-31-c4-outer\">\n            <div data-colibri-id=\"31-c4\" class=\"d-flex h-flex-basis h-column__inner h-px-lg-1 h-px-md-1 h-px-1 v-inner-lg-1 v-inner-md-1 v-inner-1 style-366 style-local-31-c4 position-relative\">\n              <!---->\n              <!---->\n              <div class=\"w-100 h-y-container h-column__content h-column__v-align flex-basis-100 align-self-lg-start align-self-md-start align-self-start\">\n                <!---->\n                <div data-colibri-id=\"31-c5\" class=\"h-lead h-text h-text-component style-367 style-local-31-c5 position-relative h-element\">\n                  <!---->\n                  <!---->\n                  <div class=\"\">\n                    <p>&nbsp; &nbsp; &nbsp; &nbsp; Criado em 2014, no Instituto de Humanidades e Letras do campus dos Mal\u00eas\/BA, da Universidade da Integra\u00e7\u00e3o Internacional da Lusofonia Afro-brasileira (UNILAB), o grupo Nyemba re\u00fane pesquisadoras\/es que investigam\n                      diferentes processos e experi\u00eancias sociais vivenciados em m\u00faltiplos contextos no Brasil e no continente africano. O objetivo \u00e9 identificar aspectos comuns e diferen\u00e7as entre estes contextos, bem como contribuir para construir reconhecimento,\n                      aproxima\u00e7\u00f5es e diminuir distanciamentos.\n                      <br>&nbsp; &nbsp; &nbsp; &nbsp; Com este prop\u00f3sito, analisa as m\u00faltiplas dimens\u00f5es que constituem as experi\u00eancias hist\u00f3ricas, os discursos e os projetos de na\u00e7\u00e3o presentes no Brasil e nos pa\u00edses africanos, assim como narrativas e representa\u00e7\u00f5es\n                      culturais e identit\u00e1rias que permeiam o imagin\u00e1rio e a mem\u00f3ria coletiva do Brasil em rela\u00e7\u00e3o ao continente africano, e vice-versa.\n                      <br>&nbsp; &nbsp; &nbsp; &nbsp; Por meio de uma abordagem interdisciplinar, o grupo integra contribui\u00e7\u00f5es de diferentes \u00e1rea das Humanidades e desafia as fronteiras disciplinares historicamente convencionadas, por entender que elas,\n                      na atualidade, pouco contribuem para o amadurecimento das reflex\u00f5es e para a compreens\u00e3o de in\u00fameras quest\u00f5es postas na contemporaneidade, tanto em termos epistemol\u00f3gicos, metodol\u00f3gicos como pol\u00edticos. As a\u00e7\u00f5es do Nyemba s\u00e3o pautadas\n                      pelo di\u00e1logo com a sociedade civil, incluindo os movimentos sociais.<\/p>\n                  <\/div>\n                <\/div>\n              <\/div>\n            <\/div>\n          <\/div>\n        <\/div>\n      <\/div>\n    <\/div>\n  <\/div>\n  <div data-colibri-component=\"section\" data-colibri-id=\"31-c6\" id=\"custom-2\" class=\"h-section h-section-global-spacing d-flex align-items-lg-center align-items-md-center align-items-center style-371 style-local-31-c6 position-relative\">\n    <!---->\n    <!---->\n    <div class=\"h-section-grid-container h-section-boxed-container\">\n      <!---->\n      <div data-colibri-id=\"31-c7\" class=\"h-row-container gutters-row-lg-2 gutters-row-md-2 gutters-row-0 gutters-row-v-lg-2 gutters-row-v-md-2 gutters-row-v-2 style-372 style-local-31-c7 position-relative\">\n        <!---->\n        <div class=\"h-row justify-content-lg-center justify-content-md-center justify-content-center align-items-lg-stretch align-items-md-stretch align-items-stretch gutters-col-lg-2 gutters-col-md-2 gutters-col-0 gutters-col-v-lg-2 gutters-col-v-md-2 gutters-col-v-2\">\n          <!---->\n          <div class=\"h-column h-column-container d-flex h-col-lg-auto h-col-md-auto h-col-auto style-373-outer style-local-31-c8-outer\">\n            <div data-colibri-id=\"31-c8\" class=\"d-flex h-flex-basis h-column__inner h-px-lg-2 h-px-md-2 h-px-2 v-inner-lg-2 v-inner-md-2 v-inner-2 style-373 style-local-31-c8 position-relative\">\n              <!---->\n              <!---->\n              <div class=\"w-100 h-y-container h-column__content h-column__v-align flex-basis-100 align-self-lg-center align-self-md-center align-self-center\">\n                <!---->\n                <div data-colibri-id=\"31-c9\" class=\"d-block style-376 style-local-31-c9 position-relative h-element\">\n                  <!---->\n                  <div class=\"h-image__frame-container-outer\">\n                    <div class=\"h-image__frame-container\">\n                      <!---->\n                      <!---->\n                      <img loading=\"lazy\" decoding=\"async\" width=\"766\" height=\"100\" src=\"https:\/\/nyemba.unilab.edu.br\/wp-content\/uploads\/2025\/10\/cropped-Marcas-site-do-Nyemba.png\" class=\"wp-image-3896 style-376-image style-local-31-c9-image\" alt=\"\" srcset=\"https:\/\/nyemba.unilab.edu.br\/wp-content\/uploads\/2025\/10\/cropped-Marcas-site-do-Nyemba.png 766w, https:\/\/nyemba.unilab.edu.br\/wp-content\/uploads\/2025\/10\/cropped-Marcas-site-do-Nyemba-300x39.png 300w\" sizes=\"auto, (max-width: 766px) 100vw, 766px\" \/>\n                      <div class=\"h-image__frame h-hide-lg h-hide-md h-hide-sm style-376-frameImage style-local-31-c9-frameImage\"><\/div>\n                    <\/div>\n                  <\/div>\n                <\/div>\n              <\/div>\n            <\/div>\n          <\/div>\n        <\/div>\n      <\/div>\n    <\/div>\n  <\/div>\n<\/div>","protected":false},"excerpt":{"rendered":"<p>&nbsp; &nbsp; &nbsp; &nbsp; Criado em 2014, no Instituto de Humanidades e Letras do campus dos Mal\u00eas\/BA, da Universidade da Integra\u00e7\u00e3o Internacional da Lusofonia Afro-brasileira (UNILAB), o grupo Nyemba re\u00fane pesquisadoras\/es que investigam diferentes processos e experi\u00eancias sociais vivenciados em m\u00faltiplos contextos no Brasil e no continente africano. O objetivo \u00e9 identificar aspectos comuns e [&hellip;]<\/p>\n","protected":false},"author":6,"featured_media":0,"parent":0,"menu_order":0,"comment_status":"closed","ping_status":"closed","template":"page-templates\/full-width-page.php","meta":{"footnotes":""},"class_list":["post-31","page","type-page","status-publish","hentry"],"_links":{"self":[{"href":"https:\/\/nyemba.unilab.edu.br\/index.php\/wp-json\/wp\/v2\/pages\/31","targetHints":{"allow":["GET"]}}],"collection":[{"href":"https:\/\/nyemba.unilab.edu.br\/index.php\/wp-json\/wp\/v2\/pages"}],"about":[{"href":"https:\/\/nyemba.unilab.edu.br\/index.php\/wp-json\/wp\/v2\/types\/page"}],"author":[{"embeddable":true,"href":"https:\/\/nyemba.unilab.edu.br\/index.php\/wp-json\/wp\/v2\/users\/6"}],"replies":[{"embeddable":true,"href":"https:\/\/nyemba.unilab.edu.br\/index.php\/wp-json\/wp\/v2\/comments?post=31"}],"version-history":[{"count":20,"href":"https:\/\/nyemba.unilab.edu.br\/index.php\/wp-json\/wp\/v2\/pages\/31\/revisions"}],"predecessor-version":[{"id":3912,"href":"https:\/\/nyemba.unilab.edu.br\/index.php\/wp-json\/wp\/v2\/pages\/31\/revisions\/3912"}],"wp:attachment":[{"href":"https:\/\/nyemba.unilab.edu.br\/index.php\/wp-json\/wp\/v2\/media?parent=31"}],"curies":[{"name":"wp","href":"https:\/\/api.w.org\/{rel}","templated":true}]}}