{"id":32,"date":"2017-03-21T10:32:49","date_gmt":"2017-03-21T13:32:49","guid":{"rendered":"http:\/\/nyemba.unilab.edu.br\/?page_id=32"},"modified":"2025-09-13T09:54:56","modified_gmt":"2025-09-13T12:54:56","slug":"pesquisadores","status":"publish","type":"page","link":"https:\/\/nyemba.unilab.edu.br\/index.php\/pesquisadores\/","title":{"rendered":"Equipe antiga"},"content":{"rendered":"<div data-colibri-id=\"32-c1\" class=\"style-323 style-local-32-c1 position-relative\">\n  <!---->\n  <div data-colibri-component=\"section\" data-colibri-id=\"32-c2\" id=\"initial-content\" class=\"h-section h-section-global-spacing d-flex align-items-lg-center align-items-md-center align-items-center style-324 style-local-32-c2 position-relative\">\n    <!---->\n    <!---->\n    <div class=\"h-section-grid-container h-section-boxed-container\">\n      <!---->\n      <div data-colibri-id=\"32-c3\" class=\"h-row-container gutters-row-lg-2 gutters-row-md-2 gutters-row-0 gutters-row-v-lg-2 gutters-row-v-md-2 gutters-row-v-2 style-325 style-local-32-c3 position-relative\">\n        <!---->\n        <div class=\"h-row justify-content-lg-center justify-content-md-center justify-content-center align-items-lg-stretch align-items-md-stretch align-items-stretch gutters-col-lg-2 gutters-col-md-2 gutters-col-0 gutters-col-v-lg-2 gutters-col-v-md-2 gutters-col-v-2\">\n          <!---->\n          <div class=\"h-column h-column-container d-flex h-col-lg-auto h-col-md-auto h-col-auto style-326-outer style-local-32-c4-outer\">\n            <div data-colibri-id=\"32-c4\" class=\"d-flex h-flex-basis h-column__inner h-px-lg-2 h-px-md-2 h-px-2 v-inner-lg-2 v-inner-md-2 v-inner-2 style-326 style-local-32-c4 position-relative\">\n              <!---->\n              <!---->\n              <div class=\"w-100 h-y-container h-column__content h-column__v-align flex-basis-100 align-self-lg-start align-self-md-start align-self-start\">\n                <!---->\n                <div data-colibri-id=\"32-c5\" class=\"style-327 style-local-32-c5 position-relative h-element\">\n                  <!---->\n                  <div><strong><span style=\"color: #800000;\">Prof\u00aa Dr\u00aa Ana Cl\u00e1udia Gomes Souza<\/span><\/strong> &#8211; e-mail: anacla@unilab.edu.br\n\n                    <strong><span style=\"color: #800000;\">Prof\u00aa Dr\u00aa Carla Craice da Silva<\/span><\/strong> &#8211; <span style=\"color: #808080;\">e-mail: carlacs@unilab.edu.br&nbsp;<\/span>\n\n                    <span style=\"color: #800000;\"><a style=\"color: #800000;\" href=\"http:\/\/lattes.cnpq.br\/5637844544469243\"><strong>Prof\u00aa Dra. Claudilene Maria da Silva <\/strong><\/a><span style=\"color: #808080;\">&#8211; e-mail:<\/span><span style=\"color: #808080;\"> claudilenems@unilab.edu.br<\/span><\/span>\n\n                    <span style=\"color: #800000;\"><a style=\"color: #800000;\" href=\"http:\/\/lattes.cnpq.br\/8814476853305554\"><strong>Prof\u00aa &nbsp;Dra. Cristiane Santos Souza <\/strong><\/a><span style=\"color: #808080;\">&#8211; e-mail:<\/span><span style=\"color: #808080;\"> criskasouza@unilab.edu.br&nbsp;<\/span><\/span>\n\n                    <span style=\"color: #800000;\"><strong>Prof\u00aa Dr\u00aa Maria Andr\u00e9a dos Santos Soares<\/strong><\/span> &#8211; <span style=\"color: #808080;\">e-mail: mandreasantos@unilab.edu.br<\/span>\n\n                    <span style=\"color: #800000;\"><a href=\"http:\/\/lattes.cnpq.br\/0378563646135737\"><strong><span style=\"color: #800000;\">Prof\u00aa Dra. Mariana da Costa Aguiar Petroni<\/span> <\/strong>\n                    <\/a><span style=\"color: #808080;\">&#8211; e-mail:<\/span> <span style=\"color: #808080;\">mpetroni@unilab.edu.br<\/span><\/span>\n\n                    <strong><span style=\"color: #800000;\">Prof. Dr. Marlon Marcos Vieira Passos<\/span><\/strong> &#8211; <span style=\"color: #808080;\">e-mail: marlonmarcos@unilab.edu.br<\/span>\n\n                    <span style=\"color: #800000;\"><a style=\"color: #800000;\" href=\"http:\/\/lattes.cnpq.br\/6441914324457905\"><strong>Prof\u00ba Dr. Rafael Palermo Buti <\/strong><\/a><span style=\"color: #808080;\">&#8211; e-mail: rafaelpbuti@unilab.edu.br&nbsp;<\/span><\/span>\n\n                    <strong><span style=\"color: #800000;\">Prof\u00aa Dr\u00aa Zelinda Barros<\/span> <\/strong>&#8211; <span style=\"color: #808080;\">e-mail: zelindabarros@unilab.edu.br&nbsp;<\/span>\n\n                    <hr>\n\n                    <strong><span style=\"color: #333333;\"><a href=\"http:\/\/lattes.cnpq.br\/7243391841866095\">Beatriz Borges Bastos <\/a><\/span><span style=\"color: #808080;\">&#8211;<\/span><\/strong><span style=\"color: #333333;\"> email: biabastosb@gmail.com&nbsp;<strong>\n<\/strong><\/span>\n\n                    <hr>\n\n                    <span style=\"color: #333333;\"><strong><a style=\"color: #333333;\" href=\"http:\/\/lattes.cnpq.br\/8760086420176281\">Bruna Ap. Maia<\/a> &#8211; <\/strong>email: brunamaia_5@hotmail.com\n<\/span>\n\n                    <hr>\n\n                    <span style=\"color: #333333;\"><a style=\"color: #333333;\" href=\"http:\/\/lattes.cnpq.br\/2809033178735716\"><strong>Camila Alves Rosa Santos<\/strong><\/a> &#8211; email:&nbsp;caah_rosa4@hotmail.com&nbsp;<\/span>\n\n                    <hr>\n\n                    <span style=\"color: #333333;\"><a style=\"color: #333333;\" href=\"http:\/\/lattes.cnpq.br\/2088091233239161\"><strong>Caroline Lima dos Santos <\/strong><\/a>&#8211; email: carollinelimadossantos@gmai.com<strong>\n<\/strong><\/span>\n\n                    <hr>\n\n                    <span style=\"color: #333333;\"><a style=\"color: #333333;\" href=\"http:\/\/lattes.cnpq.br\/2217398951413256\"><strong>Chitungane S. Chachuaio <\/strong><\/a>&#8211; email: chitungane@gmail.com&nbsp;<strong>\n<\/strong><\/span>\n\n                    <hr>\n\n                    <span style=\"color: #333333;\"><a style=\"color: #333333;\" href=\"http:\/\/lattes.cnpq.br\/7182615292002469\"><strong>Felipe Imidio Santos <\/strong><\/a>&#8211; email: felipeimidio@unilab.edu.br&nbsp;<strong>\n<\/strong><\/span>\n\n                    <hr>\n\n                    <span style=\"color: #333333;\"><strong>Helka Sampaio <\/strong>&#8211; email<strong>: <\/strong>helka@unilab.edu.br&nbsp;<strong>\n<\/strong><\/span>\n\n                    <hr>\n\n                    <span style=\"color: #333333;\"><strong><a style=\"color: #333333;\" href=\"http:\/\/lattes.cnpq.br\/8386186109483722\" target=\"_blank\" rel=\"noopener\">Illana Ribeiro Bomfim<\/a> &#8211;&nbsp;<\/strong>&nbsp;email: illanarb@hotmail.com<\/span>\n\n                    <hr>\n\n                    <span style=\"color: #333333;\"><a style=\"color: #333333;\" href=\"http:\/\/lattes.cnpq.br\/1241539206575026\"><strong>Joice Lorena S. Sacramento <\/strong><\/a>&#8211; email: joicelorenaalves@hotmail.com&nbsp;<strong>\n<\/strong><\/span>\n\n                    <hr>\n\n                    <span style=\"color: #333333;\"><strong><a style=\"color: #333333;\" href=\"http:\/\/lattes.cnpq.br\/4361237483702084\">Leila Abade Nery <\/a>&nbsp;<\/strong>&#8211; email:&nbsp;<\/span>\n\n                    <hr>\n\n                    <span style=\"color: #333333;\"><strong>Lu\u00edsa Maria R. da Concei\u00e7\u00e3o <\/strong>&#8211; email: luizaregiz@gmail.com&nbsp;<strong>\n<\/strong><\/span>\n\n                    <hr>\n\n                    <span style=\"color: #800000;\"><span style=\"color: #333333;\"><a style=\"color: #333333;\" href=\"http:\/\/lattes.cnpq.br\/2591602048560150\"><strong>Margarida Bendo <\/strong><\/a>&#8211; email: mildabendo@hotmail.com&nbsp;<\/span><strong>\n<\/strong><\/span>\n\n                    <hr>\n\n                    <span style=\"color: #800000;\"><span style=\"color: #808080;\">&nbsp;<\/span><\/span><strong>&nbsp;<\/strong><\/div>\n                <\/div>\n              <\/div>\n            <\/div>\n          <\/div>\n        <\/div>\n      <\/div>\n    <\/div>\n  <\/div>\n<\/div>","protected":false},"excerpt":{"rendered":"<p>Prof\u00aa Dr\u00aa Ana Cl\u00e1udia Gomes Souza &#8211; e-mail: anacla@unilab.edu.br Prof\u00aa Dr\u00aa Carla Craice da Silva &#8211; e-mail: carlacs@unilab.edu.br&nbsp; Prof\u00aa Dra. Claudilene Maria da Silva &#8211; e-mail: claudilenems@unilab.edu.br Prof\u00aa &nbsp;Dra. Cristiane Santos Souza &#8211; e-mail: criskasouza@unilab.edu.br&nbsp; Prof\u00aa Dr\u00aa Maria Andr\u00e9a dos Santos Soares &#8211; e-mail: mandreasantos@unilab.edu.br Prof\u00aa Dra. Mariana da Costa Aguiar Petroni &#8211; e-mail: mpetroni@unilab.edu.br [&hellip;]<\/p>\n","protected":false},"author":2,"featured_media":0,"parent":0,"menu_order":0,"comment_status":"closed","ping_status":"closed","template":"page-templates\/full-width-page.php","meta":{"footnotes":""},"class_list":["post-32","page","type-page","status-publish","hentry"],"_links":{"self":[{"href":"https:\/\/nyemba.unilab.edu.br\/index.php\/wp-json\/wp\/v2\/pages\/32","targetHints":{"allow":["GET"]}}],"collection":[{"href":"https:\/\/nyemba.unilab.edu.br\/index.php\/wp-json\/wp\/v2\/pages"}],"about":[{"href":"https:\/\/nyemba.unilab.edu.br\/index.php\/wp-json\/wp\/v2\/types\/page"}],"author":[{"embeddable":true,"href":"https:\/\/nyemba.unilab.edu.br\/index.php\/wp-json\/wp\/v2\/users\/2"}],"replies":[{"embeddable":true,"href":"https:\/\/nyemba.unilab.edu.br\/index.php\/wp-json\/wp\/v2\/comments?post=32"}],"version-history":[{"count":20,"href":"https:\/\/nyemba.unilab.edu.br\/index.php\/wp-json\/wp\/v2\/pages\/32\/revisions"}],"predecessor-version":[{"id":3254,"href":"https:\/\/nyemba.unilab.edu.br\/index.php\/wp-json\/wp\/v2\/pages\/32\/revisions\/3254"}],"wp:attachment":[{"href":"https:\/\/nyemba.unilab.edu.br\/index.php\/wp-json\/wp\/v2\/media?parent=32"}],"curies":[{"name":"wp","href":"https:\/\/api.w.org\/{rel}","templated":true}]}}