{"id":554,"date":"2017-04-17T15:48:23","date_gmt":"2017-04-17T18:48:23","guid":{"rendered":"http:\/\/nyemba.unilab.edu.br\/?page_id=554"},"modified":"2021-02-07T09:39:38","modified_gmt":"2021-02-07T12:39:38","slug":"bibliografia-nyemba-indicacoes-de-textos-e-audiovisuais","status":"publish","type":"page","link":"https:\/\/nyemba.unilab.edu.br\/index.php\/bibliografia-nyemba-indicacoes-de-textos-e-audiovisuais\/","title":{"rendered":"Biblioteca Digital do Nyemba"},"content":{"rendered":"<h3><span style=\"color: #800000;\"><strong>\u00a0A<\/strong><\/span><span style=\"color: #800000;\"><strong>cervo Nyemba<\/strong><\/span><\/h3>\n<p><a href=\"https:\/\/nyemba.unilab.edu.br\/index.php\/bibliografia-nyemba-indicacoes-de-textos-e-audiovisuais\/acervo-nyemba\/\" target=\"_blank\" rel=\"noopener\"><span style=\"color: #3366ff;\">Clique aqui.<\/span><\/a><\/p>\n<hr \/>\n<h3><\/h3>\n<hr \/>\n<h3><span style=\"color: #800000;\"><strong>Acervo Biblioteca N\u00e1utica<\/strong><\/span><\/h3>\n<p><a href=\"https:\/\/nyemba.unilab.edu.br\/index.php\/acervo-digital-biblioteca-nautica-na-baia-de-todos-os-santos\/\" target=\"_blank\" rel=\"noopener\"><span style=\"color: #3366ff;\">Clique aqui.<\/span><\/a><\/p>\n<hr \/>\n<h3><\/h3>\n<hr \/>\n<h3><span style=\"color: #800000;\"><strong>Audiovisuais<\/strong><\/span><\/h3>\n<p><a href=\"https:\/\/nyemba.unilab.edu.br\/index.php\/audiovisuais\/\" target=\"_blank\" rel=\"noopener\"><span style=\"color: #3366ff;\">Clique aqui.<\/span><\/a><\/p>\n<hr \/>\n<h3><\/h3>\n<hr \/>\n<h3><strong><span style=\"color: #800000;\">Livros<\/span><\/strong><\/h3>\n<p><a href=\"https:\/\/nyemba.unilab.edu.br\/index.php\/livros\/\" target=\"_blank\" rel=\"noopener\"><span style=\"color: #3366ff;\">Clique aqui.<\/span><\/a><\/p>\n<hr \/>\n<h3><\/h3>\n<hr \/>\n<h3><strong><span style=\"color: #800000;\">Materiais Did\u00e1ticos<\/span><\/strong><\/h3>\n<p><a href=\"https:\/\/nyemba.unilab.edu.br\/index.php\/materiais-didaticos\/\" target=\"_blank\" rel=\"noopener\"><span style=\"color: #3366ff;\">Clique aqui.<\/span><\/a><\/p>\n<hr \/>\n<h3><\/h3>\n<hr \/>\n<h3><strong><span style=\"color: #800000;\">Pesquisas<\/span><\/strong><\/h3>\n<p><a href=\"https:\/\/nyemba.unilab.edu.br\/index.php\/pesquisas-2\/\" target=\"_blank\" rel=\"noopener\"><span style=\"color: #3366ff;\">Clique aqui.<\/span><\/a><\/p>\n<hr \/>\n<h3><\/h3>\n<hr \/>\n<h3><span style=\"color: #800000;\"><strong>Revistas<\/strong><\/span><\/h3>\n<p><a href=\"https:\/\/nyemba.unilab.edu.br\/index.php\/revistas\/\" target=\"_blank\" rel=\"noopener\"><span style=\"color: #3366ff;\">Clique aqui.<\/span><\/a><\/p>\n<hr \/>\n<h3><\/h3>\n<hr \/>\n<h3><span style=\"color: #800000;\"><strong>Teses\/ Disserta\u00e7\u00f5es\/ Monografias<\/strong><\/span><\/h3>\n<p><a href=\"https:\/\/nyemba.unilab.edu.br\/index.php\/teses-dissertacoes-monografias\/\" target=\"_blank\" rel=\"noopener\"><span style=\"color: #3366ff;\">Clique aqui.<\/span><\/a><\/p>\n<hr \/>\n<h3><\/h3>\n<hr \/>\n<h3><strong><span style=\"color: #800000;\">Artigos e Ensaios<\/span><\/strong><\/h3>\n<p><a href=\"https:\/\/nyemba.unilab.edu.br\/index.php\/textos\/\" target=\"_blank\" rel=\"noopener\"><span style=\"color: #3366ff;\">Clique aqui.<\/span><\/a><\/p>\n<hr \/>\n","protected":false},"excerpt":{"rendered":"<p>Indica\u00e7\u00f5es bibliogr\u00e1ficas de leitura e audiovisuais.<\/p>\n","protected":false},"author":2,"featured_media":0,"parent":0,"menu_order":0,"comment_status":"closed","ping_status":"closed","template":"","meta":{"footnotes":""},"class_list":["post-554","page","type-page","status-publish","hentry"],"_links":{"self":[{"href":"https:\/\/nyemba.unilab.edu.br\/index.php\/wp-json\/wp\/v2\/pages\/554","targetHints":{"allow":["GET"]}}],"collection":[{"href":"https:\/\/nyemba.unilab.edu.br\/index.php\/wp-json\/wp\/v2\/pages"}],"about":[{"href":"https:\/\/nyemba.unilab.edu.br\/index.php\/wp-json\/wp\/v2\/types\/page"}],"author":[{"embeddable":true,"href":"https:\/\/nyemba.unilab.edu.br\/index.php\/wp-json\/wp\/v2\/users\/2"}],"replies":[{"embeddable":true,"href":"https:\/\/nyemba.unilab.edu.br\/index.php\/wp-json\/wp\/v2\/comments?post=554"}],"version-history":[{"count":87,"href":"https:\/\/nyemba.unilab.edu.br\/index.php\/wp-json\/wp\/v2\/pages\/554\/revisions"}],"predecessor-version":[{"id":3091,"href":"https:\/\/nyemba.unilab.edu.br\/index.php\/wp-json\/wp\/v2\/pages\/554\/revisions\/3091"}],"wp:attachment":[{"href":"https:\/\/nyemba.unilab.edu.br\/index.php\/wp-json\/wp\/v2\/media?parent=554"}],"curies":[{"name":"wp","href":"https:\/\/api.w.org\/{rel}","templated":true}]}}