{"id":626,"date":"2017-04-27T00:25:42","date_gmt":"2017-04-27T03:25:42","guid":{"rendered":"http:\/\/nyemba.unilab.edu.br\/?page_id=626"},"modified":"2018-05-10T14:12:35","modified_gmt":"2018-05-10T17:12:35","slug":"curso-de-formacao-de-monitors","status":"publish","type":"page","link":"https:\/\/nyemba.unilab.edu.br\/index.php\/extensao\/biblioteca-nautica-na-baia-de-todos-os-santos\/curso-de-formacao-de-monitors\/","title":{"rendered":"Curso de Forma\u00e7\u00e3o de Monitor@s"},"content":{"rendered":"<h1><span style=\"color: #800000;\"><strong>Oficina de Conta\u00e7\u00e3o de hist\u00f3rias: A Arte Gri\u00f4t de Conta\u00e7\u00e3o.\u00a0<\/strong><\/span><\/h1>\n<p>&nbsp;<\/p>\n<hr \/>\n<p><span style=\"color: #800000;\"><strong>\u00a0<\/strong><\/span>Este curso foi idealizado para a forma\u00e7\u00e3o de monitores que far\u00e3o parte da equipe do projeto Biblioteca N\u00e1utica e Espa\u00e7o Griot na Ba\u00eda de Todos os Santos, pensando em um processo formativo que possibilite ferramentas aos estudantes da UNILAB &#8211; Campus dos Mal\u00eas, para a realiza\u00e7\u00e3o das diversas atividades durante \u00a0a visita que o projeto far\u00e1 nos munic\u00edpios de Maragogipe-BA e S\u00e3o Felix-BA no ano corrente.<\/p>\n<p>A proposta surgiu a partir da experi\u00eancia da Biblioteca N\u00e1utica na Ba\u00eda de Todos os Santos no munic\u00edpio de Candeias-BA (2016), onde as avalia\u00e7\u00f5es e diagn\u00f3sticos possibilitaram a equipe permanente sinalizar quais as melhorias para dar Encaminhamentos as atividades a serem realizadas, nas pr\u00f3ximas visitas.<\/p>\n<p>24 (vinte e quatro) alunos foram aprovados na chamada que realizamos, os quais participar\u00e3o deste curso sobre a arte Gri\u00f4t de conta\u00e7\u00e3o de hist\u00f3rias. Ap\u00f3s a finaliza\u00e7\u00e3o do curso de 20h, todos e todas passar\u00e3o por uma entrevista junto a coordena\u00e7\u00e3o do projeto e 10 (dez) ser\u00e3o selecionados para realizar a monitoria do projeto.<\/p>\n<p>Estes monitores atuar\u00e3o no funcionamento do espa\u00e7o Gri\u00f4t e das outras a\u00e7\u00f5es da Biblioteca N\u00e1utica, as quais envolvem diversas atividades de difus\u00e3o de leitura atrav\u00e9s da disponibilidade de acervo bibliogr\u00e1fico de literatura africana, afrobrasileira, ind\u00edgena e de produ\u00e7\u00e3o local; rodas gri\u00f4t &#8211; conta\u00e7\u00e3o de hist\u00f3rias; forma\u00e7\u00e3o de professores e apresenta\u00e7\u00f5es art\u00edsticas e culturais.<\/p>\n<p>A monitoria consiste na recep\u00e7\u00e3o de convidadas\/os; nas atividades do espa\u00e7o Gri\u00f4t, no aux\u00edlio aos profissionais que realizar\u00e3o as oficinas e cursos de forma\u00e7\u00e3o com os profissionais da educa\u00e7\u00e3o e comunidade em geral; produ\u00e7\u00e3o de registros fotogr\u00e1ficos e de audiovisual; apoio na realiza\u00e7\u00e3o das atividades e apresenta\u00e7\u00f5es art\u00edsticas e culturais.<\/p>\n<p>Tod@s que participar\u00e3o da primeira etapa (a forma\u00e7\u00e3o), atingindo 75% da carga hor\u00e1ria do curso receber\u00e3o certificados. Aqueles que forem selecionados para a monitoria tamb\u00e9m receber\u00e3o certificados.<\/p>\n<p>Os monitores selecionados ter\u00e3o garantidos transporte que sair\u00e1 da Unilab e alimenta\u00e7\u00e3o durante o per\u00edodo das a\u00e7\u00f5es do Espa\u00e7o Gri\u00f4t na Ba\u00eda de Todos os Santos.<\/p>\n<p>&nbsp;<\/p>\n<hr \/>\n<h3><strong><span style=\"color: #800000;\">Objetivos do curso:<\/span><br \/>\n<\/strong><\/h3>\n<p>Apresentar os eixos te\u00f3ricos j\u00e1 realizados por especialistas sobre a arte gri\u00f4 de contar \u00a0hist\u00f3rias infantis, no Brasil, apoiados na concep\u00e7\u00e3o de circularidades do conhecimento atrav\u00e9s da tradi\u00e7\u00e3o oral de aprendizagem por meio de contos, viv\u00eancias, rela\u00e7\u00f5es em grupo.<\/p>\n<p>&nbsp;<\/p>\n<hr \/>\n<h3><strong><span style=\"color: #800000;\">Atividades a serem realizadas durante a oficina de conta\u00e7\u00e3o de hist\u00f3rias:<\/span>\u00a0\u00a0<\/strong><\/h3>\n<p>Leituras, conta\u00e7\u00e3o de hist\u00f3rias (individual e coletiva), din\u00e2micas e exerc\u00edcios corporais (t\u00e9cnicas de corpo).<\/p>\n<p>&nbsp;<\/p>\n<hr \/>\n<h3><strong><span style=\"color: #800000;\">Cronograma de encontros: [2017]<\/span><\/strong><\/h3>\n<p>&nbsp;<\/p>\n<p><strong>26\/04\/2017 \u00a0(das 9h \u00e1s 13h)<\/strong><\/p>\n<p>Apresenta\u00e7\u00e3o do Projeto com relatos dos participantes da edi\u00e7\u00e3o anterior.<\/p>\n<p>Local: Audit\u00f3rio<\/p>\n<p><strong>02\/05\/2017 (das 8h \u00e1s 13h)<\/strong><\/p>\n<p>Forma\u00e7\u00e3o com a Prof.\u00aa Dra. Ana F\u00e1tima dos Santos.<\/p>\n<p>Local: sala 06<\/p>\n<p><strong>03\/05\/2017 (das 8h \u00e1s 13h)<\/strong><\/p>\n<p>Forma\u00e7\u00e3o com a Prof.\u00aa Dra. Ana F\u00e1tima dos Santos.<\/p>\n<p>Curr\u00edculo Lattes:<\/p>\n<p>Local: sala 06<\/p>\n<p><strong>04\/05\/2017 (das 8h \u00e1s 13h)<\/strong><\/p>\n<p>Forma\u00e7\u00e3o com Prof.\u00aa Dra. Ana Cristina Toledo.<\/p>\n<p>Curr\u00edculo Lattes:<\/p>\n<p>Local: sala 06<\/p>\n<p>&nbsp;<\/p>\n<hr \/>\n<p><strong><img loading=\"lazy\" decoding=\"async\" class=\"size-thumbnail wp-image-620 alignleft\" src=\"https:\/\/nyemba.unilab.edu.br\/wp-content\/uploads\/2017\/04\/20170426_094434-150x150.jpg\" alt=\"\" width=\"150\" height=\"150\" \/><\/strong><\/p>\n<h3><strong><span style=\"color: #800000;\">Bibliografia B\u00e1sica (link dos textos):<\/span><br \/>\n<\/strong><\/h3>\n<p><a href=\"https:\/\/nyemba.unilab.edu.br\/wp-content\/uploads\/2017\/04\/A-tradi\u00e7\u00e3o-viva-Amadou-Hampat\u00e9-B\u00e2-texto-basico.pdf\">A. HAMPAT\u00c9 B\u00c2. A tradi\u00e7\u00e3o viva. In.: J. KI-ZWRBO (org.). Hist\u00f3ria da \u00c1frica: I Metodologia e pr\u00e9-hist\u00f3ria a \u00c1frica. Trad: Beatriz Turquetil&#8230; et al. S\u00e3o Paulo, 1982<\/a><\/p>\n<p><a href=\"https:\/\/nyemba.unilab.edu.br\/wp-content\/uploads\/2017\/04\/mitos.pdf\">MACHADO, Vanda. Projeto Ir\u00ea Ay\u00f3. Bras\u00edlia: Funda\u00e7\u00e3o Cultural Palmares,\u00a0<\/a><\/p>\n<h5><\/h5>\n<p>&nbsp;<\/p>\n<hr \/>\n<p><span style=\"color: #800000;\"><strong>Imagens do primeiro encontro, realizado em 26\/04\/2017 no Audit\u00f3rio do Campus dos Mal\u00eas.<\/strong><\/span><\/p>\n\n\t\t<style type=\"text\/css\">\n\t\t\t#gallery-1 {\n\t\t\t\tmargin: auto;\n\t\t\t}\n\t\t\t#gallery-1 .gallery-item {\n\t\t\t\tfloat: left;\n\t\t\t\tmargin-top: 10px;\n\t\t\t\ttext-align: center;\n\t\t\t\twidth: 25%;\n\t\t\t}\n\t\t\t#gallery-1 img {\n\t\t\t\tborder: 2px solid #cfcfcf;\n\t\t\t}\n\t\t\t#gallery-1 .gallery-caption {\n\t\t\t\tmargin-left: 0;\n\t\t\t}\n\t\t\t\/* see gallery_shortcode() in wp-includes\/media.php *\/\n\t\t<\/style>\n\t\t<div id='gallery-1' class='gallery galleryid-626 gallery-columns-4 gallery-size-medium'><dl class='gallery-item'>\n\t\t\t<dt class='gallery-icon landscape'>\n\t\t\t\t<a href='https:\/\/nyemba.unilab.edu.br\/wp-content\/uploads\/2017\/04\/20170426_094531.jpg'><img loading=\"lazy\" decoding=\"async\" width=\"300\" height=\"169\" src=\"https:\/\/nyemba.unilab.edu.br\/wp-content\/uploads\/2017\/04\/20170426_094531-300x169.jpg\" class=\"attachment-medium size-medium\" alt=\"\" srcset=\"https:\/\/nyemba.unilab.edu.br\/wp-content\/uploads\/2017\/04\/20170426_094531-300x169.jpg 300w, https:\/\/nyemba.unilab.edu.br\/wp-content\/uploads\/2017\/04\/20170426_094531-768x432.jpg 768w, https:\/\/nyemba.unilab.edu.br\/wp-content\/uploads\/2017\/04\/20170426_094531-1024x576.jpg 1024w\" sizes=\"auto, (max-width: 300px) 100vw, 300px\" \/><\/a>\n\t\t\t<\/dt><\/dl><dl class='gallery-item'>\n\t\t\t<dt class='gallery-icon landscape'>\n\t\t\t\t<a href='https:\/\/nyemba.unilab.edu.br\/wp-content\/uploads\/2017\/04\/20170426_100520.jpg'><img loading=\"lazy\" decoding=\"async\" width=\"300\" height=\"169\" src=\"https:\/\/nyemba.unilab.edu.br\/wp-content\/uploads\/2017\/04\/20170426_100520-300x169.jpg\" class=\"attachment-medium size-medium\" alt=\"\" srcset=\"https:\/\/nyemba.unilab.edu.br\/wp-content\/uploads\/2017\/04\/20170426_100520-300x169.jpg 300w, https:\/\/nyemba.unilab.edu.br\/wp-content\/uploads\/2017\/04\/20170426_100520-768x432.jpg 768w, https:\/\/nyemba.unilab.edu.br\/wp-content\/uploads\/2017\/04\/20170426_100520-1024x576.jpg 1024w\" sizes=\"auto, (max-width: 300px) 100vw, 300px\" \/><\/a>\n\t\t\t<\/dt><\/dl><dl class='gallery-item'>\n\t\t\t<dt class='gallery-icon landscape'>\n\t\t\t\t<a href='https:\/\/nyemba.unilab.edu.br\/wp-content\/uploads\/2017\/04\/20170426_121229.jpg'><img loading=\"lazy\" decoding=\"async\" width=\"300\" height=\"169\" src=\"https:\/\/nyemba.unilab.edu.br\/wp-content\/uploads\/2017\/04\/20170426_121229-300x169.jpg\" class=\"attachment-medium size-medium\" alt=\"\" srcset=\"https:\/\/nyemba.unilab.edu.br\/wp-content\/uploads\/2017\/04\/20170426_121229-300x169.jpg 300w, https:\/\/nyemba.unilab.edu.br\/wp-content\/uploads\/2017\/04\/20170426_121229-768x432.jpg 768w, https:\/\/nyemba.unilab.edu.br\/wp-content\/uploads\/2017\/04\/20170426_121229-1024x576.jpg 1024w\" sizes=\"auto, (max-width: 300px) 100vw, 300px\" \/><\/a>\n\t\t\t<\/dt><\/dl>\n\t\t\t<br style='clear: both' \/>\n\t\t<\/div>\n\n<p>&nbsp;<\/p>\n<hr \/>\n<p><span style=\"color: #800000;\"><strong>Imagens \u00a0da oficina de forma\u00e7\u00e3o em conta\u00e7\u00e3o de hist\u00f3ria de 02 \u00e1 04\/04\/2017, ministrada pelas Prof.\u00aa Dra. Ana F\u00e1tima dos Santos e Cristina Trinidade Teodoro com o acompanhamento da Prof.\u00aa Dra Jucelia Bispo dos Santos Ribeiro, que far\u00e1 a sele\u00e7\u00e3o dos monitores, \u00e0 partir das experi\u00eancias vividas durante a oficina.<\/strong><\/span><\/p>\n\n\t\t<style type=\"text\/css\">\n\t\t\t#gallery-2 {\n\t\t\t\tmargin: auto;\n\t\t\t}\n\t\t\t#gallery-2 .gallery-item {\n\t\t\t\tfloat: left;\n\t\t\t\tmargin-top: 10px;\n\t\t\t\ttext-align: center;\n\t\t\t\twidth: 25%;\n\t\t\t}\n\t\t\t#gallery-2 img {\n\t\t\t\tborder: 2px solid #cfcfcf;\n\t\t\t}\n\t\t\t#gallery-2 .gallery-caption {\n\t\t\t\tmargin-left: 0;\n\t\t\t}\n\t\t\t\/* see gallery_shortcode() in wp-includes\/media.php *\/\n\t\t<\/style>\n\t\t<div id='gallery-2' class='gallery galleryid-626 gallery-columns-4 gallery-size-medium'><dl class='gallery-item'>\n\t\t\t<dt class='gallery-icon landscape'>\n\t\t\t\t<a href='https:\/\/nyemba.unilab.edu.br\/wp-content\/uploads\/2017\/04\/FB_IMG_1494173852493.jpg'><img loading=\"lazy\" decoding=\"async\" width=\"300\" height=\"225\" src=\"https:\/\/nyemba.unilab.edu.br\/wp-content\/uploads\/2017\/04\/FB_IMG_1494173852493-300x225.jpg\" class=\"attachment-medium size-medium\" alt=\"\" srcset=\"https:\/\/nyemba.unilab.edu.br\/wp-content\/uploads\/2017\/04\/FB_IMG_1494173852493-300x225.jpg 300w, https:\/\/nyemba.unilab.edu.br\/wp-content\/uploads\/2017\/04\/FB_IMG_1494173852493.jpg 720w\" sizes=\"auto, (max-width: 300px) 100vw, 300px\" \/><\/a>\n\t\t\t<\/dt><\/dl><dl class='gallery-item'>\n\t\t\t<dt class='gallery-icon landscape'>\n\t\t\t\t<a href='https:\/\/nyemba.unilab.edu.br\/wp-content\/uploads\/2017\/04\/FB_IMG_1494173937039-1.jpg'><img loading=\"lazy\" decoding=\"async\" width=\"300\" height=\"180\" src=\"https:\/\/nyemba.unilab.edu.br\/wp-content\/uploads\/2017\/04\/FB_IMG_1494173937039-1-300x180.jpg\" class=\"attachment-medium size-medium\" alt=\"\" srcset=\"https:\/\/nyemba.unilab.edu.br\/wp-content\/uploads\/2017\/04\/FB_IMG_1494173937039-1-300x180.jpg 300w, https:\/\/nyemba.unilab.edu.br\/wp-content\/uploads\/2017\/04\/FB_IMG_1494173937039-1.jpg 720w\" sizes=\"auto, (max-width: 300px) 100vw, 300px\" \/><\/a>\n\t\t\t<\/dt><\/dl><dl class='gallery-item'>\n\t\t\t<dt class='gallery-icon landscape'>\n\t\t\t\t<a href='https:\/\/nyemba.unilab.edu.br\/wp-content\/uploads\/2017\/04\/FB_IMG_1494173971375.jpg'><img loading=\"lazy\" decoding=\"async\" width=\"300\" height=\"180\" src=\"https:\/\/nyemba.unilab.edu.br\/wp-content\/uploads\/2017\/04\/FB_IMG_1494173971375-300x180.jpg\" class=\"attachment-medium size-medium\" alt=\"\" srcset=\"https:\/\/nyemba.unilab.edu.br\/wp-content\/uploads\/2017\/04\/FB_IMG_1494173971375-300x180.jpg 300w, https:\/\/nyemba.unilab.edu.br\/wp-content\/uploads\/2017\/04\/FB_IMG_1494173971375.jpg 720w\" sizes=\"auto, (max-width: 300px) 100vw, 300px\" \/><\/a>\n\t\t\t<\/dt><\/dl><dl class='gallery-item'>\n\t\t\t<dt class='gallery-icon landscape'>\n\t\t\t\t<a href='https:\/\/nyemba.unilab.edu.br\/wp-content\/uploads\/2017\/04\/FB_IMG_1494173986680.jpg'><img loading=\"lazy\" decoding=\"async\" width=\"300\" height=\"180\" src=\"https:\/\/nyemba.unilab.edu.br\/wp-content\/uploads\/2017\/04\/FB_IMG_1494173986680-300x180.jpg\" class=\"attachment-medium size-medium\" alt=\"\" srcset=\"https:\/\/nyemba.unilab.edu.br\/wp-content\/uploads\/2017\/04\/FB_IMG_1494173986680-300x180.jpg 300w, https:\/\/nyemba.unilab.edu.br\/wp-content\/uploads\/2017\/04\/FB_IMG_1494173986680.jpg 720w\" sizes=\"auto, (max-width: 300px) 100vw, 300px\" \/><\/a>\n\t\t\t<\/dt><\/dl><br style=\"clear: both\" \/><dl class='gallery-item'>\n\t\t\t<dt class='gallery-icon landscape'>\n\t\t\t\t<a href='https:\/\/nyemba.unilab.edu.br\/wp-content\/uploads\/2017\/04\/IMG-20170502-WA0027.jpg'><img loading=\"lazy\" decoding=\"async\" width=\"300\" height=\"180\" src=\"https:\/\/nyemba.unilab.edu.br\/wp-content\/uploads\/2017\/04\/IMG-20170502-WA0027-300x180.jpg\" class=\"attachment-medium size-medium\" alt=\"\" srcset=\"https:\/\/nyemba.unilab.edu.br\/wp-content\/uploads\/2017\/04\/IMG-20170502-WA0027-300x180.jpg 300w, https:\/\/nyemba.unilab.edu.br\/wp-content\/uploads\/2017\/04\/IMG-20170502-WA0027-768x461.jpg 768w, https:\/\/nyemba.unilab.edu.br\/wp-content\/uploads\/2017\/04\/IMG-20170502-WA0027-1024x614.jpg 1024w, https:\/\/nyemba.unilab.edu.br\/wp-content\/uploads\/2017\/04\/IMG-20170502-WA0027.jpg 1280w\" sizes=\"auto, (max-width: 300px) 100vw, 300px\" \/><\/a>\n\t\t\t<\/dt><\/dl><dl class='gallery-item'>\n\t\t\t<dt class='gallery-icon landscape'>\n\t\t\t\t<a href='https:\/\/nyemba.unilab.edu.br\/wp-content\/uploads\/2017\/04\/IMG-20170502-WA0024.jpg'><img loading=\"lazy\" decoding=\"async\" width=\"300\" height=\"225\" src=\"https:\/\/nyemba.unilab.edu.br\/wp-content\/uploads\/2017\/04\/IMG-20170502-WA0024-300x225.jpg\" class=\"attachment-medium size-medium\" alt=\"\" srcset=\"https:\/\/nyemba.unilab.edu.br\/wp-content\/uploads\/2017\/04\/IMG-20170502-WA0024-300x225.jpg 300w, https:\/\/nyemba.unilab.edu.br\/wp-content\/uploads\/2017\/04\/IMG-20170502-WA0024-768x576.jpg 768w, https:\/\/nyemba.unilab.edu.br\/wp-content\/uploads\/2017\/04\/IMG-20170502-WA0024-1024x768.jpg 1024w, https:\/\/nyemba.unilab.edu.br\/wp-content\/uploads\/2017\/04\/IMG-20170502-WA0024.jpg 1280w\" sizes=\"auto, (max-width: 300px) 100vw, 300px\" \/><\/a>\n\t\t\t<\/dt><\/dl><dl class='gallery-item'>\n\t\t\t<dt class='gallery-icon landscape'>\n\t\t\t\t<a href='https:\/\/nyemba.unilab.edu.br\/wp-content\/uploads\/2017\/04\/IMG-20170502-WA0014.jpg'><img loading=\"lazy\" decoding=\"async\" width=\"300\" height=\"225\" src=\"https:\/\/nyemba.unilab.edu.br\/wp-content\/uploads\/2017\/04\/IMG-20170502-WA0014-300x225.jpg\" class=\"attachment-medium size-medium\" alt=\"\" aria-describedby=\"gallery-2-706\" srcset=\"https:\/\/nyemba.unilab.edu.br\/wp-content\/uploads\/2017\/04\/IMG-20170502-WA0014-300x225.jpg 300w, https:\/\/nyemba.unilab.edu.br\/wp-content\/uploads\/2017\/04\/IMG-20170502-WA0014-768x576.jpg 768w, https:\/\/nyemba.unilab.edu.br\/wp-content\/uploads\/2017\/04\/IMG-20170502-WA0014-1024x768.jpg 1024w, https:\/\/nyemba.unilab.edu.br\/wp-content\/uploads\/2017\/04\/IMG-20170502-WA0014.jpg 1280w\" sizes=\"auto, (max-width: 300px) 100vw, 300px\" \/><\/a>\n\t\t\t<\/dt>\n\t\t\t\t<dd class='wp-caption-text gallery-caption' id='gallery-2-706'>\n\t\t\t\tRegistros: Feitos pelos participantes da oficina.\n\t\t\t\t<\/dd><\/dl>\n\t\t\t<br style='clear: both' \/>\n\t\t<\/div>\n\n<p style=\"text-align: left;\"><span style=\"color: #800000;\"><strong>\u00a0<\/strong><\/span><\/p>\n<hr \/>\n<h3><strong><span style=\"color: #800000;\">&#8220;Nossos Passos Vem de Longe&#8221;\u00a0 [2017]<\/span><\/strong><\/h3>\n<p>Produ\u00e7\u00f5es criadas pela monitoria no decorrer das oficinas, para ativar nossa mem\u00f3ria e ancestralidade.<\/p>\n<ol>\n<li>Produ\u00e7\u00e3o coletiva de hist\u00f3rias \u00e1 partir da frase: &#8220;Minha m\u00e3e n\u00e3o gosta de gente preta, e eu tamb\u00e9m n\u00e3o&#8221;.<\/li>\n<li>Lembrar das hist\u00f3rias de inf\u00e2ncia marcantes e imprimir essas mem\u00f3rias em desenhos.<\/li>\n<\/ol>\n<p>&nbsp;<\/p>\n<p><a href=\"https:\/\/mail-attachment.googleusercontent.com\/attachment\/u\/0\/?ui=2&amp;ik=114cb5a937&amp;view=att&amp;th=15f544c9e1be4a18&amp;attid=0.2&amp;disp=inline&amp;realattid=f_j978j07r1&amp;safe=1&amp;zw&amp;saddbat=ANGjdJ8zbf-X7yb8Y2Lvnn9A0eNNZxL8ZsXFZdyi3MhYdz-i4XJfmsu3a2_zMu45cnYBWrb72ExD-V9vqv8ZXCXULNEZicBrxhInRNoT82b6tWOdjYh_ulj8YHRARn17YvS4xTe4seKyNuKJccxRDxBT4T-QUhOETaloIjScwxpCYa-H3nuuFwEFmAnkfV7c9pJXLlnXPi_Sl1GgSBPi3bUHUlHfHtaHhFzSNZFM8l4r5v28syQHsWw0W9RZewh07JfeNJyesgkarC_tvN5GXijCJA0XuLSfpmIlaBVhKQgd6ZoEFef4_-ogjHOUphUcmVxQPTHuJVDYZemqTSlo798JpxHvrGFlOguHLwEc8iu2NU92-YaO5mrKwiSDLJaaD35Vl7w2zeMR-ZJFNzJu4zTa1AsIF2ifetbeAFRyXk-1F-7D8IJi2M25dUMfy6ypKS6sDVTrNHjidpaAFRFQjGhk8pgYuHwZjHwb1aMZw4L-13waZ1OwxJ1HfNpf-FHTerUSuue2BmJ9Ejzq5xNcxmhqnWx15EH40gB8xvkVBbPuZOw6beB9YXpIai6mcKj23wkdzseu_60pqllJstZH8WTKYl0bTjwt-hI-KuaWNw\"><strong>Hist\u00f3rias\u00a0 pdf.<\/strong><\/a><\/p>\n<p><a href=\"https:\/\/mail-attachment.googleusercontent.com\/attachment\/u\/0\/?ui=2&amp;ik=114cb5a937&amp;view=att&amp;th=15f544c9e1be4a18&amp;attid=0.1&amp;disp=inline&amp;realattid=f_j978gq7d0&amp;safe=1&amp;zw&amp;saddbat=ANGjdJ9y8lO4nmcUakobReoBJZ-UG_ijnrTrabkqwOUOIcfDhEezrEF03qIKGC5jSRgXnmwuMgJ_a-yx4BgRKuWEyUen9N0r1RjMPWOGfyBxRqqX5GLMrpLy9_-bCREr8duFIfbKxy8SjUIiGOfpW6telU7Zvvx7rH5nA4-Fnz7BVk7ltNhud4Ay4Q8vKZLL3-P3bgX39vtF1y1yXl4LVBuRemy48n19ekrxvAti249QG-2Uw4XJsIMBHTpayUU1BA7Kw-Hq3X92QgvzJ2Z1wqPyjvfSoXAjR2cdIAKqJ8EKF9gU7TCc2_OpFAuJGTco5mR8rM_AdQ70k40H2t1BFcIyosVq5IFQH_YyCfJklxp64rX_BB8KXAnUBsu4YfC2QFdAWfyr5WHev7nMb1am9SUr09uiCtK7m9QpZVIFrDZdVFj131NhI_uJ2rap2DCbJVw9Z3EtAwJyEJK_bHi2ypJBsbTgIuzW5g_n-s4Ac5_pZwLUAmKuzMc3fGz6M4WyOo9Z35o8FVKyvLvYt0-vkYQvjiOjqPcTy0RkfhrNtRfj2BDgP-9_WIq0YaiNwd5XVNs0PJ4E_mSsQrI-rKba6L-ANHiB6iB_S75GSyhVHQ\"><strong>Desenhos\u00a0 pdf.<\/strong><\/a><\/p>\n<p>&nbsp;<\/p>\n<hr \/>\n<h3><span style=\"color: #800000;\"><strong>VIVENCIA EM RODA, SABERES TRADICIONAIS!!! [2017]<\/strong><\/span><\/h3>\n<p>Ensaio do grupo de monitores (e colegas), para interven\u00e7\u00e3o art\u00edstico po\u00e9tica no munic\u00edpio de Maragogipe.\u00a0Parte das a\u00e7\u00f5es de forma\u00e7\u00e3o. UNILAB &#8211; Campus dos Mal\u00eas. 2017<\/p>\n<div style=\"width: 640px;\" class=\"wp-video\"><video class=\"wp-video-shortcode\" id=\"video-626-1\" width=\"640\" height=\"352\" preload=\"auto\" controls=\"controls\"><source type=\"video\/mp4\" src=\"https:\/\/nyemba.unilab.edu.br\/wp-content\/uploads\/2017\/04\/VID-20170606-WA0044.mp4?_=1\" \/><a href=\"https:\/\/nyemba.unilab.edu.br\/wp-content\/uploads\/2017\/04\/VID-20170606-WA0044.mp4\">https:\/\/nyemba.unilab.edu.br\/wp-content\/uploads\/2017\/04\/VID-20170606-WA0044.mp4<\/a><\/video><\/div>\n<p>&nbsp;<\/p>\n<p>&nbsp;<\/p>\n<hr \/>\n<p>&nbsp;<\/p>\n<p style=\"text-align: left;\"><span style=\"color: #800000;\"><strong><a href=\"https:\/\/www.facebook.com\/bibliotecanauticanabaiadetodosossantos\/\"><img loading=\"lazy\" decoding=\"async\" class=\"alignnone wp-image-162\" src=\"https:\/\/nyemba.unilab.edu.br\/wp-content\/uploads\/2017\/03\/facebook-150x150.png\" alt=\"\" width=\"29\" height=\"29\" srcset=\"https:\/\/nyemba.unilab.edu.br\/wp-content\/uploads\/2017\/03\/facebook-150x150.png 150w, https:\/\/nyemba.unilab.edu.br\/wp-content\/uploads\/2017\/03\/facebook-300x300.png 300w, https:\/\/nyemba.unilab.edu.br\/wp-content\/uploads\/2017\/03\/facebook.png 392w\" sizes=\"auto, (max-width: 29px) 100vw, 29px\" \/>\u00a0<\/a><span style=\"color: #808080;\">Confira tudo que rolou na p\u00e1gina do facebook.<\/span><\/strong><\/span><\/p>\n<p>&nbsp;<\/p>\n<hr \/>\n<h5><\/h5>\n<p style=\"text-align: left;\"><span style=\"color: #808080;\"><strong>O projeto Espa\u00e7o Gri\u00f4t na Ba\u00eda de Todos os Santos tem apoio financeiro do Governo do Estado, atrav\u00e9s do Fundo de Cultura, Secretaria da Fazenda e Secretaria de Cultura da Bahia, deferido no Edital Setorial em Dez\/2016.<\/strong><\/span><\/p>\n<p>&nbsp;<\/p>\n<p>&nbsp;<\/p>\n<p><span style=\"color: #800000;\"><strong>Realiza\u00e7\u00e3o e apoio:<\/strong><\/span><\/p>\n<p><a href=\"https:\/\/nyemba.unilab.edu.br\/wp-content\/uploads\/2017\/03\/images-e1505843779434.png\"><img loading=\"lazy\" decoding=\"async\" class=\"wp-image-311 alignnone\" src=\"https:\/\/nyemba.unilab.edu.br\/wp-content\/uploads\/2017\/03\/images-e1505843779434.png\" alt=\"\" width=\"42\" height=\"44\" \/>\u00a0<\/a> <a href=\"https:\/\/nyemba.unilab.edu.br\/wp-content\/uploads\/2017\/03\/images-1-e1505843739265.png\"><img loading=\"lazy\" decoding=\"async\" class=\"wp-image-312 alignnone\" src=\"https:\/\/nyemba.unilab.edu.br\/wp-content\/uploads\/2017\/03\/images-1-e1505843739265.png\" alt=\"\" width=\"95\" height=\"46\" srcset=\"https:\/\/nyemba.unilab.edu.br\/wp-content\/uploads\/2017\/03\/images-1-e1505843739265.png 351w, https:\/\/nyemba.unilab.edu.br\/wp-content\/uploads\/2017\/03\/images-1-e1505843739265-300x146.png 300w\" sizes=\"auto, (max-width: 95px) 100vw, 95px\" \/>\u00a0<\/a> <a href=\"https:\/\/nyemba.unilab.edu.br\/wp-content\/uploads\/2017\/03\/nyemba-2.jpg\"><img loading=\"lazy\" decoding=\"async\" class=\"wp-image-199 alignnone\" src=\"https:\/\/nyemba.unilab.edu.br\/wp-content\/uploads\/2017\/03\/nyemba-2.jpg\" alt=\"\" width=\"36\" height=\"44\" srcset=\"https:\/\/nyemba.unilab.edu.br\/wp-content\/uploads\/2017\/03\/nyemba-2.jpg 322w, https:\/\/nyemba.unilab.edu.br\/wp-content\/uploads\/2017\/03\/nyemba-2-245x300.jpg 245w\" sizes=\"auto, (max-width: 36px) 100vw, 36px\" \/>\u00a0<\/a> <a href=\"https:\/\/nyemba.unilab.edu.br\/wp-content\/uploads\/2017\/03\/BN-IMAGEM.jpg\"><img loading=\"lazy\" decoding=\"async\" class=\" wp-image-79 alignnone\" src=\"https:\/\/nyemba.unilab.edu.br\/wp-content\/uploads\/2017\/03\/BN-IMAGEM-150x150.jpg\" alt=\"\" width=\"42\" height=\"42\" \/>\u00a0<\/a> <a href=\"https:\/\/nyemba.unilab.edu.br\/wp-content\/uploads\/2017\/04\/destaque_1458568112marca_fundodecultura_horizontal_colorida.png\"><img loading=\"lazy\" decoding=\"async\" class=\"wp-image-523 alignnone\" src=\"https:\/\/nyemba.unilab.edu.br\/wp-content\/uploads\/2017\/04\/destaque_1458568112marca_fundodecultura_horizontal_colorida.png\" alt=\"\" width=\"102\" height=\"42\" srcset=\"https:\/\/nyemba.unilab.edu.br\/wp-content\/uploads\/2017\/04\/destaque_1458568112marca_fundodecultura_horizontal_colorida.png 514w, https:\/\/nyemba.unilab.edu.br\/wp-content\/uploads\/2017\/04\/destaque_1458568112marca_fundodecultura_horizontal_colorida-300x123.png 300w\" sizes=\"auto, (max-width: 102px) 100vw, 102px\" \/>\u00a0<\/a>\u00a0<a href=\"https:\/\/nyemba.unilab.edu.br\/wp-content\/uploads\/2017\/03\/images-3.jpg\"><img loading=\"lazy\" decoding=\"async\" class=\"wp-image-392 alignnone\" src=\"https:\/\/nyemba.unilab.edu.br\/wp-content\/uploads\/2017\/03\/images-7-e1505843713808.jpg\" alt=\"\" width=\"93\" height=\"45\" srcset=\"https:\/\/nyemba.unilab.edu.br\/wp-content\/uploads\/2017\/03\/images-7-e1505843713808.jpg 433w, https:\/\/nyemba.unilab.edu.br\/wp-content\/uploads\/2017\/03\/images-7-e1505843713808-300x145.jpg 300w\" sizes=\"auto, (max-width: 93px) 100vw, 93px\" \/>\u00a0<img loading=\"lazy\" decoding=\"async\" class=\"wp-image-313 alignnone\" src=\"https:\/\/nyemba.unilab.edu.br\/wp-content\/uploads\/2017\/03\/images-3.jpg\" alt=\"\" width=\"49\" height=\"49\" srcset=\"https:\/\/nyemba.unilab.edu.br\/wp-content\/uploads\/2017\/03\/images-3.jpg 300w, https:\/\/nyemba.unilab.edu.br\/wp-content\/uploads\/2017\/03\/images-3-150x150.jpg 150w\" sizes=\"auto, (max-width: 49px) 100vw, 49px\" \/>\u00a0<\/a> <a href=\"https:\/\/nyemba.unilab.edu.br\/wp-content\/uploads\/2017\/03\/images-5.jpg\"><img loading=\"lazy\" decoding=\"async\" class=\"wp-image-604 alignnone\" src=\"https:\/\/nyemba.unilab.edu.br\/wp-content\/uploads\/2017\/03\/images-5-150x150.jpg\" alt=\"\" width=\"49\" height=\"49\" srcset=\"https:\/\/nyemba.unilab.edu.br\/wp-content\/uploads\/2017\/03\/images-5-150x150.jpg 150w, https:\/\/nyemba.unilab.edu.br\/wp-content\/uploads\/2017\/03\/images-5.jpg 225w\" sizes=\"auto, (max-width: 49px) 100vw, 49px\" \/><\/a><\/p>\n<p>&nbsp;<\/p>\n<p>&nbsp;<\/p>\n","protected":false},"excerpt":{"rendered":"<p>Oficina de Conta\u00e7\u00e3o de hist\u00f3rias: A Arte Gri\u00f4t de Conta\u00e7\u00e3o.\u00a0 &nbsp; \u00a0Este curso foi idealizado para a forma\u00e7\u00e3o de monitores que far\u00e3o parte da equipe do projeto Biblioteca N\u00e1utica e Espa\u00e7o Griot na Ba\u00eda de Todos os Santos, pensando em um processo formativo que possibilite ferramentas aos estudantes da UNILAB &#8211; Campus dos Mal\u00eas, para [&hellip;]<\/p>\n","protected":false},"author":2,"featured_media":0,"parent":82,"menu_order":0,"comment_status":"closed","ping_status":"closed","template":"","meta":{"footnotes":""},"class_list":["post-626","page","type-page","status-publish","hentry"],"_links":{"self":[{"href":"https:\/\/nyemba.unilab.edu.br\/index.php\/wp-json\/wp\/v2\/pages\/626","targetHints":{"allow":["GET"]}}],"collection":[{"href":"https:\/\/nyemba.unilab.edu.br\/index.php\/wp-json\/wp\/v2\/pages"}],"about":[{"href":"https:\/\/nyemba.unilab.edu.br\/index.php\/wp-json\/wp\/v2\/types\/page"}],"author":[{"embeddable":true,"href":"https:\/\/nyemba.unilab.edu.br\/index.php\/wp-json\/wp\/v2\/users\/2"}],"replies":[{"embeddable":true,"href":"https:\/\/nyemba.unilab.edu.br\/index.php\/wp-json\/wp\/v2\/comments?post=626"}],"version-history":[{"count":37,"href":"https:\/\/nyemba.unilab.edu.br\/index.php\/wp-json\/wp\/v2\/pages\/626\/revisions"}],"predecessor-version":[{"id":2221,"href":"https:\/\/nyemba.unilab.edu.br\/index.php\/wp-json\/wp\/v2\/pages\/626\/revisions\/2221"}],"up":[{"embeddable":true,"href":"https:\/\/nyemba.unilab.edu.br\/index.php\/wp-json\/wp\/v2\/pages\/82"}],"wp:attachment":[{"href":"https:\/\/nyemba.unilab.edu.br\/index.php\/wp-json\/wp\/v2\/media?parent=626"}],"curies":[{"name":"wp","href":"https:\/\/api.w.org\/{rel}","templated":true}]}}