{"id":82,"date":"2017-03-23T19:12:21","date_gmt":"2017-03-23T22:12:21","guid":{"rendered":"http:\/\/nyemba.unilab.edu.br\/?page_id=82"},"modified":"2021-02-06T23:18:10","modified_gmt":"2021-02-07T02:18:10","slug":"biblioteca-nautica-na-baia-de-todos-os-santos","status":"publish","type":"page","link":"https:\/\/nyemba.unilab.edu.br\/index.php\/extensao\/biblioteca-nautica-na-baia-de-todos-os-santos\/","title":{"rendered":"Biblioteca N\u00e1utica na Ba\u00eda de Todos os Santos"},"content":{"rendered":"<div data-colibri-id=\"82-c1\" class=\"style-343 style-local-82-c1 position-relative\">\n  <!---->\n  <div data-colibri-component=\"section\" data-colibri-id=\"82-c2\" id=\"initial-content\" class=\"h-section h-section-global-spacing d-flex align-items-lg-center align-items-md-center align-items-center style-344 style-local-82-c2 position-relative\">\n    <!---->\n    <!---->\n    <div class=\"h-section-grid-container h-section-boxed-container\">\n      <!---->\n      <div data-colibri-id=\"82-c3\" class=\"h-row-container gutters-row-lg-2 gutters-row-md-2 gutters-row-0 gutters-row-v-lg-2 gutters-row-v-md-2 gutters-row-v-2 style-345 style-local-82-c3 position-relative\">\n        <!---->\n        <div class=\"h-row justify-content-lg-center justify-content-md-center justify-content-center align-items-lg-stretch align-items-md-stretch align-items-stretch gutters-col-lg-2 gutters-col-md-2 gutters-col-0 gutters-col-v-lg-2 gutters-col-v-md-2 gutters-col-v-2\">\n          <!---->\n          <div class=\"h-column h-column-container d-flex h-col-lg-auto h-col-md-auto h-col-auto style-346-outer style-local-82-c4-outer\">\n            <div data-colibri-id=\"82-c4\" class=\"d-flex h-flex-basis h-column__inner h-px-lg-2 h-px-md-2 h-px-2 v-inner-lg-2 v-inner-md-2 v-inner-2 style-346 style-local-82-c4 position-relative\">\n              <!---->\n              <!---->\n              <div class=\"w-100 h-y-container h-column__content h-column__v-align flex-basis-100 align-self-lg-start align-self-md-start align-self-start\">\n                <!---->\n                <div data-colibri-id=\"82-c5\" class=\"style-347 style-local-82-c5 position-relative h-element\">\n                  <!---->\n                  <div>\n                    <h4><span style=\"color: #800000;\"><strong><a href=\"https:\/\/nyemba.unilab.edu.br\/wp-content\/uploads\/2017\/03\/BN-IMAGEM.jpg\"><img loading=\"lazy\" decoding=\"async\" class=\"alignleft wp-image-79\" src=\"https:\/\/nyemba.unilab.edu.br\/wp-content\/uploads\/2017\/03\/BN-IMAGEM-300x283.jpg\" alt=\"\" width=\"179\" height=\"169\" srcset=\"https:\/\/nyemba.unilab.edu.br\/wp-content\/uploads\/2017\/03\/BN-IMAGEM-300x283.jpg 300w, https:\/\/nyemba.unilab.edu.br\/wp-content\/uploads\/2017\/03\/BN-IMAGEM.jpg 580w\" sizes=\"auto, (max-width: 179px) 100vw, 179px\" \/><\/a>Equipe T\u00e9cnica:<\/strong><\/span><\/h4>\n                    <span style=\"color: #000000;\"><strong>Coordena\u00e7\u00e3o:<\/strong> Cristiane Santos Souza<\/span>\n\n                    <span style=\"color: #000000;\"><strong>Vice-coordena\u00e7\u00e3o:<\/strong> Joseane&nbsp;da Concei\u00e7\u00e3o Pereira Costa<\/span>\n\n                    <span style=\"color: #000000;\"><strong>Mobiliza\u00e7\u00e3o comunit\u00e1ria:<\/strong> Luiza Regis<\/span>\n\n                    <span style=\"color: #000000;\"><strong>Bolsistas e Volunt\u00e1ri@s:<\/strong> Bruna Aparecida Maia, Camila Rosa, Caroline dos Santos, Chitungane Chachuaio, Fabiana Gelard, Helo\u00edsa Lima, Joice Sacramento.<\/span>\n\n                    <hr>\n\n                    <h4><span style=\"color: #800000;\"><strong>Sobre o Projeto:<\/strong><\/span><\/h4>\n                    <span style=\"color: #000000;\">O projeto tem a finalidade de gerar an\u00e1lises e reflex\u00f5es acerca da cultura e das din\u00e2micas sociais existentes entre os estudantes e agentes educacionais e culturais da Ba\u00eda de Todos os Santos, a partir da difus\u00e3o do acesso \u00e0 leitura, da conta\u00e7\u00e3o de hist\u00f3rias e da disponibiliza\u00e7\u00e3o de livros e imagens ligadas a cultura e a hist\u00f3rias locais, afro-brasileiras e africana.<\/span>\n\n                    <span style=\"color: #000000;\">A ideia \u00e9 que as atividades e o acervo bibliogr\u00e1fico transitem em embarca\u00e7\u00e3o, aportando em comunidades da Ba\u00eda de Todos os Santos por uma semana para visita\u00e7\u00e3o ao acervo da biblioteca, participa\u00e7\u00e3o nas atividades de conta\u00e7\u00e3o de hist\u00f3rias e outras atividades art\u00edsticas e culturais.<\/span>\n\n                    <span style=\"color: #000000;\"> A primeira visita ocorreu em Junho de 2016 nas comunidades pesqueiras e marisqueiras de Pass\u00e9 e Caboto no munic\u00edpio de Candeias\/BA.&nbsp;<\/span>\n\n                    <span style=\"color: #000000;\">Neste ano de 2017, nossa Biblioteca N\u00e1utica navegar\u00e1 por mais duas comunidades da Ba\u00eda de Todos os Santos, promovendo a\u00e7\u00f5es de valoriza\u00e7\u00e3o de saberes locais e tradicionais.<\/span>\n\n                    <span style=\"color: #000000;\">Fique por dentro de nossas atividades e venha navegar conosco nessa jornada de encantos e trocas.<\/span>\n\n                    <hr>\n\n                    <h4><strong><span style=\"color: #800000;\">Objetivos:<\/span><\/strong><\/h4>\n                    <ul>\n                      <li>Difundir o acesso \u00e0 leitura e atividades art\u00edsticas e culturais;<\/li>\n                      <li>Dar visibilidade e valorizar a produ\u00e7\u00e3o art\u00edstico-cultual e liter\u00e1ria da regi\u00e3o;<\/li>\n                      <li>Contribuir na forma\u00e7\u00e3o de novos leitores;<\/li>\n                      <li>Contribuir na forma\u00e7\u00e3o educacional das crian\u00e7as e jovens;<\/li>\n                      <li>Contribuir para a produ\u00e7\u00e3o e valoriza\u00e7\u00e3o de outras narrativas sobre os processos sociais que configuram a Ba\u00eda<\/li>\n                      <li>de Todos os Santos.<\/li>\n                    <\/ul>\n\n                    <hr>\n\n                    <h4><span style=\"color: #800000;\"><strong>Metodologias:<\/strong><\/span><\/h4>\n                    Neste primeiro ciclo de 2016-2017, focamos nossas a\u00e7\u00f5es em avaliar o trabalho que j\u00e1 v\u00ednhamos realizando desde o in\u00edcio de 2015, realizando encontros e reuni\u00f5es peri\u00f3dicas para pautarmos os trabalhos realizados e planejarmos os passos seguintes. Ap\u00f3s\n                    a primeira visita (\u00e0s visitas consistem em uma ocupa\u00e7\u00e3o cultural e de forma\u00e7\u00e3o de uma semana em cada comunidade banhada pelas \u00e1guas da Ba\u00eda de Todos os Santos, realizando atividades educacionais, formativas, art\u00edsticas e culturais),\n                    que fizemos na comunidade de Pass\u00e9 (Candeias-BA), em junho de 2016, focamos na busca de patroc\u00ednio p\u00fablico e ou privado para a realiza\u00e7\u00e3o das atividades propostas pela Biblioteca N\u00e1utica (B.N.), e reorganizar nossa equipe para melhor\n                    aproveitar as habilidades de cada envolvido no projeto. No processo de organiza\u00e7\u00e3o da equipe, foram propostas reuni\u00f5es de avalia\u00e7\u00e3o, para avaliar e ajustar aspectos metodol\u00f3gicos e estrat\u00e9gias de a\u00e7\u00e3o para potencializar o alcance das\n                    a\u00e7\u00f5es nas pr\u00f3ximas comunidades a serem visitadas. Nesta perspectiva foi proposto a inscri\u00e7\u00e3o das atividades da B.N. no Edital Setorial da Secretaria e Cultura do Estado da Bahia (Secult-BA), que se propunham a financiar projetos a\n                    serem realizados em todo o Estado; passamos por uma consultoria da pr\u00f3pria Secult no qual conclu\u00edmos a escrita de dois projetos, constru\u00eddos a partir de a\u00e7\u00f5es pontuais da proposta geral da Biblioteca. Al\u00e9m da proposta geral do projeto,\n                    encaminhamos estes dois projetos espec\u00edficos, dos quais um deles foi aprovado, a saber: \u201cGri\u00f4 na Ba\u00eda de Todos os Santos: hist\u00f3rias lembran\u00e7as e mem\u00f3rias que circulam pelas \u00e1guas\u201d. O recursos destinados pelo Estado, atrav\u00e9s da Secult\/Ba,\n                    encontram dispon\u00edveis para a execu\u00e7\u00e3o das a\u00e7\u00f5es pontuais da Biblioteca N\u00e1utica para este ano de 2017. Ao longo do tempo tamb\u00e9m fizemos atividades de forma\u00e7\u00e3o de nossa equipe, al\u00e9m da realiza\u00e7\u00e3o de oficinas de escrita criativa, abertas\n                    a comunidade estudantil no Campus do Mal\u00eas. Em uma delas contamos com a presen\u00e7a da escritora e ativista Cidinha da Silva. Por fim, para otimizar as visita\u00e7\u00f5es definimos o quadro de comunidades que receberam a visita da B.N. A proposta\n                    prev\u00ea a visita em 02 (duas) comunidades banhadas pela Ba\u00eda de Todos os Santos durante o ano de 2017, reservando um intervalo entre estas visitas de tr\u00eas meses, destinados para melhor mobiliza\u00e7\u00e3o comunit\u00e1ria, organiza\u00e7\u00e3o da log\u00edstica\n                    e as a\u00e7\u00f5es pr\u00e9vias de comunica\u00e7\u00e3o. Continuamos com a realiza\u00e7\u00e3o de oficinas de forma\u00e7\u00e3o para conta\u00e7\u00e3o de hist\u00f3rias e manuseio e organiza\u00e7\u00e3o de acervo bibliogr\u00e1fico, destinadas aos estudantes bolsistas e outros estudantes interessados,\n                    sendo que posteriormente os estudantes devidamente formados replicar\u00e3o a forma\u00e7\u00e3o de conta\u00e7\u00e3o de hist\u00f3rias junto aos professores e outros atores sociais locais interessados na arte Gri\u00f4 (arte de contar hist\u00f3rias). Os resultados e todas\n                    as expectativas que a equipe possu\u00eda foram avaliados e iniciamos um novo processo no in\u00edcio do ano corrente, para realizar a segunda visita pedag\u00f3gica cultural no munic\u00edpio de Maragogipe-BA, poss\u00edvel tamb\u00e9m atrav\u00e9s de parceria com\n                    a Secretaria de Educa\u00e7\u00e3o desta nova jornada. Nesta edi\u00e7\u00e3o realizada entre os dias 10 e 14 de Julho de 2017, o projeto contou com monitoras e monitores estudantes de gradua\u00e7\u00e3o da UNILAB, que desenvolveram diversas atividades com crian\u00e7as\n                    do ensino infantil e fundamental I e II na comunidade de S\u00e3o Roque do Paraguac\u00fa, regi\u00e3o predominantemente quilombola, e com o apoio financeiro do projeto &#8220;<strong>GRI\u00d4s DA BA\u00cdA DE TODOS OS SANTOS: hist\u00f3rias, lembran\u00e7as e mem\u00f3rias que circulam pelas \u00e1guas&#8221;, <\/strong>aprovado\n                    no Edital Setorial da Secretaria de Cultura do Estado da Bahia.\n\n                    <hr>\n\n                    <h4><span style=\"color: #800000;\"><strong>Resultados Alcan\u00e7ados:<\/strong><\/span><\/h4>\n                    Conseguimos realizar atividades de forma\u00e7\u00e3o com os bolsistas, entre eles oficinas de escrita criativa que contribuem para os processos de forma\u00e7\u00e3o e atividades de leitura a serem realizadas nas pr\u00f3ximas visita\u00e7\u00f5es. Organizamos os materiais que s\u00e3o resultados\n                    da primeira visita realizada em junho de 2016, organizados em um acervo digital, destes resultados est\u00e1 em aberta \u00e0 proposta de lan\u00e7armos um conte\u00fado \u00e1udio visual em parceria com outras institui\u00e7\u00f5es. Edi\u00e7\u00e3o do acervo de audiovisual\n                    para a montagem do document\u00e1rio curta sobre a mem\u00f3ria da comunidade de Caboto, em Candeias; Conseguimos um financiamento importante para a execu\u00e7\u00e3o deste projeto atrav\u00e9s do deferimento do Edital Setorial da Secult-BA. Reformulamos\n                    e conclu\u00edmos a proposta de cronograma das visitas para o ano de 2017.\n\n                    <hr>\n\n                    <h4><strong><span style=\"color: #800000;\">Projetos Financiados:<\/span><\/strong><\/h4>\n                    <strong>GRI\u00d4&#8217;S DA BA\u00cdA DE TODOS OS SANTOS: hist\u00f3rias, lembran\u00e7as e mem\u00f3rias que circulam pelas \u00e1guas. 2017<\/strong>\n\n                    <span style=\"color: #3366ff;\"><a style=\"color: #3366ff;\" href=\"https:\/\/nyemba.unilab.edu.br\/wp-content\/uploads\/2017\/11\/GR%C3%94S-DA-BA%C3%8DA-DE-TODOS-OS-SANTOS-hist%C3%B3rias-lembran%C3%A7as-e-mem%C3%B3rias-que-circulam-pelas-%C3%A1guas-1.pdf\" target=\"_blank\" rel=\"noopener\">Clique Aqui.<\/a><\/span>\n\n                    <hr>\n\n                    <h4><strong><span style=\"color: #800000;\">Parcerias Institucionais<\/span><\/strong><\/h4>\n                    <strong>Secretarias de Educa\u00e7\u00e3o do Rec\u00f4ncavo Baiano.<\/strong>\n\n                    <span style=\"color: #3366ff;\"><a style=\"color: #3366ff;\" href=\"https:\/\/nyemba.unilab.edu.br\/index.php\/2017\/04\/27\/parcerias-com-as-secretarias-de-educacao-do-reconcavo-baiano\/\" target=\"_blank\" rel=\"noopener\">Clique Aqui.<\/a><\/span>\n\n                    <hr>\n\n                    <h4><span style=\"color: #800000;\"><strong>Monitoria<\/strong><\/span><\/h4>\n                    <span style=\"color: #000000;\"><strong>Grupo: Gri\u00f4s na Ba\u00eda de Todos os Santos<\/strong><\/span> Conhe\u00e7a, um pouco sobre &nbsp;a trajet\u00f3ria d@s monitor@s do projeto de extens\u00e3o Biblioteca N\u00e1utica e Espa\u00e7o Gri\u00f4t na Ba\u00eda de Todos os Santos.\n                    Elas\/Eles&nbsp;participaram das atividades pedag\u00f3gica-culturais nos dois munic\u00edpios visitados em 2017. Membros da equipe de monitoria: Aldine Valente Batilon, Camila Alves Rosa Santos, Dairine Lara Tavares de Carvalho, Francisco Rodger\n                    Bessa, Gleidson dos Santos Silva Filho, Ilana Bonfim, Joselita Gon\u00e7alves dos Santos, Laissa Sobral Santos Martins, Maria Helo\u00edsa Lima dos Santos, Maria Aparecida Santana, Thatiane Maria Concei\u00e7\u00e3o Silva.\n\n                    <span style=\"color: #3366ff;\"><a style=\"color: #3366ff;\" href=\"https:\/\/nyemba.unilab.edu.br\/index.php\/monitores-edicao-2017\/\" target=\"_blank\" rel=\"noopener\">Clique Aqui.<\/a><\/span>\n\n                    <span style=\"color: #000000;\"><strong>Oficina de Conta\u00e7\u00e3o de Hist\u00f3rias: A Arte Gri\u00f4t de Conta\u00e7\u00e3o.<\/strong><\/span> Curso idealizado para a forma\u00e7\u00e3o de monitores que far\u00e3o parte da equipe do projeto Biblioteca N\u00e1utica e Espa\u00e7o Griot\n                    na Ba\u00eda de Todos os Santos, pensando em um processo formativo que possibilite ferramentas aos estudantes da UNILAB \u2013 Campus dos Mal\u00eas, para a realiza\u00e7\u00e3o das diversas atividades durante &nbsp;a visita que o projeto far\u00e1 nos munic\u00edpios\n                    de Maragogipe-BA e S\u00e3o Felix-BA no ano corrente.\n\n                    <span style=\"color: #3366ff;\"><a style=\"color: #3366ff;\" href=\"https:\/\/nyemba.unilab.edu.br\/index.php\/curso-de-formacao-de-monitors\/\" target=\"_blank\" rel=\"noopener\">Clique Aqui.<\/a><\/span>\n\n                    <span style=\"color: #000000;\"><strong>Sele\u00e7\u00e3o de Monitoria<\/strong><\/span> Editais para sele\u00e7\u00e3o de monitoria que ir\u00e3o compor a equipe de trabalho da Biblioteca N\u00e1utica [2017\/2018]\n\n                    <span style=\"color: #3366ff;\"><a style=\"color: #3366ff;\" href=\"https:\/\/nyemba.unilab.edu.br\/index.php\/selecao-de-monitoria\/\" target=\"_blank\" rel=\"noopener\">Clique Aqui.<\/a><\/span>\n\n                    <hr>\n\n                    <h4><span style=\"color: #800000;\"><strong>Galeria de Imagens<\/strong><\/span><\/h4>\n                    Mem\u00f3ria Visual das atividades realizadas durante as Visitas Pedag\u00f3gicas Culturais nos munic\u00edpios banhados pela Ba\u00eda de Todos os Santos\n\n                    <span style=\"color: #3366ff;\"><a style=\"color: #3366ff;\" href=\"https:\/\/nyemba.unilab.edu.br\/index.php\/2178-2\/\" target=\"_blank\" rel=\"noopener\">Clique Aqui.<\/a><\/span>\n\n                    <hr>\n\n                    <h4><span style=\"color: #800000;\"><strong>Mem\u00f3rias de Afeto<\/strong><\/span><\/h4>\n                    Confira os materiais produzidos pelas bolsistas e monitoria, entre os anos de 2016 e 2018, a cerca das visitas pedag\u00f3gicas e culturais realizadas em parcerias com as Secretarias de Educa\u00e7\u00e3o de cada comunidade que aportamos. Entre os materiais, foram feitos\n                    Circulares, Revistas e Material audiovisual\n\n                    <span style=\"color: #3366ff;\"><a style=\"color: #3366ff;\" href=\"https:\/\/nyemba.unilab.edu.br\/index.php\/memorias-de-afeto\/\" target=\"_blank\" rel=\"noopener\">Clique Aqui.<\/a><\/span>\n\n                    <hr>\n\n                    <h4><strong><span style=\"color: #800000;\">Semin\u00e1rios de Mobiliza\u00e7\u00e3o nas Comunidades que recebem as visitas<\/span><\/strong><\/h4>\n                    Semin\u00e1rio de Integra\u00e7\u00e3o: Maragogipe &#8211; Educac\u00e3o \u00c9tnico Racial E Racismo Ambiental. Maragogipe &#8211; S\u00e3o Roque do Paragua\u00e7\u00fa\/BA. 2017 Semin\u00e1rio de Integra\u00e7\u00e3o:Educa\u00e7\u00e3o para as rela\u00e7\u00f5es \u00c9tnico-raciais. Possibilidades e desafios. S\u00e3o Felix\/BA. Outubro de 2017\n\n                    <span style=\"color: #3366ff;\"><a style=\"color: #3366ff;\" href=\"https:\/\/nyemba.unilab.edu.br\/index.php\/seminarios-de-mobilizacao\/\" target=\"_blank\" rel=\"noopener\">Clique Aqui.<\/a><\/span>\n\n                    <hr>\n\n                    <h4><strong><span style=\"color: #800000;\">Programa\u00e7\u00e3o das visitas<\/span><\/strong><\/h4>\n                    Cronograma da visita realizada no munic\u00edpio de Candeias em Junho de 2016. Cronograma da vita realizada no munic\u00edpio de Maragogipe em Junho de 2017. Cronograma da vita a ser realizada no munic\u00edpio de S\u00e3o Felix em Novembro de 2017.\n\n                    <span style=\"color: #3366ff;\"><a style=\"color: #3366ff;\" href=\"https:\/\/nyemba.unilab.edu.br\/index.php\/programacao-das-visitas\/\" target=\"_blank\" rel=\"noopener\">Clique Aqui.<\/a><\/span>\n\n                    <hr>\n\n                    <h4>\n                      <a href=\"https:\/\/nyemba.unilab.edu.br\/index.php\/acervo-digital-biblioteca-nautica-na-baia-de-todos-os-santos\/\"><span style=\"color: #ff6600;\"><strong>\n<\/strong><\/span><\/a><span style=\"color: #800000;\"><strong>Acervo Digital&nbsp;<\/strong><\/span>\n                      <img loading=\"lazy\" decoding=\"async\" class=\"alignleft wp-image-1268\" src=\"https:\/\/nyemba.unilab.edu.br\/wp-content\/uploads\/2017\/10\/figura-de-livros-150x150.jpg\" alt=\"\" width=\"126\" height=\"126\">\n                    <\/h4>\n                    Nesse link est\u00e1 dispon\u00edvel a bibliografia de materiais usados pela Biblioteca N\u00e1utica na Ba\u00eda de Todos os Santos, nas forma\u00e7\u00f5es da monitoria e durante as visitas pedag\u00f3gica culturais, realizadas nos munic\u00edpios banhados pela ba\u00eda de todos os santos.\n\n                    <span style=\"color: #3366ff;\"><a style=\"color: #3366ff;\" href=\"https:\/\/nyemba.unilab.edu.br\/index.php\/acervo-digital-biblioteca-nautica-na-baia-de-todos-os-santos\/\" target=\"_blank\" rel=\"noopener\">Clique Aqui<\/a>.<\/span>\n                    <h5><span style=\"color: #800000;\">P\u00e1gina no Facebook da Biblioteca N\u00e1utica<\/span>. <span style=\"color: #3366ff;\">Clique aqui.<\/span><\/h5>\n\n                    <hr>\n\n                    <h5><\/h5>\n                  <\/div>\n                <\/div>\n              <\/div>\n            <\/div>\n          <\/div>\n        <\/div>\n      <\/div>\n    <\/div>\n  <\/div>\n<\/div>","protected":false},"excerpt":{"rendered":"<p>Equipe T\u00e9cnica: Coordena\u00e7\u00e3o: Cristiane Santos Souza Vice-coordena\u00e7\u00e3o: Joseane&nbsp;da Concei\u00e7\u00e3o Pereira Costa Mobiliza\u00e7\u00e3o comunit\u00e1ria: Luiza Regis Bolsistas e Volunt\u00e1ri@s: Bruna Aparecida Maia, Camila Rosa, Caroline dos Santos, Chitungane Chachuaio, Fabiana Gelard, Helo\u00edsa Lima, Joice Sacramento. Sobre o Projeto: O projeto tem a finalidade de gerar an\u00e1lises e reflex\u00f5es acerca da cultura e das din\u00e2micas sociais existentes [&hellip;]<\/p>\n","protected":false},"author":2,"featured_media":79,"parent":40,"menu_order":0,"comment_status":"closed","ping_status":"closed","template":"page-templates\/full-width-page.php","meta":{"footnotes":""},"class_list":["post-82","page","type-page","status-publish","has-post-thumbnail","hentry"],"_links":{"self":[{"href":"https:\/\/nyemba.unilab.edu.br\/index.php\/wp-json\/wp\/v2\/pages\/82","targetHints":{"allow":["GET"]}}],"collection":[{"href":"https:\/\/nyemba.unilab.edu.br\/index.php\/wp-json\/wp\/v2\/pages"}],"about":[{"href":"https:\/\/nyemba.unilab.edu.br\/index.php\/wp-json\/wp\/v2\/types\/page"}],"author":[{"embeddable":true,"href":"https:\/\/nyemba.unilab.edu.br\/index.php\/wp-json\/wp\/v2\/users\/2"}],"replies":[{"embeddable":true,"href":"https:\/\/nyemba.unilab.edu.br\/index.php\/wp-json\/wp\/v2\/comments?post=82"}],"version-history":[{"count":20,"href":"https:\/\/nyemba.unilab.edu.br\/index.php\/wp-json\/wp\/v2\/pages\/82\/revisions"}],"predecessor-version":[{"id":3001,"href":"https:\/\/nyemba.unilab.edu.br\/index.php\/wp-json\/wp\/v2\/pages\/82\/revisions\/3001"}],"up":[{"embeddable":true,"href":"https:\/\/nyemba.unilab.edu.br\/index.php\/wp-json\/wp\/v2\/pages\/40"}],"wp:featuredmedia":[{"embeddable":true,"href":"https:\/\/nyemba.unilab.edu.br\/index.php\/wp-json\/wp\/v2\/media\/79"}],"wp:attachment":[{"href":"https:\/\/nyemba.unilab.edu.br\/index.php\/wp-json\/wp\/v2\/media?parent=82"}],"curies":[{"name":"wp","href":"https:\/\/api.w.org\/{rel}","templated":true}]}}