{"id":843,"date":"2017-06-17T02:48:06","date_gmt":"2017-06-17T05:48:06","guid":{"rendered":"http:\/\/nyemba.unilab.edu.br\/?page_id=843"},"modified":"2018-04-27T14:00:26","modified_gmt":"2018-04-27T17:00:26","slug":"monitores-edicao-2017","status":"publish","type":"page","link":"https:\/\/nyemba.unilab.edu.br\/index.php\/extensao\/biblioteca-nautica-na-baia-de-todos-os-santos\/monitores-edicao-2017\/","title":{"rendered":"Grupo: Gri\u00f4t&#8217;s na Ba\u00eda de Todos os Santos"},"content":{"rendered":"<h3><strong><span style=\"color: #ff6600;\"><span style=\"color: #800000;\">Conhe\u00e7a a trajet\u00f3ria d@s monitor@s do projeto de extens\u00e3o Biblioteca N\u00e1utica na Ba\u00eda de Todos os Santos\u00a0 [Espa\u00e7o Gri\u00f4t na Ba\u00eda de Todos os Santos.]<\/span><\/span><\/strong><\/h3>\n<h3><span style=\"color: #800000;\"><strong>Elas\/Eles\u00a0participaram das atividades pedag\u00f3gica-culturais nos dois munic\u00edpios visitados em 2017.<\/strong><\/span><\/h3>\n<hr \/>\n<h2><\/h2>\n<div id=\"attachment_990\" style=\"width: 1034px\" class=\"wp-caption alignnone\"><a href=\"https:\/\/nyemba.unilab.edu.br\/wp-content\/uploads\/2017\/04\/IMG-20170715-WA0001.jpg\"><img loading=\"lazy\" decoding=\"async\" aria-describedby=\"caption-attachment-990\" class=\"wp-image-990 size-large\" src=\"https:\/\/nyemba.unilab.edu.br\/wp-content\/uploads\/2017\/04\/IMG-20170715-WA0001-1024x575.jpg\" alt=\"\" width=\"1024\" height=\"575\" srcset=\"https:\/\/nyemba.unilab.edu.br\/wp-content\/uploads\/2017\/04\/IMG-20170715-WA0001-1024x575.jpg 1024w, https:\/\/nyemba.unilab.edu.br\/wp-content\/uploads\/2017\/04\/IMG-20170715-WA0001-300x168.jpg 300w, https:\/\/nyemba.unilab.edu.br\/wp-content\/uploads\/2017\/04\/IMG-20170715-WA0001-768x431.jpg 768w, https:\/\/nyemba.unilab.edu.br\/wp-content\/uploads\/2017\/04\/IMG-20170715-WA0001.jpg 1040w\" sizes=\"auto, (max-width: 1024px) 100vw, 1024px\" \/><\/a><p id=\"caption-attachment-990\" class=\"wp-caption-text\">Registros: Monitoras e Monitores. Maragogipe. 2017<\/p><\/div>\n<p>&nbsp;<\/p>\n<hr \/>\n<p><img loading=\"lazy\" decoding=\"async\" class=\"wp-image-1188 size-thumbnail alignleft\" src=\"https:\/\/nyemba.unilab.edu.br\/wp-content\/uploads\/2017\/06\/604def1f-d786-4786-8dbe-0088ed37cc6d-150x150.jpg\" alt=\"\" width=\"150\" height=\"150\" \/><strong><span style=\"color: #800000;\">Aldine Valente Bathillon<\/span><\/strong><\/p>\n<p>Sou da Guin\u00e9 -Bissau.<br \/>\nSou bacharel em humanidades, licencianda em Ciemcias Sociais e pos-graduanda (lato-senso) em Gest\u00e3o de Recursos H\u00eddricos, Ambientais e Energeticos. Gosto de m\u00fasica, literatura<\/p>\n<p><span style=\"color: #808080;\"><strong>Curriculo Lattes:\u00a0<a href=\"http:\/\/lattes.cnpq.br\/9713325491369765\">http:\/\/lattes.cnpq.br\/9713325491369765<\/a><\/strong><\/span><\/p>\n<p>&nbsp;<\/p>\n<p>&nbsp;<\/p>\n<hr \/>\n<p><strong><a href=\"https:\/\/nyemba.unilab.edu.br\/wp-content\/uploads\/2017\/06\/Screenshot_2017-06-16-14-04-58-1-1.png\"><img loading=\"lazy\" decoding=\"async\" class=\"alignleft wp-image-844 size-thumbnail\" src=\"https:\/\/nyemba.unilab.edu.br\/wp-content\/uploads\/2017\/06\/Screenshot_2017-06-16-14-04-58-1-1-150x150.png\" alt=\"\" width=\"150\" height=\"150\" \/><\/a><span style=\"color: #800000;\">Camila Rosa<\/span><\/strong><\/p>\n<p>21 anos, natural de Serrinha Bahia (terra boa, terra da vaquejada rs), \u00a0atualmente moro em S\u00e3o Francisco do Conde, curso 1\u00ba Semestre no curso de Bacharelado em Humanidades na UNILAB-Mal\u00eas SFC; \u00a0apaixonada pelas \u00e1guas da Bahia,\u00a0taurina, capoeirista, quadrilheira, dan\u00e7arina, militante de movimentos sociais e culturais, apaixonada por crian\u00e7as.<\/p>\n<p><strong><span style=\"color: #808080;\">Curr\u00edculo Lattes:\u00a0 <a id=\"m_-122947267891472207LPlnk730605\" class=\"m_-122947267891472207OWAAutoLink\" href=\"http:\/\/lattes.cnpq.br\/2809033178735716\" target=\"_blank\" rel=\"noopener\" data-saferedirecturl=\"https:\/\/www.google.com\/url?hl=pt-BR&amp;q=http:\/\/lattes.cnpq.br\/2809033178735716&amp;source=gmail&amp;ust=1497660032432000&amp;usg=AFQjCNHbXWj7dD2uzGYiSuhwR8-odCwpMg\">http:\/\/lattes.cnpq.br\/<wbr \/>2809033178735716<\/a><\/span><\/strong><\/p>\n<p>&nbsp;<\/p>\n<p>&nbsp;<\/p>\n<hr \/>\n<p><span style=\"color: #800000;\"><a href=\"https:\/\/nyemba.unilab.edu.br\/wp-content\/uploads\/2017\/06\/21942403_1549236885142350_824414564_n.jpg\" rel=\"attachment wp-att-1021\"><img loading=\"lazy\" decoding=\"async\" class=\"alignleft wp-image-1021 size-thumbnail\" src=\"https:\/\/nyemba.unilab.edu.br\/wp-content\/uploads\/2017\/06\/21942403_1549236885142350_824414564_n-150x150.jpg\" alt=\"\" width=\"150\" height=\"150\" \/><\/a><\/span><span style=\"color: #800000;\"><strong>Dairine de Carvalho <\/strong><\/span><\/p>\n<p>Mam\u00e3 de Davi. Pa\u00eds de origem Cabo Verde fica situada na costa ocidental da \u00c1frica. Estudante do segundo semestre de Bacharelado Interdisciplinar em Humanidades e futura pedagoga.<\/p>\n<p>&nbsp;<\/p>\n<p>&nbsp;<\/p>\n<p>&nbsp;<\/p>\n<hr \/>\n<p><strong><a href=\"https:\/\/nyemba.unilab.edu.br\/wp-content\/uploads\/2017\/06\/helo.jpg\"><img loading=\"lazy\" decoding=\"async\" class=\"alignleft wp-image-869 size-thumbnail\" src=\"https:\/\/nyemba.unilab.edu.br\/wp-content\/uploads\/2017\/06\/helo-150x150.jpg\" alt=\"\" width=\"150\" height=\"150\" srcset=\"https:\/\/nyemba.unilab.edu.br\/wp-content\/uploads\/2017\/06\/helo-150x150.jpg 150w, https:\/\/nyemba.unilab.edu.br\/wp-content\/uploads\/2017\/06\/helo-300x300.jpg 300w, https:\/\/nyemba.unilab.edu.br\/wp-content\/uploads\/2017\/06\/helo.jpg 640w\" sizes=\"auto, (max-width: 150px) 100vw, 150px\" \/><\/a><span style=\"color: #800000;\">Helo\u00edsa Lima<\/span><\/strong><\/p>\n<p>26 anos, de Salvador, mora em S\u00e3o Francisco do Conde, estudante do 1\u00ba semestre do Bacharelado em Humanidades na Universidade da Integra\u00e7\u00e3o Internacional da Lusofonia Afro-Brasileira &#8211; UNILAB. Militante do movimento negro.<\/p>\n<p>&nbsp;<\/p>\n<p>&nbsp;<\/p>\n<p>&nbsp;<\/p>\n<hr \/>\n<div dir=\"auto\"><strong><span style=\"color: #800000;\"><img loading=\"lazy\" decoding=\"async\" class=\"alignleft wp-image-2042 size-thumbnail\" src=\"https:\/\/nyemba.unilab.edu.br\/wp-content\/uploads\/2018\/03\/IMG_20180322_161415_209-150x150.jpg\" alt=\"\" width=\"150\" height=\"150\" srcset=\"https:\/\/nyemba.unilab.edu.br\/wp-content\/uploads\/2018\/03\/IMG_20180322_161415_209-150x150.jpg 150w, https:\/\/nyemba.unilab.edu.br\/wp-content\/uploads\/2018\/03\/IMG_20180322_161415_209-300x300.jpg 300w, https:\/\/nyemba.unilab.edu.br\/wp-content\/uploads\/2018\/03\/IMG_20180322_161415_209-768x768.jpg 768w, https:\/\/nyemba.unilab.edu.br\/wp-content\/uploads\/2018\/03\/IMG_20180322_161415_209.jpg 780w\" sizes=\"auto, (max-width: 150px) 100vw, 150px\" \/>Illana Ribeiro Bomfim<\/span><\/strong><\/div>\n<div dir=\"auto\">Aluna do Bacharelado Interdisciplinar em Humanidades da Universidade da Integra\u00e7\u00e3o Internacional da Lusofonia Afro-brasileira &#8211; UNILAB<\/div>\n<div dir=\"auto\">Bolsista volunt\u00e1ria do projeto de extens\u00e3o Revitaliza\u00e7\u00e3o, Mem\u00f3ria e Tradi\u00e7\u00e3o&#8230;um dos projetos do grupo de pesquisa Nyemba&#8230;<\/div>\n<div dir=\"auto\"><\/div>\n<div dir=\"auto\"><span style=\"color: #808080;\"><strong>Curr\u00edculo Lattes:\u00a0\u00a0<a style=\"color: #808080;\" href=\"http:\/\/lattes.cnpq.br\/8386186109483722\" target=\"_blank\" rel=\"noopener\" data-saferedirecturl=\"https:\/\/www.google.com\/url?hl=pt-BR&amp;q=http:\/\/lattes.cnpq.br\/8386186109483722&amp;source=gmail&amp;ust=1522169786782000&amp;usg=AFQjCNHg_IYAdSmNPdHQGSeY-rXSaUsXzQ\">http:\/\/lattes.cnpq.br\/<wbr \/>8386186109483722<\/a><\/strong><\/span><\/div>\n<p>&nbsp;<\/p>\n<p>&nbsp;<\/p>\n<hr \/>\n<p><strong><a href=\"https:\/\/nyemba.unilab.edu.br\/wp-content\/uploads\/2017\/06\/Lala.jpg\"><img loading=\"lazy\" decoding=\"async\" class=\"alignleft wp-image-870 size-thumbnail\" src=\"https:\/\/nyemba.unilab.edu.br\/wp-content\/uploads\/2017\/06\/Lala-150x150.jpg\" alt=\"\" width=\"150\" height=\"150\" \/><\/a><span style=\"color: #800000;\">La\u00edssa Sobral<\/span><\/strong><\/p>\n<p>Laissa Sobral. Catadora de materiais recicl\u00e1veis; aprendiz Gri\u00f4t e brincante.<\/p>\n<p>&nbsp;<\/p>\n<p>&nbsp;<\/p>\n<p>&nbsp;<\/p>\n<p>&nbsp;<\/p>\n<hr \/>\n<p>&nbsp;<\/p>\n","protected":false},"excerpt":{"rendered":"<p>Conhe\u00e7a a trajet\u00f3ria d@s monitor@s do projeto de extens\u00e3o Biblioteca N\u00e1utica na Ba\u00eda de Todos os Santos\u00a0 [Espa\u00e7o Gri\u00f4t na Ba\u00eda de Todos os Santos.] Elas\/Eles\u00a0participaram das atividades pedag\u00f3gica-culturais nos dois munic\u00edpios visitados em 2017. &nbsp; Aldine Valente Bathillon Sou da Guin\u00e9 -Bissau. Sou bacharel em humanidades, licencianda em Ciemcias Sociais e pos-graduanda (lato-senso) em [&hellip;]<\/p>\n","protected":false},"author":2,"featured_media":0,"parent":82,"menu_order":0,"comment_status":"closed","ping_status":"closed","template":"","meta":{"footnotes":""},"class_list":["post-843","page","type-page","status-publish","hentry"],"_links":{"self":[{"href":"https:\/\/nyemba.unilab.edu.br\/index.php\/wp-json\/wp\/v2\/pages\/843","targetHints":{"allow":["GET"]}}],"collection":[{"href":"https:\/\/nyemba.unilab.edu.br\/index.php\/wp-json\/wp\/v2\/pages"}],"about":[{"href":"https:\/\/nyemba.unilab.edu.br\/index.php\/wp-json\/wp\/v2\/types\/page"}],"author":[{"embeddable":true,"href":"https:\/\/nyemba.unilab.edu.br\/index.php\/wp-json\/wp\/v2\/users\/2"}],"replies":[{"embeddable":true,"href":"https:\/\/nyemba.unilab.edu.br\/index.php\/wp-json\/wp\/v2\/comments?post=843"}],"version-history":[{"count":18,"href":"https:\/\/nyemba.unilab.edu.br\/index.php\/wp-json\/wp\/v2\/pages\/843\/revisions"}],"predecessor-version":[{"id":2127,"href":"https:\/\/nyemba.unilab.edu.br\/index.php\/wp-json\/wp\/v2\/pages\/843\/revisions\/2127"}],"up":[{"embeddable":true,"href":"https:\/\/nyemba.unilab.edu.br\/index.php\/wp-json\/wp\/v2\/pages\/82"}],"wp:attachment":[{"href":"https:\/\/nyemba.unilab.edu.br\/index.php\/wp-json\/wp\/v2\/media?parent=843"}],"curies":[{"name":"wp","href":"https:\/\/api.w.org\/{rel}","templated":true}]}}